{"id":21375,"date":"2020-12-20T13:26:24","date_gmt":"2020-12-20T19:26:24","guid":{"rendered":"https:\/\/defabrica.com.mx\/defabrica\/?post_type=product&#038;p=21375"},"modified":"2023-01-28T12:46:08","modified_gmt":"2023-01-28T18:46:08","slug":"samsung-32-pulgadas-4k-smart-tv","status":"publish","type":"product","link":"https:\/\/defabrica.com.mx\/defabrica\/producto\/samsung-32-pulgadas-4k-smart-tv\/","title":{"rendered":"Samsung &#8211; Smart TV QLED 4K UHD 32 pulgadas"},"content":{"rendered":"<p>Ad\u00e9ntrese en un mundo de color completamente nuevo.\u00a0La tecnolog\u00eda Quantum Dot le permite experimentar im\u00e1genes llenas de una deslumbrante gama de m\u00e1s de mil millones de colores, cada uno mejorado a una claridad incre\u00edble de una manera nueva y revolucionaria gracias a nuestro procesador UHD inteligente.\u00a0Mejore su experiencia de entretenimiento en el hogar con Samsung Soundbar.\u00a0Escuche al instante di\u00e1logos m\u00e1s claros y graves m\u00e1s profundos.\u00a0Adem\u00e1s, transmita m\u00fasica simplemente conectando sus dispositivos inteligentes a trav\u00e9s de Bluetooth.<\/p>\n","protected":false},"excerpt":{"rendered":"<p>Ad\u00e9ntrese en un mundo de color completamente nuevo.\u00a0La tecnolog\u00eda Quantum Dot le permite experimentar im\u00e1genes llenas de una deslumbrante gama de m\u00e1s de mil millones de colores, cada uno mejorado<\/p>\n","protected":false},"featured_media":21380,"comment_status":"open","ping_status":"closed","template":"","meta":{"_acf_changed":false,"_joinchat":[]},"product_brand":[],"product_cat":[336,937],"product_tag":[],"class_list":{"0":"post-21375","1":"product","2":"type-product","3":"status-publish","4":"has-post-thumbnail","6":"product_cat-hogar","7":"product_cat-pantallas","9":"first","10":"instock","11":"sale","12":"shipping-taxable","13":"purchasable","14":"product-type-simple"},"acf":[],"_links":{"self":[{"href":"https:\/\/defabrica.com.mx\/defabrica\/wp-json\/wp\/v2\/product\/21375","targetHints":{"allow":["GET"]}}],"collection":[{"href":"https:\/\/defabrica.com.mx\/defabrica\/wp-json\/wp\/v2\/product"}],"about":[{"href":"https:\/\/defabrica.com.mx\/defabrica\/wp-json\/wp\/v2\/types\/product"}],"replies":[{"embeddable":true,"href":"https:\/\/defabrica.com.mx\/defabrica\/wp-json\/wp\/v2\/comments?post=21375"}],"wp:featuredmedia":[{"embeddable":true,"href":"https:\/\/defabrica.com.mx\/defabrica\/wp-json\/wp\/v2\/media\/21380"}],"wp:attachment":[{"href":"https:\/\/defabrica.com.mx\/defabrica\/wp-json\/wp\/v2\/media?parent=21375"}],"wp:term":[{"taxonomy":"product_brand","embeddable":true,"href":"https:\/\/defabrica.com.mx\/defabrica\/wp-json\/wp\/v2\/product_brand?post=21375"},{"taxonomy":"product_cat","embeddable":true,"href":"https:\/\/defabrica.com.mx\/defabrica\/wp-json\/wp\/v2\/product_cat?post=21375"},{"taxonomy":"product_tag","embeddable":true,"href":"https:\/\/defabrica.com.mx\/defabrica\/wp-json\/wp\/v2\/product_tag?post=21375"}],"curies":[{"name":"wp","href":"https:\/\/api.w.org\/{rel}","templated":true}]}}