{"id":21306,"date":"2020-12-20T00:58:22","date_gmt":"2020-12-20T06:58:22","guid":{"rendered":"https:\/\/defabrica.com.mx\/defabrica\/?post_type=product&#038;p=21306"},"modified":"2022-07-18T12:58:28","modified_gmt":"2022-07-18T17:58:28","slug":"posavasos-de-playstation","status":"publish","type":"product","link":"https:\/\/defabrica.com.mx\/defabrica\/producto\/posavasos-de-playstation\/","title":{"rendered":"Posavasos de Playstation &#8211; Posavasos de metal"},"content":{"rendered":"<ul class=\"a-unordered-list a-vertical a-spacing-mini\">\n<li><span class=\"a-list-item\">Protege tus mesas: el acompa\u00f1amiento perfecto para tus bebidas. Protege tus mesas, escritorio, bar y otras superficies con la ayuda de estos brillantes posavasos de metal de PlayStation<\/span><\/li>\n<li><span class=\"a-list-item\">Beber diversi\u00f3n: una gran manera de divertirse, entretenerse y romper el hielo en fiestas, este juego de posavasos es una gran manera de empezar una conversaci\u00f3n sobre tus juegos favoritos de PlayStation<\/span><\/li>\n<li><span class=\"a-list-item\">Dise\u00f1o genial: impresiona a tus amigos y jugadores con este juego de posavasos de metal con parte trasera de corcho que cuenta con un dise\u00f1o en relieve de botones ic\u00f3nicos de control de PlayStation<\/span><\/li>\n<li><span class=\"a-list-item\">Protecci\u00f3n: protege mesas, escritorios, barras y otras superficies de las manchas, ara\u00f1azos y anillos de caf\u00e9 que vienen de vasos, tazas y tazas con posavasos. Utiliza este juego para bebidas fr\u00edas y calientes<\/span><\/li>\n<\/ul>\n","protected":false},"excerpt":{"rendered":"<p>Protege tus mesas: el acompa\u00f1amiento perfecto para tus bebidas. Protege tus mesas, escritorio, bar y otras superficies con la ayuda de estos brillantes posavasos de metal de PlayStation Beber diversi\u00f3n:<\/p>\n","protected":false},"featured_media":21308,"comment_status":"open","ping_status":"closed","template":"","meta":{"_acf_changed":false,"_joinchat":[]},"product_brand":[],"product_cat":[336,956],"product_tag":[],"class_list":{"0":"post-21306","1":"product","2":"type-product","3":"status-publish","4":"has-post-thumbnail","6":"product_cat-hogar","7":"product_cat-bar-y-vino","9":"first","10":"instock","11":"sale","12":"shipping-taxable","13":"purchasable","14":"product-type-simple"},"acf":[],"_links":{"self":[{"href":"https:\/\/defabrica.com.mx\/defabrica\/wp-json\/wp\/v2\/product\/21306","targetHints":{"allow":["GET"]}}],"collection":[{"href":"https:\/\/defabrica.com.mx\/defabrica\/wp-json\/wp\/v2\/product"}],"about":[{"href":"https:\/\/defabrica.com.mx\/defabrica\/wp-json\/wp\/v2\/types\/product"}],"replies":[{"embeddable":true,"href":"https:\/\/defabrica.com.mx\/defabrica\/wp-json\/wp\/v2\/comments?post=21306"}],"wp:featuredmedia":[{"embeddable":true,"href":"https:\/\/defabrica.com.mx\/defabrica\/wp-json\/wp\/v2\/media\/21308"}],"wp:attachment":[{"href":"https:\/\/defabrica.com.mx\/defabrica\/wp-json\/wp\/v2\/media?parent=21306"}],"wp:term":[{"taxonomy":"product_brand","embeddable":true,"href":"https:\/\/defabrica.com.mx\/defabrica\/wp-json\/wp\/v2\/product_brand?post=21306"},{"taxonomy":"product_cat","embeddable":true,"href":"https:\/\/defabrica.com.mx\/defabrica\/wp-json\/wp\/v2\/product_cat?post=21306"},{"taxonomy":"product_tag","embeddable":true,"href":"https:\/\/defabrica.com.mx\/defabrica\/wp-json\/wp\/v2\/product_tag?post=21306"}],"curies":[{"name":"wp","href":"https:\/\/api.w.org\/{rel}","templated":true}]}}