{"id":21269,"date":"2020-12-19T23:50:50","date_gmt":"2020-12-20T05:50:50","guid":{"rendered":"https:\/\/defabrica.com.mx\/defabrica\/?post_type=product&#038;p=21269"},"modified":"2023-01-21T12:22:45","modified_gmt":"2023-01-21T18:22:45","slug":"vertedor-de-vino","status":"publish","type":"product","link":"https:\/\/defabrica.com.mx\/defabrica\/producto\/vertedor-de-vino\/","title":{"rendered":"Vertedor aireador de vino Vintorio &#8211; Vertedor aireador premium y pico decantador"},"content":{"rendered":"<ul class=\"a-unordered-list a-vertical a-spacing-mini\">\n<li><span class=\"a-list-item\">Airee su vino a la perfecci\u00f3n al instante: el vertedor aireador de vino Vintorio tiene una c\u00e1mara de aireaci\u00f3n grande y un sistema de entrada de aire que utiliza el efecto Bernoulli para infundir su vino con la cantidad \u00d3PTIMA de ox\u00edgeno.\u00a0\u00a1Duplique el valor de su botella simplemente sirvi\u00e9ndose un vaso!<\/span><\/li>\n<li><span class=\"a-list-item\">Mantenga su mantel a salvo de las manchas de vino: el tap\u00f3n de goma es c\u00f3nico y acanalado para crear un sello sin fugas para botellas de vino de todos los tama\u00f1os y el pico de vertido acr\u00edlico tiene muescas y est\u00e1 inclinado ergon\u00f3micamente para un vertido f\u00e1cil sin goteo.\u00a0El aireador se puede desmontar y poner bajo el agua para una limpieza sin esfuerzo.<\/span><\/li>\n<li><span class=\"a-list-item\">Elegantemente dise\u00f1ado y fabricado con materiales de calidad: el vertedor de aireaci\u00f3n Vintorio est\u00e1 fabricado con materiales de alta calidad.\u00a0Su elegante dise\u00f1o agregar\u00e1 un nivel de refinamiento a su experiencia de beber vino y es el regalo perfecto para los amantes del vino.<\/span><\/li>\n<\/ul>\n","protected":false},"excerpt":{"rendered":"<p>Airee su vino a la perfecci\u00f3n al instante: el vertedor aireador de vino Vintorio tiene una c\u00e1mara de aireaci\u00f3n grande y un sistema de entrada de aire que utiliza el<\/p>\n","protected":false},"featured_media":21275,"comment_status":"open","ping_status":"closed","template":"","meta":{"_acf_changed":false,"_joinchat":[]},"product_brand":[],"product_cat":[15],"product_tag":[],"class_list":{"0":"post-21269","1":"product","2":"type-product","3":"status-publish","4":"has-post-thumbnail","6":"product_cat-sin-categoria","8":"first","9":"instock","10":"sale","11":"shipping-taxable","12":"purchasable","13":"product-type-simple"},"acf":[],"_links":{"self":[{"href":"https:\/\/defabrica.com.mx\/defabrica\/wp-json\/wp\/v2\/product\/21269","targetHints":{"allow":["GET"]}}],"collection":[{"href":"https:\/\/defabrica.com.mx\/defabrica\/wp-json\/wp\/v2\/product"}],"about":[{"href":"https:\/\/defabrica.com.mx\/defabrica\/wp-json\/wp\/v2\/types\/product"}],"replies":[{"embeddable":true,"href":"https:\/\/defabrica.com.mx\/defabrica\/wp-json\/wp\/v2\/comments?post=21269"}],"wp:featuredmedia":[{"embeddable":true,"href":"https:\/\/defabrica.com.mx\/defabrica\/wp-json\/wp\/v2\/media\/21275"}],"wp:attachment":[{"href":"https:\/\/defabrica.com.mx\/defabrica\/wp-json\/wp\/v2\/media?parent=21269"}],"wp:term":[{"taxonomy":"product_brand","embeddable":true,"href":"https:\/\/defabrica.com.mx\/defabrica\/wp-json\/wp\/v2\/product_brand?post=21269"},{"taxonomy":"product_cat","embeddable":true,"href":"https:\/\/defabrica.com.mx\/defabrica\/wp-json\/wp\/v2\/product_cat?post=21269"},{"taxonomy":"product_tag","embeddable":true,"href":"https:\/\/defabrica.com.mx\/defabrica\/wp-json\/wp\/v2\/product_tag?post=21269"}],"curies":[{"name":"wp","href":"https:\/\/api.w.org\/{rel}","templated":true}]}}