{"id":21254,"date":"2020-12-19T23:35:04","date_gmt":"2020-12-20T05:35:04","guid":{"rendered":"https:\/\/defabrica.com.mx\/defabrica\/?post_type=product&#038;p=21254"},"modified":"2023-01-27T14:38:10","modified_gmt":"2023-01-27T20:38:10","slug":"decantador-de-whisky","status":"publish","type":"product","link":"https:\/\/defabrica.com.mx\/defabrica\/producto\/decantador-de-whisky\/","title":{"rendered":"Decantador de whisky para bar en casa &#8211; Juego de aireador decantador de vidrio para vino y whisky con vasos de whisky"},"content":{"rendered":"<p>CAPACIDAD DE 750ML: La jarra de whisky para el hogar NutriChef airea naturalmente cualquier licor para obtener un sabor y aroma completos. Separa los sedimentos de forma eficaz antes de verterlos. Se usa para servir agua, jugo, refrescos, t\u00e9 helado y otras bebidas. Tiene una capacidad de 750 ml (25 oz)<\/p>\n<p>&nbsp;<\/p>\n<ul>\n<li>Set de decantador de vino y licor<\/li>\n<li>Estilo decantador de vidrio transparente cl\u00e1sico<\/li>\n<li>Airea naturalmente para un sabor y aroma completos<\/li>\n<li>La oxidaci\u00f3n conserva y mejora el sabor de la bebida<\/li>\n<li>Separa los sedimentos de forma eficaz antes de verterlos<\/li>\n<li>Elegante decoraci\u00f3n de acento de mesa y barra para el hogar<\/li>\n<li>Dise\u00f1o de barril de vidrio liso atractivo y elegante<\/li>\n<li>Barco antiguo bellamente detallado que a\u00f1ade una sensaci\u00f3n \u00fanica<\/li>\n<\/ul>\n","protected":false},"excerpt":{"rendered":"<p>CAPACIDAD DE 750ML: La jarra de whisky para el hogar NutriChef airea naturalmente cualquier licor para obtener un sabor y aroma completos. Separa los sedimentos de forma eficaz antes de<\/p>\n","protected":false},"featured_media":21256,"comment_status":"open","ping_status":"closed","template":"","meta":{"_acf_changed":false,"_joinchat":[]},"product_brand":[],"product_cat":[336,956],"product_tag":[],"class_list":{"0":"post-21254","1":"product","2":"type-product","3":"status-publish","4":"has-post-thumbnail","6":"product_cat-hogar","7":"product_cat-bar-y-vino","9":"first","10":"instock","11":"sale","12":"shipping-taxable","13":"purchasable","14":"product-type-simple"},"acf":[],"_links":{"self":[{"href":"https:\/\/defabrica.com.mx\/defabrica\/wp-json\/wp\/v2\/product\/21254","targetHints":{"allow":["GET"]}}],"collection":[{"href":"https:\/\/defabrica.com.mx\/defabrica\/wp-json\/wp\/v2\/product"}],"about":[{"href":"https:\/\/defabrica.com.mx\/defabrica\/wp-json\/wp\/v2\/types\/product"}],"replies":[{"embeddable":true,"href":"https:\/\/defabrica.com.mx\/defabrica\/wp-json\/wp\/v2\/comments?post=21254"}],"wp:featuredmedia":[{"embeddable":true,"href":"https:\/\/defabrica.com.mx\/defabrica\/wp-json\/wp\/v2\/media\/21256"}],"wp:attachment":[{"href":"https:\/\/defabrica.com.mx\/defabrica\/wp-json\/wp\/v2\/media?parent=21254"}],"wp:term":[{"taxonomy":"product_brand","embeddable":true,"href":"https:\/\/defabrica.com.mx\/defabrica\/wp-json\/wp\/v2\/product_brand?post=21254"},{"taxonomy":"product_cat","embeddable":true,"href":"https:\/\/defabrica.com.mx\/defabrica\/wp-json\/wp\/v2\/product_cat?post=21254"},{"taxonomy":"product_tag","embeddable":true,"href":"https:\/\/defabrica.com.mx\/defabrica\/wp-json\/wp\/v2\/product_tag?post=21254"}],"curies":[{"name":"wp","href":"https:\/\/api.w.org\/{rel}","templated":true}]}}