{"id":21214,"date":"2020-12-19T22:40:16","date_gmt":"2020-12-20T04:40:16","guid":{"rendered":"https:\/\/defabrica.com.mx\/defabrica\/?post_type=product&#038;p=21214"},"modified":"2023-01-27T15:15:35","modified_gmt":"2023-01-27T21:15:35","slug":"horno-tostador-de-conveccion-para-encimera","status":"publish","type":"product","link":"https:\/\/defabrica.com.mx\/defabrica\/producto\/horno-tostador-de-conveccion-para-encimera\/","title":{"rendered":"Horno tostador de convecci\u00f3n para encimera"},"content":{"rendered":"<p>Cocine los alimentos de forma m\u00e1s r\u00e1pida y uniforme con el horno tostador de convecci\u00f3n Oster.\u00a0Este horno tostador cuenta con tecnolog\u00eda de calor por convecci\u00f3n turbo para acelerar el tiempo de cocci\u00f3n y dorar los alimentos de manera m\u00e1s uniforme.\u00a0Los controles de dial independientes le permiten controlar de forma independiente la temperatura, las funciones de cocci\u00f3n y la configuraci\u00f3n del temporizador, para que pueda elegir la configuraci\u00f3n \u00f3ptima para su comida.\u00a0El interior es lo suficientemente espacioso para adaptarse a una pizza de tama\u00f1o familiar, y tres configuraciones de parrilla de horno ajustables se adaptan a una variedad de art\u00edculos grandes.\u00a0La rejilla para asar y la bandeja para hornear incluidas le brindan la versatilidad para preparar una amplia variedad de comidas y refrigerios, y la bandeja para migas extra\u00edble ofrece una f\u00e1cil limpieza para el uso diario.\u00a0El elegante horno tostador de acero inoxidable combina sin esfuerzo con cualquier decoraci\u00f3n de la cocina, lo que hace que este horno tostador sea una gran idea como regalo de boda o inauguraci\u00f3n de una casa.<\/p>\n<ul>\n<li>Horno de convecci\u00f3n para una cocci\u00f3n r\u00e1pida y uniforme.<\/li>\n<li>Controles de dial independientes para temperatura, funciones de cocci\u00f3n y ajustes del temporizador.<\/li>\n<li>El horno tostador grande puede adaptarse a una pizza de tama\u00f1o familiar.<\/li>\n<li>3 configuraciones de parrilla de horno ajustables.<\/li>\n<li>La rejilla para asar y la bandeja para hornear incluidas ofrecen versatilidad de cocci\u00f3n.<\/li>\n<li>Bandeja para migas extra\u00edble para una f\u00e1cil limpieza.<\/li>\n<li>Dimensiones: 16.65 \u00abLargo x 14.29\u00bb Ancho x 9.80 \u00abAlto; Peso: 10.36 lbs.<\/li>\n<\/ul>\n","protected":false},"excerpt":{"rendered":"<p>Cocine los alimentos de forma m\u00e1s r\u00e1pida y uniforme con el horno tostador de convecci\u00f3n Oster.\u00a0Este horno tostador cuenta con tecnolog\u00eda de calor por convecci\u00f3n turbo para acelerar el tiempo<\/p>\n","protected":false},"featured_media":21216,"comment_status":"open","ping_status":"closed","template":"","meta":{"_acf_changed":false,"_joinchat":[]},"product_brand":[],"product_cat":[336,338,954],"product_tag":[],"class_list":{"0":"post-21214","1":"product","2":"type-product","3":"status-publish","4":"has-post-thumbnail","6":"product_cat-hogar","7":"product_cat-electrodomesticos","8":"product_cat-horno","10":"first","11":"instock","12":"sale","13":"shipping-taxable","14":"purchasable","15":"product-type-simple"},"acf":[],"_links":{"self":[{"href":"https:\/\/defabrica.com.mx\/defabrica\/wp-json\/wp\/v2\/product\/21214","targetHints":{"allow":["GET"]}}],"collection":[{"href":"https:\/\/defabrica.com.mx\/defabrica\/wp-json\/wp\/v2\/product"}],"about":[{"href":"https:\/\/defabrica.com.mx\/defabrica\/wp-json\/wp\/v2\/types\/product"}],"replies":[{"embeddable":true,"href":"https:\/\/defabrica.com.mx\/defabrica\/wp-json\/wp\/v2\/comments?post=21214"}],"wp:featuredmedia":[{"embeddable":true,"href":"https:\/\/defabrica.com.mx\/defabrica\/wp-json\/wp\/v2\/media\/21216"}],"wp:attachment":[{"href":"https:\/\/defabrica.com.mx\/defabrica\/wp-json\/wp\/v2\/media?parent=21214"}],"wp:term":[{"taxonomy":"product_brand","embeddable":true,"href":"https:\/\/defabrica.com.mx\/defabrica\/wp-json\/wp\/v2\/product_brand?post=21214"},{"taxonomy":"product_cat","embeddable":true,"href":"https:\/\/defabrica.com.mx\/defabrica\/wp-json\/wp\/v2\/product_cat?post=21214"},{"taxonomy":"product_tag","embeddable":true,"href":"https:\/\/defabrica.com.mx\/defabrica\/wp-json\/wp\/v2\/product_tag?post=21214"}],"curies":[{"name":"wp","href":"https:\/\/api.w.org\/{rel}","templated":true}]}}