{"id":21169,"date":"2020-12-19T21:22:10","date_gmt":"2020-12-20T03:22:10","guid":{"rendered":"https:\/\/defabrica.com.mx\/defabrica\/?post_type=product&#038;p=21169"},"modified":"2023-01-28T11:09:07","modified_gmt":"2023-01-28T17:09:07","slug":"samsung-50-pulgadas-4k-smart-tv-led","status":"publish","type":"product","link":"https:\/\/defabrica.com.mx\/defabrica\/producto\/samsung-50-pulgadas-4k-smart-tv-led\/","title":{"rendered":"Samsung &#8211; Smart TV LED 4K UHD 50 Pulgadas"},"content":{"rendered":"<p>Este televisor inteligente desbloquea detalles ocultos a cuatro veces la calidad de Full HD.\u00a0Adem\u00e1s, Universal Guide te ayuda a encontrar exactamente lo que quieres ver, de forma r\u00e1pida y sencilla.\u00a0Mejore su experiencia de entretenimiento en el hogar con Samsung Soundbar.\u00a0Escuche al instante di\u00e1logos m\u00e1s claros y graves m\u00e1s profundos.\u00a0Adem\u00e1s, transmita m\u00fasica simplemente conectando sus dispositivos inteligentes a trav\u00e9s de Bluetooth.<\/p>\n","protected":false},"excerpt":{"rendered":"<p>Este televisor inteligente desbloquea detalles ocultos a cuatro veces la calidad de Full HD.\u00a0Adem\u00e1s, Universal Guide te ayuda a encontrar exactamente lo que quieres ver, de forma r\u00e1pida y sencilla.\u00a0Mejore<\/p>\n","protected":false},"featured_media":21175,"comment_status":"open","ping_status":"closed","template":"","meta":{"_acf_changed":false,"_joinchat":[]},"product_brand":[],"product_cat":[336,937],"product_tag":[],"class_list":{"0":"post-21169","1":"product","2":"type-product","3":"status-publish","4":"has-post-thumbnail","6":"product_cat-hogar","7":"product_cat-pantallas","9":"first","10":"instock","11":"sale","12":"shipping-taxable","13":"purchasable","14":"product-type-simple"},"acf":[],"_links":{"self":[{"href":"https:\/\/defabrica.com.mx\/defabrica\/wp-json\/wp\/v2\/product\/21169","targetHints":{"allow":["GET"]}}],"collection":[{"href":"https:\/\/defabrica.com.mx\/defabrica\/wp-json\/wp\/v2\/product"}],"about":[{"href":"https:\/\/defabrica.com.mx\/defabrica\/wp-json\/wp\/v2\/types\/product"}],"replies":[{"embeddable":true,"href":"https:\/\/defabrica.com.mx\/defabrica\/wp-json\/wp\/v2\/comments?post=21169"}],"wp:featuredmedia":[{"embeddable":true,"href":"https:\/\/defabrica.com.mx\/defabrica\/wp-json\/wp\/v2\/media\/21175"}],"wp:attachment":[{"href":"https:\/\/defabrica.com.mx\/defabrica\/wp-json\/wp\/v2\/media?parent=21169"}],"wp:term":[{"taxonomy":"product_brand","embeddable":true,"href":"https:\/\/defabrica.com.mx\/defabrica\/wp-json\/wp\/v2\/product_brand?post=21169"},{"taxonomy":"product_cat","embeddable":true,"href":"https:\/\/defabrica.com.mx\/defabrica\/wp-json\/wp\/v2\/product_cat?post=21169"},{"taxonomy":"product_tag","embeddable":true,"href":"https:\/\/defabrica.com.mx\/defabrica\/wp-json\/wp\/v2\/product_tag?post=21169"}],"curies":[{"name":"wp","href":"https:\/\/api.w.org\/{rel}","templated":true}]}}