{"id":21059,"date":"2020-12-19T02:35:28","date_gmt":"2020-12-19T08:35:28","guid":{"rendered":"https:\/\/defabrica.com.mx\/defabrica\/?post_type=product&#038;p=21059"},"modified":"2022-07-05T13:52:00","modified_gmt":"2022-07-05T18:52:00","slug":"hot-wheels-sky-crash-tower-track-set-25-pies-83-cm-de-alto-refuerzo-motorizado-y-1-coche","status":"publish","type":"product","link":"https:\/\/defabrica.com.mx\/defabrica\/producto\/hot-wheels-sky-crash-tower-track-set-25-pies-83-cm-de-alto-refuerzo-motorizado-y-1-coche\/","title":{"rendered":"Hot Wheels Sky Crash Tower Track Set, 2,5+ pies \/ 83 cm de alto, refuerzo motorizado y 1 coche"},"content":{"rendered":"<p>La Hot Wheels Sky Crash Tower est\u00e1 dise\u00f1ada para la m\u00e1xima acci\u00f3n de carreras y choques motorizados con una huella enorme y s\u00faper fresca de m\u00e1s de 2,5 pies (36,7 pulgadas \/ 83 cm) de altura.\u00a0\u00a1Los ni\u00f1os pueden impulsar sus veh\u00edculos hacia arriba y hacia el cielo para un salto s\u00faper genial y los choques en el aire m\u00e1s \u00e9picos de la historia!\u00a0La torre ofrece estacionamiento para m\u00e1s de 20 autos, y una pista naranja que da vueltas varias veces brinda una acci\u00f3n incre\u00edble para el retraso del crecimiento con un refuerzo motorizado para aprovechar la competencia y mejorar las habilidades para el retraso del crecimiento y las carreras.\u00a0\u00a1Los ni\u00f1os pueden competir con varios autos al mismo tiempo, agregando m\u00e1s y m\u00e1s autos para crear sus choques m\u00e1s \u00e9picos!\u00a0El juego Sky Crash Tower se pliega para un f\u00e1cil almacenamiento e incluye un veh\u00edculo Hot Wheels.<\/p>\n<h3>Caracter\u00edsticas.<\/h3>\n<ul>\n<li>Rango de edad: 5 a 10 a\u00f1os<\/li>\n<li>\u00a1Con Hot Wheels Sky Crash Tower, los ni\u00f1os pueden correr con varios autos al mismo tiempo y agregar m\u00e1s y m\u00e1s veh\u00edculos para choques alt\u00edsimos!<\/li>\n<li>El juego de pistas est\u00e1 dise\u00f1ado para la acci\u00f3n de choques y carreras definitiva con una torre para almacenar m\u00e1s de 20 autos que se eleva 32 pulgadas \/ 83 cm de alto.<\/li>\n<li>\u00a1Impulsa los autos hacia el cielo para realizar saltos escandalosos que perfeccionan tus habilidades con pistas anaranjadas en bucle y acrobacias \u00e9picas en el aire!<\/li>\n<li>La Sky Crash Tower tiene un amplificador motorizado para una acci\u00f3n incre\u00edble, mide m\u00e1s de 2.5 pies de alto y se pliega f\u00e1cilmente para llevarla en movimiento (instrucciones incluidas)<\/li>\n<li>Viene con un veh\u00edculo Hot Wheels. Gran idea de regalo para ni\u00f1os de 5 a 10 a\u00f1os en adelante.<\/li>\n<\/ul>\n","protected":false},"excerpt":{"rendered":"<p>La Hot Wheels Sky Crash Tower est\u00e1 dise\u00f1ada para la m\u00e1xima acci\u00f3n de carreras y choques motorizados con una huella enorme y s\u00faper fresca de m\u00e1s de 2,5 pies (36,7<\/p>\n","protected":false},"featured_media":21068,"comment_status":"open","ping_status":"closed","template":"","meta":{"_acf_changed":false,"_joinchat":[]},"product_brand":[],"product_cat":[886,1097,1195],"product_tag":[],"class_list":{"0":"post-21059","1":"product","2":"type-product","3":"status-publish","4":"has-post-thumbnail","6":"product_cat-juguetesycoleccionables","7":"product_cat-juguetes","8":"product_cat-carritos-y-pistas","10":"first","11":"instock","12":"sale","13":"shipping-taxable","14":"purchasable","15":"product-type-simple"},"acf":[],"_links":{"self":[{"href":"https:\/\/defabrica.com.mx\/defabrica\/wp-json\/wp\/v2\/product\/21059","targetHints":{"allow":["GET"]}}],"collection":[{"href":"https:\/\/defabrica.com.mx\/defabrica\/wp-json\/wp\/v2\/product"}],"about":[{"href":"https:\/\/defabrica.com.mx\/defabrica\/wp-json\/wp\/v2\/types\/product"}],"replies":[{"embeddable":true,"href":"https:\/\/defabrica.com.mx\/defabrica\/wp-json\/wp\/v2\/comments?post=21059"}],"wp:featuredmedia":[{"embeddable":true,"href":"https:\/\/defabrica.com.mx\/defabrica\/wp-json\/wp\/v2\/media\/21068"}],"wp:attachment":[{"href":"https:\/\/defabrica.com.mx\/defabrica\/wp-json\/wp\/v2\/media?parent=21059"}],"wp:term":[{"taxonomy":"product_brand","embeddable":true,"href":"https:\/\/defabrica.com.mx\/defabrica\/wp-json\/wp\/v2\/product_brand?post=21059"},{"taxonomy":"product_cat","embeddable":true,"href":"https:\/\/defabrica.com.mx\/defabrica\/wp-json\/wp\/v2\/product_cat?post=21059"},{"taxonomy":"product_tag","embeddable":true,"href":"https:\/\/defabrica.com.mx\/defabrica\/wp-json\/wp\/v2\/product_tag?post=21059"}],"curies":[{"name":"wp","href":"https:\/\/api.w.org\/{rel}","templated":true}]}}