{"id":21040,"date":"2020-12-18T22:19:40","date_gmt":"2020-12-19T04:19:40","guid":{"rendered":"https:\/\/defabrica.com.mx\/defabrica\/?post_type=product&#038;p=21040"},"modified":"2022-12-02T12:50:38","modified_gmt":"2022-12-02T18:50:38","slug":"bolsa-de-viaje-para-barman","status":"publish","type":"product","link":"https:\/\/defabrica.com.mx\/defabrica\/producto\/bolsa-de-viaje-para-barman\/","title":{"rendered":"Bolsa de Viaje para Barman"},"content":{"rendered":"<ul class=\"a-unordered-list a-vertical a-spacing-mini\">\n<li><span class=\"a-list-item\">Todo lo que necesitas (excepto para el booze): kit de 17 piezas todo incluido de accesorios de barra de estante superior y un elegante rollo de barman de equipaje de mano. Te dar\u00e1 el poder de preparar impresionantes c\u00f3cteles para tus invitados. Tanto si eres un barman aficionado o un gur\u00fa de mezcla de bebidas, ya sea que est\u00e9s configurando un bar en casa o en el trabajo, nuestro juego de mezclador de c\u00f3ctel port\u00e1til es una manera brillante de salir al suelo.<\/span><\/li>\n<\/ul>\n<p>&nbsp;<\/p>\n<ul class=\"a-unordered-list a-vertical a-spacing-mini\">\n<li><span class=\"a-list-item\">Lleva tus herramientas como un jefe. Bolsa de estilo r\u00fastico hecha a mano, cuidadosamente dise\u00f1ada con correas interiores y compartimentos adicionales para mantener tu coctelera Boston y otras herramientas de bar organizadas y accesibles en todo momento. Con 27 bolsillos diferentes y correas fijas, puedes adaptarse a cualquier combinaci\u00f3n de herramientas o incluso llevar tu botella de licor. Lleva tu bolso con estilo y comodidad, ll\u00e9valo por el asa o con la correa de hombro adjunta.<\/span><\/li>\n<\/ul>\n<p>&nbsp;<\/p>\n<ul class=\"a-unordered-list a-vertical a-spacing-mini\">\n<li><span class=\"a-list-item\">Impresionante regalo para los amantes de los c\u00f3cteles: kit de mezcla de primera clase m\u00e1s una elegante bolsa de lona para barra, ambos empaquetados juntos dentro de una elegante caja de regalo. Ya sea un aniversario, boda, Navidad, d\u00eda del padre o cualquier otra ocasi\u00f3n, tu destinatario estar\u00e1 encantado como un ni\u00f1o en una tienda de dulces. El regalo que seguramente apreciar\u00e1n. Adem\u00e1s, para hacer las cosas realmente deliciosas, vamos a lanzar en una bolsa de hielo Lewis para una experiencia helada.<\/span><\/li>\n<\/ul>\n","protected":false},"excerpt":{"rendered":"<p>Todo lo que necesitas (excepto para el booze): kit de 17 piezas todo incluido de accesorios de barra de estante superior y un elegante rollo de barman de equipaje de<\/p>\n","protected":false},"featured_media":21041,"comment_status":"open","ping_status":"closed","template":"","meta":{"_acf_changed":false,"_joinchat":[]},"product_brand":[],"product_cat":[336,956],"product_tag":[],"class_list":{"0":"post-21040","1":"product","2":"type-product","3":"status-publish","4":"has-post-thumbnail","6":"product_cat-hogar","7":"product_cat-bar-y-vino","9":"first","10":"instock","11":"sale","12":"shipping-taxable","13":"purchasable","14":"product-type-simple"},"acf":[],"_links":{"self":[{"href":"https:\/\/defabrica.com.mx\/defabrica\/wp-json\/wp\/v2\/product\/21040","targetHints":{"allow":["GET"]}}],"collection":[{"href":"https:\/\/defabrica.com.mx\/defabrica\/wp-json\/wp\/v2\/product"}],"about":[{"href":"https:\/\/defabrica.com.mx\/defabrica\/wp-json\/wp\/v2\/types\/product"}],"replies":[{"embeddable":true,"href":"https:\/\/defabrica.com.mx\/defabrica\/wp-json\/wp\/v2\/comments?post=21040"}],"wp:featuredmedia":[{"embeddable":true,"href":"https:\/\/defabrica.com.mx\/defabrica\/wp-json\/wp\/v2\/media\/21041"}],"wp:attachment":[{"href":"https:\/\/defabrica.com.mx\/defabrica\/wp-json\/wp\/v2\/media?parent=21040"}],"wp:term":[{"taxonomy":"product_brand","embeddable":true,"href":"https:\/\/defabrica.com.mx\/defabrica\/wp-json\/wp\/v2\/product_brand?post=21040"},{"taxonomy":"product_cat","embeddable":true,"href":"https:\/\/defabrica.com.mx\/defabrica\/wp-json\/wp\/v2\/product_cat?post=21040"},{"taxonomy":"product_tag","embeddable":true,"href":"https:\/\/defabrica.com.mx\/defabrica\/wp-json\/wp\/v2\/product_tag?post=21040"}],"curies":[{"name":"wp","href":"https:\/\/api.w.org\/{rel}","templated":true}]}}