{"id":21008,"date":"2020-12-18T19:35:10","date_gmt":"2020-12-19T01:35:10","guid":{"rendered":"https:\/\/defabrica.com.mx\/defabrica\/?post_type=product&#038;p=21008"},"modified":"2022-12-02T12:49:14","modified_gmt":"2022-12-02T18:49:14","slug":"juego-de-coctelera","status":"publish","type":"product","link":"https:\/\/defabrica.com.mx\/defabrica\/producto\/juego-de-coctelera\/","title":{"rendered":"Juego de coctelera de acero inoxidable con soporte de bamb\u00fa"},"content":{"rendered":"<ul class=\"a-unordered-list a-vertical a-spacing-mini\">\n<li><span class=\"a-list-item\">Accesorios complementarios: este kit de c\u00f3ctel incluye 10 piezas de bar, que satisfacen todas tus necesidades para hacer c\u00f3cteles.<\/span><\/li>\n<li><span class=\"a-list-item\">Acero inoxidable 304: este juego de barman est\u00e1 hecho de acero inoxidable 304, que no se oxida ni corroe.<\/span><\/li>\n<li><span class=\"a-list-item\">Elegante soporte de bamb\u00fa: con una moderna y fant\u00e1stica base de bamb\u00fa, todos los accesorios de barra pueden mantenerse ordenados.<\/span><\/li>\n<li><span class=\"a-list-item\">F\u00e1cil de limpiar: el kit de bar es apto para lavavajillas. Lavar a mano tambi\u00e9n es conveniente. Deja que todos los accesorios se sequen naturalmente despu\u00e9s del lavado.<\/span><\/li>\n<li><span class=\"a-list-item\">Regalo ideal: este juego viene con una bonita caja. Es un regalo ideal para tus amigos y entusiastas de los c\u00f3cteles.<\/span><\/li>\n<\/ul>\n","protected":false},"excerpt":{"rendered":"<p>Accesorios complementarios: este kit de c\u00f3ctel incluye 10 piezas de bar, que satisfacen todas tus necesidades para hacer c\u00f3cteles. Acero inoxidable 304: este juego de barman est\u00e1 hecho de acero<\/p>\n","protected":false},"featured_media":21010,"comment_status":"open","ping_status":"closed","template":"","meta":{"_acf_changed":false,"_joinchat":[]},"product_brand":[],"product_cat":[336,956],"product_tag":[],"class_list":{"0":"post-21008","1":"product","2":"type-product","3":"status-publish","4":"has-post-thumbnail","6":"product_cat-hogar","7":"product_cat-bar-y-vino","9":"first","10":"instock","11":"sale","12":"shipping-taxable","13":"purchasable","14":"product-type-simple"},"acf":[],"_links":{"self":[{"href":"https:\/\/defabrica.com.mx\/defabrica\/wp-json\/wp\/v2\/product\/21008","targetHints":{"allow":["GET"]}}],"collection":[{"href":"https:\/\/defabrica.com.mx\/defabrica\/wp-json\/wp\/v2\/product"}],"about":[{"href":"https:\/\/defabrica.com.mx\/defabrica\/wp-json\/wp\/v2\/types\/product"}],"replies":[{"embeddable":true,"href":"https:\/\/defabrica.com.mx\/defabrica\/wp-json\/wp\/v2\/comments?post=21008"}],"wp:featuredmedia":[{"embeddable":true,"href":"https:\/\/defabrica.com.mx\/defabrica\/wp-json\/wp\/v2\/media\/21010"}],"wp:attachment":[{"href":"https:\/\/defabrica.com.mx\/defabrica\/wp-json\/wp\/v2\/media?parent=21008"}],"wp:term":[{"taxonomy":"product_brand","embeddable":true,"href":"https:\/\/defabrica.com.mx\/defabrica\/wp-json\/wp\/v2\/product_brand?post=21008"},{"taxonomy":"product_cat","embeddable":true,"href":"https:\/\/defabrica.com.mx\/defabrica\/wp-json\/wp\/v2\/product_cat?post=21008"},{"taxonomy":"product_tag","embeddable":true,"href":"https:\/\/defabrica.com.mx\/defabrica\/wp-json\/wp\/v2\/product_tag?post=21008"}],"curies":[{"name":"wp","href":"https:\/\/api.w.org\/{rel}","templated":true}]}}