{"id":21001,"date":"2020-12-18T20:35:09","date_gmt":"2020-12-19T02:35:09","guid":{"rendered":"https:\/\/defabrica.com.mx\/defabrica\/?post_type=product&#038;p=21001"},"modified":"2023-01-26T14:31:03","modified_gmt":"2023-01-26T20:31:03","slug":"costway-12v-con-pilas-para-ninos-excavadora-de-cargador-frontal-amarillo","status":"publish","type":"product","link":"https:\/\/defabrica.com.mx\/defabrica\/producto\/costway-12v-con-pilas-para-ninos-excavadora-de-cargador-frontal-amarillo\/","title":{"rendered":"Costway 12V con pilas para ni\u00f1os excavadora de cargador frontal amarillo"},"content":{"rendered":"<p>Esta es nuestra \u00faltima y fant\u00e1stica y funcional excavadora para ni\u00f1os con pedal para sus adorables hijos.\u00a0Proporciona un estilo realista y un cubo de trabajo real para mucha diversi\u00f3n.\u00a0Este cargador frontal totalmente equipado se mover\u00e1 hacia arriba y hacia abajo, el cuchar\u00f3n hacia adentro y hacia afuera cuando su peque\u00f1o constructor controle las manijas.\u00a0La excavadora podr\u00eda ser adecuada para cavar arena, nieve e incluso juguetes.\u00a0\u00a1No dudes en comprar uno!\u00a0Ayude a desarrollar las habilidades f\u00edsicas de su hijo y a comportarse con confianza.<\/p>\n<h3>Caracter\u00edsticas.<\/h3>\n<ul>\n<li>Cuerpo de resina moldeada por soplado de alto impacto, material no t\u00f3xico y f\u00e1cil de limpiar<\/li>\n<li>Los ni\u00f1os viajan en un juguete glorificado, simulan jugar para imitar la construcci\u00f3n de un adulto<\/li>\n<li>Cargador frontal de trabajo y cuchar\u00f3n excavador basculante, excavaci\u00f3n, elevaci\u00f3n, transporte y descarga<\/li>\n<li>Pedal accionado con una manija f\u00e1cil de operar, conveniente para mover y excavar<\/li>\n<li>Asiento c\u00f3modo y espacioso con cintur\u00f3n de seguridad, que proporciona un entorno de conducci\u00f3n seguro<\/li>\n<li>Una buena capacidad de carga del cuchar\u00f3n excavador, la capacidad de carga m\u00e1xima de 66 libras<\/li>\n<li>Funciones de avance, retroceso, parada y velocidad alta \/ baja para cavar arena, nieve e incluso juguetes<\/li>\n<li>Adecuado para ni\u00f1os de 37 a 96 meses<\/li>\n<\/ul>\n<h3>Qu\u00e9 esta incluido.<\/h3>\n<ul>\n<li>1 x ni\u00f1os viajan en excavadora<\/li>\n<li>1 x cargador<\/li>\n<li>2 x bater\u00eda recargable<\/li>\n<li>2 x motores<\/li>\n<li>1 x instrucci\u00f3n<\/li>\n<\/ul>\n","protected":false},"excerpt":{"rendered":"<p>Esta es nuestra \u00faltima y fant\u00e1stica y funcional excavadora para ni\u00f1os con pedal para sus adorables hijos.\u00a0Proporciona un estilo realista y un cubo de trabajo real para mucha diversi\u00f3n.\u00a0Este cargador<\/p>\n","protected":false},"featured_media":21026,"comment_status":"open","ping_status":"closed","template":"","meta":{"_acf_changed":false,"_joinchat":[]},"product_brand":[],"product_cat":[886,1097,1193],"product_tag":[],"class_list":{"0":"post-21001","1":"product","2":"type-product","3":"status-publish","4":"has-post-thumbnail","6":"product_cat-juguetesycoleccionables","7":"product_cat-juguetes","8":"product_cat-montables-y-control-remoto","10":"first","11":"instock","12":"sale","13":"shipping-taxable","14":"purchasable","15":"product-type-simple"},"acf":[],"_links":{"self":[{"href":"https:\/\/defabrica.com.mx\/defabrica\/wp-json\/wp\/v2\/product\/21001","targetHints":{"allow":["GET"]}}],"collection":[{"href":"https:\/\/defabrica.com.mx\/defabrica\/wp-json\/wp\/v2\/product"}],"about":[{"href":"https:\/\/defabrica.com.mx\/defabrica\/wp-json\/wp\/v2\/types\/product"}],"replies":[{"embeddable":true,"href":"https:\/\/defabrica.com.mx\/defabrica\/wp-json\/wp\/v2\/comments?post=21001"}],"wp:featuredmedia":[{"embeddable":true,"href":"https:\/\/defabrica.com.mx\/defabrica\/wp-json\/wp\/v2\/media\/21026"}],"wp:attachment":[{"href":"https:\/\/defabrica.com.mx\/defabrica\/wp-json\/wp\/v2\/media?parent=21001"}],"wp:term":[{"taxonomy":"product_brand","embeddable":true,"href":"https:\/\/defabrica.com.mx\/defabrica\/wp-json\/wp\/v2\/product_brand?post=21001"},{"taxonomy":"product_cat","embeddable":true,"href":"https:\/\/defabrica.com.mx\/defabrica\/wp-json\/wp\/v2\/product_cat?post=21001"},{"taxonomy":"product_tag","embeddable":true,"href":"https:\/\/defabrica.com.mx\/defabrica\/wp-json\/wp\/v2\/product_tag?post=21001"}],"curies":[{"name":"wp","href":"https:\/\/api.w.org\/{rel}","templated":true}]}}