{"id":21000,"date":"2020-12-18T19:09:09","date_gmt":"2020-12-19T01:09:09","guid":{"rendered":"https:\/\/defabrica.com.mx\/defabrica\/?post_type=product&#038;p=21000"},"modified":"2022-12-02T12:48:42","modified_gmt":"2022-12-02T18:48:42","slug":"kit-de-camarero-con-bolsa-incluida","status":"publish","type":"product","link":"https:\/\/defabrica.com.mx\/defabrica\/producto\/kit-de-camarero-con-bolsa-incluida\/","title":{"rendered":"Kit de Bartender con bolsa incluida"},"content":{"rendered":"<ul class=\"a-unordered-list a-vertical a-spacing-mini\">\n<li><span class=\"a-list-item\">Juego completo de barra de 27 piezas: bolsa de lona, toalla, coctelera, coctelera, 27 onzas, pinzas para hielo, cuchara de bar, abridor de vino, abridor de botellas, 3 coladores, medidor, mortero de madera, 4 vertedores de licor, cuchara, rallador de lim\u00f3n, exprimidor de lim\u00f3n, 6 pajitas, cepillo.<\/span><\/li>\n<li><span class=\"a-list-item\">Calidad pr\u00e9mium: todos los kits est\u00e1n hechos de acero inoxidable 304 de grado alimenticio de la m\u00e1s alta calidad, no se oxida ni se corroe. Boston Shaker est\u00e1 dise\u00f1ado con peso y espesamiento, nunca tiene fugas y nunca se atasca, es simple y f\u00e1cil de usar este mezclador para camareros. Con un acabado cepillado y aspecto elegante, est\u00e1s destinado a atraer todas las miradas en fiestas y bares de casa.<\/span><\/li>\n<li><span class=\"a-list-item\">S\u00e9 el alma de la fiesta y la estrella de la celebraci\u00f3n. No solo es el kit de mezclado perfecto para entretener a los invitados en cualquier fiesta o evento que puedas imaginar, tambi\u00e9n es el mejor regalo para los camareros en tu vida, o para esa persona que simplemente ama los buenos c\u00f3cteles artesanales.<\/span><\/li>\n<\/ul>\n","protected":false},"excerpt":{"rendered":"<p>Juego completo de barra de 27 piezas: bolsa de lona, toalla, coctelera, coctelera, 27 onzas, pinzas para hielo, cuchara de bar, abridor de vino, abridor de botellas, 3 coladores, medidor,<\/p>\n","protected":false},"featured_media":21002,"comment_status":"open","ping_status":"closed","template":"","meta":{"_acf_changed":false,"_joinchat":[]},"product_brand":[],"product_cat":[336,956],"product_tag":[],"class_list":{"0":"post-21000","1":"product","2":"type-product","3":"status-publish","4":"has-post-thumbnail","6":"product_cat-hogar","7":"product_cat-bar-y-vino","9":"first","10":"instock","11":"sale","12":"shipping-taxable","13":"purchasable","14":"product-type-simple"},"acf":[],"_links":{"self":[{"href":"https:\/\/defabrica.com.mx\/defabrica\/wp-json\/wp\/v2\/product\/21000","targetHints":{"allow":["GET"]}}],"collection":[{"href":"https:\/\/defabrica.com.mx\/defabrica\/wp-json\/wp\/v2\/product"}],"about":[{"href":"https:\/\/defabrica.com.mx\/defabrica\/wp-json\/wp\/v2\/types\/product"}],"replies":[{"embeddable":true,"href":"https:\/\/defabrica.com.mx\/defabrica\/wp-json\/wp\/v2\/comments?post=21000"}],"wp:featuredmedia":[{"embeddable":true,"href":"https:\/\/defabrica.com.mx\/defabrica\/wp-json\/wp\/v2\/media\/21002"}],"wp:attachment":[{"href":"https:\/\/defabrica.com.mx\/defabrica\/wp-json\/wp\/v2\/media?parent=21000"}],"wp:term":[{"taxonomy":"product_brand","embeddable":true,"href":"https:\/\/defabrica.com.mx\/defabrica\/wp-json\/wp\/v2\/product_brand?post=21000"},{"taxonomy":"product_cat","embeddable":true,"href":"https:\/\/defabrica.com.mx\/defabrica\/wp-json\/wp\/v2\/product_cat?post=21000"},{"taxonomy":"product_tag","embeddable":true,"href":"https:\/\/defabrica.com.mx\/defabrica\/wp-json\/wp\/v2\/product_tag?post=21000"}],"curies":[{"name":"wp","href":"https:\/\/api.w.org\/{rel}","templated":true}]}}