{"id":20993,"date":"2020-12-18T18:52:40","date_gmt":"2020-12-19T00:52:40","guid":{"rendered":"https:\/\/defabrica.com.mx\/defabrica\/?post_type=product&#038;p=20993"},"modified":"2022-12-02T12:48:15","modified_gmt":"2022-12-02T18:48:15","slug":"bartender-kit-completo","status":"publish","type":"product","link":"https:\/\/defabrica.com.mx\/defabrica\/producto\/bartender-kit-completo\/","title":{"rendered":"Mixology Barmender Kit &#8211; 22 piezas completo de herramientas de bar con coctelera"},"content":{"rendered":"<ul class=\"a-unordered-list a-vertical a-spacing-mini\">\n<li><span class=\"a-list-item\">El kit profesional de 22 piezas viene con los siguientes accesorios de barra: latas de c\u00f3ctel Boston \u2013 18 oz y 28 oz, mezclador de bebidas de doble cara \u2013 1\/1-3 oz (30\/1.7\u00a0fl oz), mortero de madera \u2013 8.5 pulgadas, cuchara de bar para mezclar \u2013 11 pulgadas, colador Hawthorne, colador Julep, colador de c\u00f3ctel fino, 2 vertedores de licor, 2 x tapones para botellas de vino. Exprimidor de lim\u00f3n, rallador de lim\u00f3n, pinzas de hielo, sacacorchos (palanca de doble paso), abridor de botellas, bolsa de hielo Lewis, bolsa de viaje con correas de cuero, hebillas chapadas en bronce y correa de hombro.<\/span><\/li>\n<li><span class=\"a-list-item\">Vive la vida al frenillo. Sum\u00e9rgete en el arte de beber con el juego de herramientas de bar definitivo de FoodyLabs. Tiene todo lo que necesitas para crear c\u00f3cteles cl\u00e1sicos y originales, preparar bebidas para clientes y amigos, y disfrutar plenamente de la glamurosa experiencia de bar.<\/span><\/li>\n<li><span class=\"a-list-item\">Dondequiera que vayas. Dicen que la vida es un viaje. No solo te quedes ah\u00ed, desp\u00eddete mientras ves c\u00f3mo se desvanece a la distancia, corriendo hacia emocionantes nuevas aventuras. Empaca tu pasi\u00f3n y tu juego de coctelera y s\u00fabete directamente para el paseo. Este incre\u00edble juego es un kit de bar port\u00e1til \u00fanico para llevar donde quiera que vayas: Milwaukee, Par\u00eds, fiestas, viajes, barco, caba\u00f1a, camping, hogar, amigos&#8230;<\/span><\/li>\n<li><span class=\"a-list-item\">Es una ganga. Con componentes de calidad premium y un pr\u00e1ctico sistema de embalaje compacto, este kit de bar es un complemento imprescindible para tu colecci\u00f3n de accesorios de bar y decoraci\u00f3n para el hogar. No solo incluye todo lo que necesitas para configurar una fiesta improvisada de licor en tu hogar, tambi\u00e9n es muy asequible y viene con 6 cubitos de hielo reutilizables de acero inoxidable \u2013 304ss tambi\u00e9n.<\/span><\/li>\n<\/ul>\n","protected":false},"excerpt":{"rendered":"<p>El kit profesional de 22 piezas viene con los siguientes accesorios de barra: latas de c\u00f3ctel Boston \u2013 18 oz y 28 oz, mezclador de bebidas de doble cara \u2013<\/p>\n","protected":false},"featured_media":20994,"comment_status":"open","ping_status":"closed","template":"","meta":{"_acf_changed":false,"_joinchat":[]},"product_brand":[],"product_cat":[336,956],"product_tag":[],"class_list":{"0":"post-20993","1":"product","2":"type-product","3":"status-publish","4":"has-post-thumbnail","6":"product_cat-hogar","7":"product_cat-bar-y-vino","9":"first","10":"instock","11":"sale","12":"shipping-taxable","13":"purchasable","14":"product-type-simple"},"acf":[],"_links":{"self":[{"href":"https:\/\/defabrica.com.mx\/defabrica\/wp-json\/wp\/v2\/product\/20993","targetHints":{"allow":["GET"]}}],"collection":[{"href":"https:\/\/defabrica.com.mx\/defabrica\/wp-json\/wp\/v2\/product"}],"about":[{"href":"https:\/\/defabrica.com.mx\/defabrica\/wp-json\/wp\/v2\/types\/product"}],"replies":[{"embeddable":true,"href":"https:\/\/defabrica.com.mx\/defabrica\/wp-json\/wp\/v2\/comments?post=20993"}],"wp:featuredmedia":[{"embeddable":true,"href":"https:\/\/defabrica.com.mx\/defabrica\/wp-json\/wp\/v2\/media\/20994"}],"wp:attachment":[{"href":"https:\/\/defabrica.com.mx\/defabrica\/wp-json\/wp\/v2\/media?parent=20993"}],"wp:term":[{"taxonomy":"product_brand","embeddable":true,"href":"https:\/\/defabrica.com.mx\/defabrica\/wp-json\/wp\/v2\/product_brand?post=20993"},{"taxonomy":"product_cat","embeddable":true,"href":"https:\/\/defabrica.com.mx\/defabrica\/wp-json\/wp\/v2\/product_cat?post=20993"},{"taxonomy":"product_tag","embeddable":true,"href":"https:\/\/defabrica.com.mx\/defabrica\/wp-json\/wp\/v2\/product_tag?post=20993"}],"curies":[{"name":"wp","href":"https:\/\/api.w.org\/{rel}","templated":true}]}}