{"id":20956,"date":"2020-12-18T11:23:26","date_gmt":"2020-12-18T17:23:26","guid":{"rendered":"https:\/\/defabrica.com.mx\/defabrica\/?post_type=product&#038;p=20956"},"modified":"2023-01-27T14:37:17","modified_gmt":"2023-01-27T20:37:17","slug":"herramientas-para-barman","status":"publish","type":"product","link":"https:\/\/defabrica.com.mx\/defabrica\/producto\/herramientas-para-barman\/","title":{"rendered":"Juego de herramientas para bartender de coctelera de 22 piezas"},"content":{"rendered":"<h3>Especificaci\u00f3n:<\/h3>\n<ul>\n<li>Material: Acero inoxidable<\/li>\n<li>La caja contiene:<\/li>\n<li>1x coctelera de 550ml<\/li>\n<li>1x mezclador de c\u00f3ctel<\/li>\n<li>1x colador<\/li>\n<li>2x Jigger (15 \/ 30ML, 30 \/ 45ML)<\/li>\n<li>2x pajilla doblada<\/li>\n<li>2x pajita con cuchara<\/li>\n<li>1x abridor<\/li>\n<li>2x tap\u00f3n<\/li>\n<li>2x vertidores<\/li>\n<li>1x pinzas para hielo<\/li>\n<li>1x pinzas para piedras de whisky<\/li>\n<li>4x piedras de whisky<\/li>\n<li>1x cuchara de c\u00f3ctel<\/li>\n<li>1x cepillo de paja<\/li>\n<\/ul>\n<p>&nbsp;<\/p>\n<h3><strong>Caracter\u00edstica:<\/strong><\/h3>\n<ul>\n<li>18 + 4 juegos de utensilios para bar: el juego de c\u00f3ctel tiene todas las herramientas esenciales, contiene 1x batidora de c\u00f3cteles de 550 ml, 1x mezclador de c\u00f3cteles, 1x colador, 2x Jigger (15 \/ 30ML, 30 \/ 45ML), 2x pajita, 2x pajita con cuchara, 1x abridor, 2x tap\u00f3n, 2x vertidores, 1x pinza para hielo, 1x pinza para piedras de whisky, 4x piedras para whisky, 1x cuchara de c\u00f3ctel, 1x cepillo de paja.<\/li>\n<li>4 piedras de whisky: nuestros juegos de utensilios para bar tienen 4 piedras de whisky, no te preocupes, los cubitos de hielo que se derriten disminuir\u00e1n el sabor de tu bebida.\u00a0Las Piedras de Whisky con bordes lisos y redondos y los cubos no rayar\u00e1n tu vaso ni te lastimar\u00e1n mientras bebes.<\/li>\n<li>Acero inoxidable: todas las herramientas est\u00e1n hechas de acero inoxidable, herramientas limpias que no manchan, un juego de barra de c\u00f3cteles elaborado como el utilizado por los mezcladores de c\u00f3cteles PRO, evita la absorci\u00f3n y decoloraci\u00f3n, garantizado para durabilidad.<\/li>\n<li>Vers\u00e1til: puede usar este juego de coctelera de acero inoxidable para crear una variedad de deliciosos c\u00f3cteles, absolutamente esencial para preparar excelentes bebidas con una gran variedad de licores.\u00a0\u00a1Experimentar\u00e1s el sabor mejorado del tequila, ron, vodka, ginebra, whisky, bourbon, co\u00f1ac, brandy, oporto, sake, licores y mezcladores como nunca antes!\u00a0Este kit para hacer c\u00f3cteles contiene todo lo que un tierno necesita para calmar la sed con sabrosas bebidas.<\/li>\n<li>Gran regalo: un regalo ideal tanto para principiantes como para mezcladores profesionales, ya que se incluyen todas las herramientas esenciales.\u00a0El fabricante de coctelera es un gran regalo para cumplea\u00f1os, fiestas, d\u00eda de San Valent\u00edn, Navidad, etc.\u00a0Los juegos de c\u00f3cteles te ayudar\u00e1n a preparar el mejor c\u00f3ctel en la comodidad de tu hogar.\u00a0NOTA &#8212;&#8211; Si tiene alg\u00fan problema con el art\u00edculo, no dude en contactarnos.<\/li>\n<\/ul>\n","protected":false},"excerpt":{"rendered":"<p>Especificaci\u00f3n: Material: Acero inoxidable La caja contiene: 1x coctelera de 550ml 1x mezclador de c\u00f3ctel 1x colador 2x Jigger (15 \/ 30ML, 30 \/ 45ML) 2x pajilla doblada 2x pajita<\/p>\n","protected":false},"featured_media":20958,"comment_status":"open","ping_status":"closed","template":"","meta":{"_acf_changed":false,"_joinchat":[]},"product_brand":[],"product_cat":[15,336,956],"product_tag":[],"class_list":{"0":"post-20956","1":"product","2":"type-product","3":"status-publish","4":"has-post-thumbnail","6":"product_cat-sin-categoria","7":"product_cat-hogar","8":"product_cat-bar-y-vino","10":"first","11":"instock","12":"sale","13":"shipping-taxable","14":"purchasable","15":"product-type-simple"},"acf":[],"_links":{"self":[{"href":"https:\/\/defabrica.com.mx\/defabrica\/wp-json\/wp\/v2\/product\/20956","targetHints":{"allow":["GET"]}}],"collection":[{"href":"https:\/\/defabrica.com.mx\/defabrica\/wp-json\/wp\/v2\/product"}],"about":[{"href":"https:\/\/defabrica.com.mx\/defabrica\/wp-json\/wp\/v2\/types\/product"}],"replies":[{"embeddable":true,"href":"https:\/\/defabrica.com.mx\/defabrica\/wp-json\/wp\/v2\/comments?post=20956"}],"wp:featuredmedia":[{"embeddable":true,"href":"https:\/\/defabrica.com.mx\/defabrica\/wp-json\/wp\/v2\/media\/20958"}],"wp:attachment":[{"href":"https:\/\/defabrica.com.mx\/defabrica\/wp-json\/wp\/v2\/media?parent=20956"}],"wp:term":[{"taxonomy":"product_brand","embeddable":true,"href":"https:\/\/defabrica.com.mx\/defabrica\/wp-json\/wp\/v2\/product_brand?post=20956"},{"taxonomy":"product_cat","embeddable":true,"href":"https:\/\/defabrica.com.mx\/defabrica\/wp-json\/wp\/v2\/product_cat?post=20956"},{"taxonomy":"product_tag","embeddable":true,"href":"https:\/\/defabrica.com.mx\/defabrica\/wp-json\/wp\/v2\/product_tag?post=20956"}],"curies":[{"name":"wp","href":"https:\/\/api.w.org\/{rel}","templated":true}]}}