{"id":20925,"date":"2020-12-17T23:57:00","date_gmt":"2020-12-18T05:57:00","guid":{"rendered":"https:\/\/defabrica.com.mx\/defabrica\/?post_type=product&#038;p=20925"},"modified":"2023-01-21T12:19:18","modified_gmt":"2023-01-21T18:19:18","slug":"vaso-de-whisky-estilo-antiguo","status":"publish","type":"product","link":"https:\/\/defabrica.com.mx\/defabrica\/producto\/vaso-de-whisky-estilo-antiguo\/","title":{"rendered":"Vaso de whisky doble de estilo antiguo con soporte lateral montado en el soporte"},"content":{"rendered":"<ul class=\"a-unordered-list a-vertical a-spacing-mini\">\n<li><span class=\"a-list-item\">Vaso de whisky giratorio y redondo \u2013 el soporte para cigarros es una caracter\u00edstica genial para los amantes de los puros para sujetar de forma segura el cigarro y evitar que se resbale y caiga. &#8211; El vaso es tanto un vaso de whisky fresco como un soporte para puros.<\/span><\/li>\n<li><span class=\"a-list-item\">Alta calidad: hecho de cristal de alta calidad, sin plomo, hermoso y lustroso. La excelente transparencia es muy llamativa. El dise\u00f1o duradero de pared gruesa y la base pesada mantendr\u00e1n tu whisky aislado a la temperatura perfecta durante un tiempo m\u00e1s largo.<\/span><\/li>\n<li><span class=\"a-list-item\">Bebe y puff, con facilidad. &#8211; Se coloca muy bien en las manos peque\u00f1as y grandes hace que sea f\u00e1cil y agradable sostener y beber todo junto con una mano.<\/span><\/li>\n<\/ul>\n","protected":false},"excerpt":{"rendered":"<p>Vaso de whisky giratorio y redondo \u2013 el soporte para cigarros es una caracter\u00edstica genial para los amantes de los puros para sujetar de forma segura el cigarro y evitar<\/p>\n","protected":false},"featured_media":20926,"comment_status":"open","ping_status":"closed","template":"","meta":{"_acf_changed":false,"_joinchat":[]},"product_brand":[],"product_cat":[15],"product_tag":[],"class_list":{"0":"post-20925","1":"product","2":"type-product","3":"status-publish","4":"has-post-thumbnail","6":"product_cat-sin-categoria","8":"first","9":"instock","10":"sale","11":"shipping-taxable","12":"purchasable","13":"product-type-simple"},"acf":[],"_links":{"self":[{"href":"https:\/\/defabrica.com.mx\/defabrica\/wp-json\/wp\/v2\/product\/20925","targetHints":{"allow":["GET"]}}],"collection":[{"href":"https:\/\/defabrica.com.mx\/defabrica\/wp-json\/wp\/v2\/product"}],"about":[{"href":"https:\/\/defabrica.com.mx\/defabrica\/wp-json\/wp\/v2\/types\/product"}],"replies":[{"embeddable":true,"href":"https:\/\/defabrica.com.mx\/defabrica\/wp-json\/wp\/v2\/comments?post=20925"}],"wp:featuredmedia":[{"embeddable":true,"href":"https:\/\/defabrica.com.mx\/defabrica\/wp-json\/wp\/v2\/media\/20926"}],"wp:attachment":[{"href":"https:\/\/defabrica.com.mx\/defabrica\/wp-json\/wp\/v2\/media?parent=20925"}],"wp:term":[{"taxonomy":"product_brand","embeddable":true,"href":"https:\/\/defabrica.com.mx\/defabrica\/wp-json\/wp\/v2\/product_brand?post=20925"},{"taxonomy":"product_cat","embeddable":true,"href":"https:\/\/defabrica.com.mx\/defabrica\/wp-json\/wp\/v2\/product_cat?post=20925"},{"taxonomy":"product_tag","embeddable":true,"href":"https:\/\/defabrica.com.mx\/defabrica\/wp-json\/wp\/v2\/product_tag?post=20925"}],"curies":[{"name":"wp","href":"https:\/\/api.w.org\/{rel}","templated":true}]}}