{"id":20920,"date":"2020-12-17T23:40:35","date_gmt":"2020-12-18T05:40:35","guid":{"rendered":"https:\/\/defabrica.com.mx\/defabrica\/?post_type=product&#038;p=20920"},"modified":"2023-01-27T14:36:18","modified_gmt":"2023-01-27T20:36:18","slug":"herramientas-de-acero-inoxidable","status":"publish","type":"product","link":"https:\/\/defabrica.com.mx\/defabrica\/producto\/herramientas-de-acero-inoxidable\/","title":{"rendered":"Juego de herramientas de barra de acero inoxidable de 14 piezas"},"content":{"rendered":"<ul>\n<li>Este fino juego de mezclador de bebidas de 14 piezas tiene todos los suministros de barra de grapas, incluidos 15 y 30 oz.\u00a0latas de coctelera, un colador de c\u00f3ctel de espino, .75 oz y 1.25 oz jigger de c\u00f3ctel doble, un abridor de botellas plano de 7 \u00ab, 6 boquillas, un par de vasos de chupito de acero inoxidable de 2 oz y una cuchara de barra de perilla roja.<\/li>\n<li>El juego de coctelera de grado profesional de FineDine es de calidad de restaurante, pero perfecto para el bar en casa. Nuestro elegante juego de coctelera permite a los bartenders profesionales y a los aspirantes a mix\u00f3logos mezclar sangr\u00edas, martinis, margaritas, whisky sour y m\u00e1s.<\/li>\n<\/ul>\n","protected":false},"excerpt":{"rendered":"<p>Este fino juego de mezclador de bebidas de 14 piezas tiene todos los suministros de barra de grapas, incluidos 15 y 30 oz.\u00a0latas de coctelera, un colador de c\u00f3ctel de<\/p>\n","protected":false},"featured_media":20921,"comment_status":"open","ping_status":"closed","template":"","meta":{"_acf_changed":false,"_joinchat":[]},"product_brand":[],"product_cat":[336,956],"product_tag":[],"class_list":{"0":"post-20920","1":"product","2":"type-product","3":"status-publish","4":"has-post-thumbnail","6":"product_cat-hogar","7":"product_cat-bar-y-vino","9":"first","10":"instock","11":"sale","12":"shipping-taxable","13":"purchasable","14":"product-type-simple"},"acf":[],"_links":{"self":[{"href":"https:\/\/defabrica.com.mx\/defabrica\/wp-json\/wp\/v2\/product\/20920","targetHints":{"allow":["GET"]}}],"collection":[{"href":"https:\/\/defabrica.com.mx\/defabrica\/wp-json\/wp\/v2\/product"}],"about":[{"href":"https:\/\/defabrica.com.mx\/defabrica\/wp-json\/wp\/v2\/types\/product"}],"replies":[{"embeddable":true,"href":"https:\/\/defabrica.com.mx\/defabrica\/wp-json\/wp\/v2\/comments?post=20920"}],"wp:featuredmedia":[{"embeddable":true,"href":"https:\/\/defabrica.com.mx\/defabrica\/wp-json\/wp\/v2\/media\/20921"}],"wp:attachment":[{"href":"https:\/\/defabrica.com.mx\/defabrica\/wp-json\/wp\/v2\/media?parent=20920"}],"wp:term":[{"taxonomy":"product_brand","embeddable":true,"href":"https:\/\/defabrica.com.mx\/defabrica\/wp-json\/wp\/v2\/product_brand?post=20920"},{"taxonomy":"product_cat","embeddable":true,"href":"https:\/\/defabrica.com.mx\/defabrica\/wp-json\/wp\/v2\/product_cat?post=20920"},{"taxonomy":"product_tag","embeddable":true,"href":"https:\/\/defabrica.com.mx\/defabrica\/wp-json\/wp\/v2\/product_tag?post=20920"}],"curies":[{"name":"wp","href":"https:\/\/api.w.org\/{rel}","templated":true}]}}