{"id":20887,"date":"2020-12-17T22:28:10","date_gmt":"2020-12-18T04:28:10","guid":{"rendered":"https:\/\/defabrica.com.mx\/defabrica\/?post_type=product&#038;p=20887"},"modified":"2023-01-27T13:42:55","modified_gmt":"2023-01-27T19:42:55","slug":"afilador-de-cuchillos-manual","status":"publish","type":"product","link":"https:\/\/defabrica.com.mx\/defabrica\/producto\/afilador-de-cuchillos-manual\/","title":{"rendered":"Afilador de cuchillos manual"},"content":{"rendered":"<p>Dise\u00f1ado para poner un borde preciso y afilado de f\u00e1brica en sus cuchillos rectos, dentados, de corte y deportivos. El modelo Chef&#8217;s Choice D202 tiene dos etapas de afilado que se afilan a la perfecci\u00f3n. La primera etapa afila cada lado del borde con abrasivos finos 100% diamante. La segunda etapa pule el borde utilizando abrasivos ultrafinos 100% diamante. Dizor\u00ae Dise\u00f1ado para facetas de doble bisel colocadas en diferentes \u00e1ngulos que forman un borde de apoyo en forma de arco de doble bisel.<\/p>\n<p>Bordes finos y afilados para una preparaci\u00f3n de alimentos sin esfuerzo<\/p>\n<p>Afilado de diamante de 2 etapas para bordes m\u00e1s fuertes y resultados m\u00e1s r\u00e1pidos: afilado y pulido<\/p>\n<p>Tecnolog\u00eda de almohadilla de diamante entrelazada para un borde pulido uniformemente<\/p>\n","protected":false},"excerpt":{"rendered":"<p>Dise\u00f1ado para poner un borde preciso y afilado de f\u00e1brica en sus cuchillos rectos, dentados, de corte y deportivos. El modelo Chef&#8217;s Choice D202 tiene dos etapas de afilado que<\/p>\n","protected":false},"featured_media":20889,"comment_status":"open","ping_status":"closed","template":"","meta":{"_acf_changed":false,"_joinchat":[]},"product_brand":[],"product_cat":[336,337],"product_tag":[],"class_list":{"0":"post-20887","1":"product","2":"type-product","3":"status-publish","4":"has-post-thumbnail","6":"product_cat-hogar","7":"product_cat-cocina","9":"first","10":"instock","11":"sale","12":"shipping-taxable","13":"purchasable","14":"product-type-simple"},"acf":[],"_links":{"self":[{"href":"https:\/\/defabrica.com.mx\/defabrica\/wp-json\/wp\/v2\/product\/20887","targetHints":{"allow":["GET"]}}],"collection":[{"href":"https:\/\/defabrica.com.mx\/defabrica\/wp-json\/wp\/v2\/product"}],"about":[{"href":"https:\/\/defabrica.com.mx\/defabrica\/wp-json\/wp\/v2\/types\/product"}],"replies":[{"embeddable":true,"href":"https:\/\/defabrica.com.mx\/defabrica\/wp-json\/wp\/v2\/comments?post=20887"}],"wp:featuredmedia":[{"embeddable":true,"href":"https:\/\/defabrica.com.mx\/defabrica\/wp-json\/wp\/v2\/media\/20889"}],"wp:attachment":[{"href":"https:\/\/defabrica.com.mx\/defabrica\/wp-json\/wp\/v2\/media?parent=20887"}],"wp:term":[{"taxonomy":"product_brand","embeddable":true,"href":"https:\/\/defabrica.com.mx\/defabrica\/wp-json\/wp\/v2\/product_brand?post=20887"},{"taxonomy":"product_cat","embeddable":true,"href":"https:\/\/defabrica.com.mx\/defabrica\/wp-json\/wp\/v2\/product_cat?post=20887"},{"taxonomy":"product_tag","embeddable":true,"href":"https:\/\/defabrica.com.mx\/defabrica\/wp-json\/wp\/v2\/product_tag?post=20887"}],"curies":[{"name":"wp","href":"https:\/\/api.w.org\/{rel}","templated":true}]}}