{"id":20802,"date":"2020-12-17T17:57:14","date_gmt":"2020-12-17T23:57:14","guid":{"rendered":"https:\/\/defabrica.com.mx\/defabrica\/?post_type=product&#038;p=20802"},"modified":"2023-01-28T11:08:09","modified_gmt":"2023-01-28T17:08:09","slug":"roku-smart-tv-4k-uhd-led-43-2","status":"publish","type":"product","link":"https:\/\/defabrica.com.mx\/defabrica\/producto\/roku-smart-tv-4k-uhd-led-43-2\/","title":{"rendered":"Hisense &#8211; Roku Smart TV 4K UHD LED 43 pulgadas"},"content":{"rendered":"<p>Si te encantan las pel\u00edculas, los programas, los deportes y los juegos, entonces el televisor R6E1 4K UHD Smart Hisense Roku es perfecto para presentar tu entretenimiento favorito de una manera completamente nueva. Con una resoluci\u00f3n 4K de ultra alta definici\u00f3n, el R6E1 incluye detalles incre\u00edbles en una pantalla compatible con HDR que aumenta el contraste y el color. Con la tecnolog\u00eda de procesamiento Motion Rate, puede disfrutar de la acci\u00f3n m\u00e1s r\u00e1pida sin retrasos ni vibraciones. El televisor Hisense Roku ofrece una enorme biblioteca de contenido premium con solo tocar un bot\u00f3n. F\u00e1cil de configurar y usar, con\u00e9ctese a Internet, active y comience a transmitir.<\/p>\n<h3><b>Caracter\u00edsticas<\/b><\/h3>\n<ul>\n<li><strong>Resoluci\u00f3n 4K<\/strong><br \/>\nCon m\u00e1s de 8 millones de p\u00edxeles, el R6 ofrece una imagen m\u00e1s clara y definida en comparaci\u00f3n con Full HD. Adem\u00e1s, aproveche f\u00e1cilmente la imagen brillante al acceder a pel\u00edculas y TV 4K de ultra alta definici\u00f3n con el canal 4K Spotlight<\/li>\n<li><strong>Velocidad de movimiento<\/strong><br \/>\nNo se esfuerce por no perder de vista los deportes de ritmo r\u00e1pido, las pel\u00edculas y los juegos 4K sin retrasos. Con tecnolog\u00eda de procesamiento de im\u00e1genes Motion Rate, el R6 mantiene la emoci\u00f3n al facilitar el seguimiento de la acci\u00f3n en r\u00e1pido movimiento.<\/li>\n<li><strong>HDR<\/strong><br \/>\nHigh Dynamic Range (HDR) aumenta el contraste de cada imagen al tiempo que ofrece colores vivos y profundos. Con mejoras en las \u00e1reas m\u00e1s oscuras y claras de la imagen, HDR ofrece una imagen que parece m\u00e1s cercana a la vida.<\/li>\n<li><strong>Conexi\u00f3n inal\u00e1mbrica de doble banda WI-FI <\/strong>Conecte el R6 a Internet y obtenga todo, desde actualizaciones de software para mejorar el rendimiento hasta sus programas favoritos. Con la tecnolog\u00eda inal\u00e1mbrica de doble banda incorporada, el R6 puede aprovechar al m\u00e1ximo los enrutadores modernos, brind\u00e1ndole velocidades de conexi\u00f3n ultrarr\u00e1pidas sin un l\u00edo de cables enredados.<\/li>\n<li><strong>DTS Studio Sound<\/strong><br \/>\nDTS Studio Sound crea un sonido envolvente virtual para una experiencia de audio n\u00edtida y envolvente.<\/li>\n<li><strong>M\u00e1s opciones en la mesa<\/strong><br \/>\nExcelente para cable, sat\u00e9lite, transmisi\u00f3n o ver televisi\u00f3n gratis con una antena HDTV.<\/li>\n<li><strong>Reloj ROKU TV OS<\/strong><br \/>\nCorriente. Tocar. Escucha. Risa. Repetir. Rel\u00e1jese y disfrute de la transmisi\u00f3n de pel\u00edculas y episodios de TV, adem\u00e1s de transmisi\u00f3n en vivo de noticias, TV, deportes y m\u00e1s, a trav\u00e9s de miles de canales gratuitos y pagos. Comienza a transmitir tus programas favoritos. Acceda a su decodificador de cable o antena HDTV. Incluso encienda su consola de juegos, todo desde la sencilla pantalla de inicio.<\/li>\n<li><strong>Funciona con el Asistente de Google<\/strong><br \/>\nUtilice un dispositivo y un comando de voz del Asistente de Google para acceder r\u00e1pidamente al entretenimiento y controlar su televisor.<\/li>\n<li>La experiencia de visualizaci\u00f3n de HDR variar\u00e1 seg\u00fan el modelo, la disponibilidad de contenido y la conexi\u00f3n a Internet.<\/li>\n<\/ul>\n","protected":false},"excerpt":{"rendered":"<p>Si te encantan las pel\u00edculas, los programas, los deportes y los juegos, entonces el televisor R6E1 4K UHD Smart Hisense Roku es perfecto para presentar tu entretenimiento favorito de una<\/p>\n","protected":false},"featured_media":20807,"comment_status":"open","ping_status":"closed","template":"","meta":{"_acf_changed":false,"_joinchat":[]},"product_brand":[],"product_cat":[336,937],"product_tag":[],"class_list":{"0":"post-20802","1":"product","2":"type-product","3":"status-publish","4":"has-post-thumbnail","6":"product_cat-hogar","7":"product_cat-pantallas","9":"first","10":"instock","11":"sale","12":"shipping-taxable","13":"purchasable","14":"product-type-simple"},"acf":[],"_links":{"self":[{"href":"https:\/\/defabrica.com.mx\/defabrica\/wp-json\/wp\/v2\/product\/20802","targetHints":{"allow":["GET"]}}],"collection":[{"href":"https:\/\/defabrica.com.mx\/defabrica\/wp-json\/wp\/v2\/product"}],"about":[{"href":"https:\/\/defabrica.com.mx\/defabrica\/wp-json\/wp\/v2\/types\/product"}],"replies":[{"embeddable":true,"href":"https:\/\/defabrica.com.mx\/defabrica\/wp-json\/wp\/v2\/comments?post=20802"}],"wp:featuredmedia":[{"embeddable":true,"href":"https:\/\/defabrica.com.mx\/defabrica\/wp-json\/wp\/v2\/media\/20807"}],"wp:attachment":[{"href":"https:\/\/defabrica.com.mx\/defabrica\/wp-json\/wp\/v2\/media?parent=20802"}],"wp:term":[{"taxonomy":"product_brand","embeddable":true,"href":"https:\/\/defabrica.com.mx\/defabrica\/wp-json\/wp\/v2\/product_brand?post=20802"},{"taxonomy":"product_cat","embeddable":true,"href":"https:\/\/defabrica.com.mx\/defabrica\/wp-json\/wp\/v2\/product_cat?post=20802"},{"taxonomy":"product_tag","embeddable":true,"href":"https:\/\/defabrica.com.mx\/defabrica\/wp-json\/wp\/v2\/product_tag?post=20802"}],"curies":[{"name":"wp","href":"https:\/\/api.w.org\/{rel}","templated":true}]}}