{"id":20774,"date":"2020-12-17T15:19:09","date_gmt":"2020-12-17T21:19:09","guid":{"rendered":"https:\/\/defabrica.com.mx\/defabrica\/?post_type=product&#038;p=20774"},"modified":"2023-01-28T11:06:32","modified_gmt":"2023-01-28T17:06:32","slug":"roku-smart-led-tv-43-1080p-fhd","status":"publish","type":"product","link":"https:\/\/defabrica.com.mx\/defabrica\/producto\/roku-smart-led-tv-43-1080p-fhd\/","title":{"rendered":"Hisense &#8211; Roku Smart LED TV 1080P FHD 43 pulgadas"},"content":{"rendered":"<p>Para los observadores de atracones con un presupuesto limitado, aseg\u00farese de llamar a su lugar en el sof\u00e1.\u00a0El H4030F1 nace listo con la plataforma de TV Roku incorporada, su portal privado a m\u00e1s de 5,000 canales y 500,000 pel\u00edculas y episodios de TV.\u00a0Por lo tanto, no importa cu\u00e1ntas personas tenga en su casa, hay m\u00e1s que suficientes visitas obligadas y OMG para todos.\u00a0Adem\u00e1s, para facilitar a\u00fan m\u00e1s la decisi\u00f3n, simplificamos a\u00fan m\u00e1s la H4030F1.\u00a0Lleno de Wi-Fi incorporado y b\u00fasqueda m\u00e1s r\u00e1pida.\u00a0Simplemente con\u00e9ctese a Internet, act\u00edvelo y busque su programa favorito.\u00a0Con una imagen rica y funciones inteligentes tan f\u00e1ciles de conseguir, es dif\u00edcil no amar la H4030F1.<\/p>\n","protected":false},"excerpt":{"rendered":"<p>Para los observadores de atracones con un presupuesto limitado, aseg\u00farese de llamar a su lugar en el sof\u00e1.\u00a0El H4030F1 nace listo con la plataforma de TV Roku incorporada, su portal<\/p>\n","protected":false},"featured_media":20780,"comment_status":"open","ping_status":"closed","template":"","meta":{"_acf_changed":false,"_joinchat":[]},"product_brand":[],"product_cat":[336,937],"product_tag":[],"class_list":{"0":"post-20774","1":"product","2":"type-product","3":"status-publish","4":"has-post-thumbnail","6":"product_cat-hogar","7":"product_cat-pantallas","9":"first","10":"instock","11":"sale","12":"shipping-taxable","13":"purchasable","14":"product-type-simple"},"acf":[],"_links":{"self":[{"href":"https:\/\/defabrica.com.mx\/defabrica\/wp-json\/wp\/v2\/product\/20774","targetHints":{"allow":["GET"]}}],"collection":[{"href":"https:\/\/defabrica.com.mx\/defabrica\/wp-json\/wp\/v2\/product"}],"about":[{"href":"https:\/\/defabrica.com.mx\/defabrica\/wp-json\/wp\/v2\/types\/product"}],"replies":[{"embeddable":true,"href":"https:\/\/defabrica.com.mx\/defabrica\/wp-json\/wp\/v2\/comments?post=20774"}],"wp:featuredmedia":[{"embeddable":true,"href":"https:\/\/defabrica.com.mx\/defabrica\/wp-json\/wp\/v2\/media\/20780"}],"wp:attachment":[{"href":"https:\/\/defabrica.com.mx\/defabrica\/wp-json\/wp\/v2\/media?parent=20774"}],"wp:term":[{"taxonomy":"product_brand","embeddable":true,"href":"https:\/\/defabrica.com.mx\/defabrica\/wp-json\/wp\/v2\/product_brand?post=20774"},{"taxonomy":"product_cat","embeddable":true,"href":"https:\/\/defabrica.com.mx\/defabrica\/wp-json\/wp\/v2\/product_cat?post=20774"},{"taxonomy":"product_tag","embeddable":true,"href":"https:\/\/defabrica.com.mx\/defabrica\/wp-json\/wp\/v2\/product_tag?post=20774"}],"curies":[{"name":"wp","href":"https:\/\/api.w.org\/{rel}","templated":true}]}}