{"id":20612,"date":"2020-12-16T18:38:11","date_gmt":"2020-12-17T00:38:11","guid":{"rendered":"https:\/\/defabrica.com.mx\/defabrica\/?post_type=product&#038;p=20612"},"modified":"2023-01-13T14:49:30","modified_gmt":"2023-01-13T20:49:30","slug":"kit-de-accesorios-de-vlogger","status":"publish","type":"product","link":"https:\/\/defabrica.com.mx\/defabrica\/producto\/kit-de-accesorios-de-vlogger\/","title":{"rendered":"Sony Vlogger &#8211; Kit de Accesorios para C\u00e1mara DSLR &#8211; c\u00e1mara  Mirrorless &#8211; c\u00e1mara Point and Shoot- 1A\u00f1o de garant\u00eda"},"content":{"rendered":"<div>\n<div class=\"embedded-component-container lv\">\n<div>\n<div id=\"shop-product-description-c1975de2-fe50-43a0-9ae1-4d301e9aaee0\" class=\"None\" data-version=\"1.3.2\">\n<div class=\"shop-product-description\">\n<section class=\"align-heading-left\" data-reactroot=\"\">\n<div class=\"long-description-container body-copy \">\n<div class=\"html-fragment\">\n<div>\n<div>Grabe secuencias de v\u00eddeo de calidad con este kit de accesorios de vlogger de Sony.\u00a0Un agarre inal\u00e1mbrico le permite controlar de forma remota las funciones de disparo y funciona como un tr\u00edpode, mientras que la tarjeta de memoria de 64 GB incluida admite captura de video y funciones avanzadas de DSLR.\u00a0Este kit de accesorios para vlogger de Sony es compatible con numerosas c\u00e1maras para una amplia variedad de usos.<\/div>\n<\/div>\n<\/div>\n<\/div>\n<\/section>\n<\/div>\n<\/div>\n<\/div>\n<\/div>\n<\/div>\n<p>&nbsp;<\/p>\n<h3><strong>Caracter\u00edsticas<\/strong><\/h3>\n<ul>\n<li><strong>Kit de accesorios de vlogger<\/strong><br \/>\nIncluye agarre inal\u00e1mbrico Bluetooth GP-VPT2BT que se convierte convenientemente en un peque\u00f1o tr\u00edpode y una tarjeta SD SF-E64 \/ T1 UHS-II de 64GB con velocidades de escritura r\u00e1pidas.<\/li>\n<li><strong>Empu\u00f1adura de disparo con mando a distancia inal\u00e1mbrico<\/strong><br \/>\nIdeal para muchos tipos diferentes de creaci\u00f3n de contenido, desde vlogs hasta viajes. Para un uso diario sencillo.<\/li>\n<li><strong>Compatible con la mayor\u00eda de las c\u00e1maras Sony<\/strong><br \/>\nIncluye c\u00e1maras compactas de apuntar y disparar, DSLR y sin espejo para un uso flexible.<\/li>\n<li><strong>Funci\u00f3n de inclinaci\u00f3n flexible<\/strong><br \/>\nFacilita la configuraci\u00f3n del \u00e1ngulo de c\u00e1mara ideal para una amplia gama de sujetos y puntos de vista. Las posiciones de bloqueo de 90 \u00b0 tambi\u00e9n permiten disparar en orientaci\u00f3n vertical con una estabilidad \u00f3ptima.<\/li>\n<li><strong>Botones de control remoto<\/strong><br \/>\nF\u00e1cilmente accesible mientras sostiene la empu\u00f1adura para un funcionamiento suave e intuitivo. Cualquier funci\u00f3n asignada al bot\u00f3n C1 de la c\u00e1mara tambi\u00e9n se puede recuperar a trav\u00e9s del bot\u00f3n C1 de agarre remoto.<\/li>\n<li><strong>Conectividad bluetooth<\/strong><br \/>\nOfrece un control conveniente sobre la c\u00e1mara sin necesidad de conectar cables.<\/li>\n<li><strong>Agarre c\u00f3modo<\/strong><br \/>\nLa empu\u00f1adura ha sido cuidadosamente dise\u00f1ada para proporcionar una estabilidad y comodidad \u00f3ptimas, ya sea que se conecte a una c\u00e1mara compacta o sin espejo con lentes intercambiables.<\/li>\n<li><strong>Se convierte en tr\u00edpode<\/strong><br \/>\nExtiende las patas integradas de la empu\u00f1adura para convertirlo en un tr\u00edpode estable, liberando tus manos para vlogs y otras aplicaciones.<\/li>\n<li><strong>Resistente al polvo y la humedad<\/strong><br \/>\nEl dise\u00f1o de agarre general y la ausencia de cables garantizan la m\u00e1xima resistencia al polvo y la humedad del sistema.<\/li>\n<li><strong>Tarjeta SD UHS-II de 64 GB<\/strong><br \/>\nMaximiza el rendimiento de las c\u00e1maras UHS-II y aumenta la transferencia de datos a la PC en segundos con sus 270 MB \/ seg. lectura m\u00e1xima y 70 MB \/ seg. velocidades m\u00e1ximas de escritura.<\/li>\n<li><strong>Dise\u00f1o resistente al agua IP57<\/strong><br \/>\nEsta tarjeta SD es a prueba de agua, polvo y temperatura para durar en las condiciones clim\u00e1ticas m\u00e1s dif\u00edciles.<\/li>\n<\/ul>\n<p>&nbsp;<\/p>\n<div class=\"header-container header-lv\">\n<h3 class=\"heading-5 v-fw-regular\">Qu\u00e9 est\u00e1 incluido<\/h3>\n<\/div>\n<div class=\"list-container list-lv\">\n<ul class=\" bold\">\n<li class=\"bold v-fw-medium body-copy\">Kit de accesorios Sony Vlogger<\/li>\n<\/ul>\n<\/div>\n","protected":false},"excerpt":{"rendered":"<p>Grabe secuencias de v\u00eddeo de calidad con este kit de accesorios de vlogger de Sony.\u00a0Un agarre inal\u00e1mbrico le permite controlar de forma remota las funciones de disparo y funciona como<\/p>\n","protected":false},"featured_media":20618,"comment_status":"open","ping_status":"closed","template":"","meta":{"_acf_changed":false,"_joinchat":[]},"product_brand":[],"product_cat":[442,450,456,452],"product_tag":[],"class_list":{"0":"post-20612","1":"product","2":"type-product","3":"status-publish","4":"has-post-thumbnail","6":"product_cat-camaras","7":"product_cat-accesorios-camaras","8":"product_cat-todos-los-accesorios-de-camaras","9":"product_cat-tripies-monopies-estabilizadores","11":"first","12":"instock","13":"sale","14":"shipping-taxable","15":"purchasable","16":"product-type-simple"},"acf":[],"_links":{"self":[{"href":"https:\/\/defabrica.com.mx\/defabrica\/wp-json\/wp\/v2\/product\/20612","targetHints":{"allow":["GET"]}}],"collection":[{"href":"https:\/\/defabrica.com.mx\/defabrica\/wp-json\/wp\/v2\/product"}],"about":[{"href":"https:\/\/defabrica.com.mx\/defabrica\/wp-json\/wp\/v2\/types\/product"}],"replies":[{"embeddable":true,"href":"https:\/\/defabrica.com.mx\/defabrica\/wp-json\/wp\/v2\/comments?post=20612"}],"wp:featuredmedia":[{"embeddable":true,"href":"https:\/\/defabrica.com.mx\/defabrica\/wp-json\/wp\/v2\/media\/20618"}],"wp:attachment":[{"href":"https:\/\/defabrica.com.mx\/defabrica\/wp-json\/wp\/v2\/media?parent=20612"}],"wp:term":[{"taxonomy":"product_brand","embeddable":true,"href":"https:\/\/defabrica.com.mx\/defabrica\/wp-json\/wp\/v2\/product_brand?post=20612"},{"taxonomy":"product_cat","embeddable":true,"href":"https:\/\/defabrica.com.mx\/defabrica\/wp-json\/wp\/v2\/product_cat?post=20612"},{"taxonomy":"product_tag","embeddable":true,"href":"https:\/\/defabrica.com.mx\/defabrica\/wp-json\/wp\/v2\/product_tag?post=20612"}],"curies":[{"name":"wp","href":"https:\/\/api.w.org\/{rel}","templated":true}]}}