{"id":20571,"date":"2020-12-16T15:50:28","date_gmt":"2020-12-16T21:50:28","guid":{"rendered":"https:\/\/defabrica.com.mx\/defabrica\/?post_type=product&#038;p=20571"},"modified":"2023-01-13T14:41:55","modified_gmt":"2023-01-13T20:41:55","slug":"lente-estandar-af-s-dx-nikkor-35mm-f-1-8g","status":"publish","type":"product","link":"https:\/\/defabrica.com.mx\/defabrica\/producto\/lente-estandar-af-s-dx-nikkor-35mm-f-1-8g\/","title":{"rendered":"Nikon &#8211; Lente est\u00e1ndar AF-S DX NIKKOR 35mm f \/ 1.8G"},"content":{"rendered":"<p>Objetivo est\u00e1ndar Nikon AF-S DX NIKKOR 35 mm f \/ 1.8G: tanto si es un principiante como si es un profesional, le encantar\u00e1 este objetivo compacto y ligero de Nikon.\u00a0El \u00e1ngulo de visi\u00f3n normal captura aproximadamente lo que ve el ojo humano, lo que lo convierte en una excelente lente vers\u00e1til.\u00a0Adem\u00e1s, la apertura m\u00e1xima de f \/ 1.8 es ideal para crear fondos suavemente borrosos y disparar con poca luz.<\/p>\n<h3><strong>Caracter\u00edsticas<\/strong><\/h3>\n<ul>\n<li><strong>Compatible con una variedad de c\u00e1maras Nikon DSLR<\/strong><br \/>\nFunciona con cualquier c\u00e1mara DSLR de formato DX de Nikon con montura de bayoneta F.<\/li>\n<li><strong>35 mm de distancia focal<\/strong><br \/>\nExcelente para fotografiar paisajes, arquitectura, fotograf\u00edas de grupo, fotograf\u00edas de viajes y m\u00e1s.<\/li>\n<li><strong>Apertura m\u00e1xima f \/ 1.8<\/strong><br \/>\nTiene un rendimiento excepcional en entornos con poca luz y permite un control notable de la profundidad de campo, por lo que puede desenfocar suavemente los fondos y llamar la atenci\u00f3n sobre los sujetos.<\/li>\n<li><strong>Elementos de lentes asf\u00e9ricos para im\u00e1genes claras<\/strong><br \/>\nCorrige las aberraciones esf\u00e9ricas, las im\u00e1genes desenfocadas o distorsionadas que se producen cuando los rayos de luz no convergen en un solo punto. Una superficie de lente curva enfoca con precisi\u00f3n los rayos de luz para una calidad de imagen n\u00edtida.<\/li>\n<li><strong>Revestimiento de lente avanzado para \u00f3pticas mejoradas<\/strong><br \/>\nEl recubrimiento s\u00faper integrado aumenta la consistencia del color y reduce los destellos.<\/li>\n<li><strong>Sistema de enfoque trasero con motor de onda silenciosa<\/strong><br \/>\nAlimentado por vibraciones de ultrasonido del motor, solo el grupo de lentes posteriores se mueve durante el enfoque, lo que resulta en un enfoque autom\u00e1tico suave, silencioso y preciso.<\/li>\n<li><strong>Modo de enfoque M \/ A<\/strong><br \/>\nLe permite cambiar de manual a autom\u00e1tico pr\u00e1cticamente sin tiempo de retraso, simplemente girando el anillo de enfoque en la lente.<\/li>\n<li><strong>Distancia m\u00ednima de enfoque de 0.98 &#8216;<\/strong><\/li>\n<li><strong>Tiene capacidad para filtros de 52 mm<\/strong><\/li>\n<li><strong>Accesorios incluidos<\/strong><br \/>\nViene con tapas de lentes delanteras y traseras, parasol y estuche.<\/li>\n<\/ul>\n<p>&nbsp;<\/p>\n<div class=\"header-container header-lv\">\n<h3 class=\"heading-5 v-fw-regular\">Qu\u00e9 est\u00e1 incluido<\/h3>\n<\/div>\n<div class=\"list-container list-lv\">\n<ul class=\" bold\">\n<li class=\"bold v-fw-medium body-copy\">Cubierta de lente<\/li>\n<li class=\"bold v-fw-medium body-copy\">Objetivo est\u00e1ndar Nikon AF-S DX NIKKOR 35 mm f \/ 1.8G<\/li>\n<li class=\"bold v-fw-medium body-copy\">El manual del propietario<\/li>\n<li class=\"bold v-fw-medium body-copy\">Tapa de lente trasera<\/li>\n<li class=\"bold v-fw-medium body-copy\">Estuche de transporte suave<\/li>\n<\/ul>\n<\/div>\n","protected":false},"excerpt":{"rendered":"<p>Objetivo est\u00e1ndar Nikon AF-S DX NIKKOR 35 mm f \/ 1.8G: tanto si es un principiante como si es un profesional, le encantar\u00e1 este objetivo compacto y ligero de Nikon.\u00a0El<\/p>\n","protected":false},"featured_media":20572,"comment_status":"open","ping_status":"closed","template":"","meta":{"_acf_changed":false,"_joinchat":[]},"product_brand":[],"product_cat":[442,284,443,444],"product_tag":[],"class_list":{"0":"post-20571","1":"product","2":"type-product","3":"status-publish","4":"has-post-thumbnail","6":"product_cat-camaras","7":"product_cat-camaras-y-lentes","8":"product_cat-lentes","9":"product_cat-todas-las-camaras-y-lentes","11":"first","12":"instock","13":"sale","14":"shipping-taxable","15":"purchasable","16":"product-type-simple"},"acf":[],"_links":{"self":[{"href":"https:\/\/defabrica.com.mx\/defabrica\/wp-json\/wp\/v2\/product\/20571","targetHints":{"allow":["GET"]}}],"collection":[{"href":"https:\/\/defabrica.com.mx\/defabrica\/wp-json\/wp\/v2\/product"}],"about":[{"href":"https:\/\/defabrica.com.mx\/defabrica\/wp-json\/wp\/v2\/types\/product"}],"replies":[{"embeddable":true,"href":"https:\/\/defabrica.com.mx\/defabrica\/wp-json\/wp\/v2\/comments?post=20571"}],"wp:featuredmedia":[{"embeddable":true,"href":"https:\/\/defabrica.com.mx\/defabrica\/wp-json\/wp\/v2\/media\/20572"}],"wp:attachment":[{"href":"https:\/\/defabrica.com.mx\/defabrica\/wp-json\/wp\/v2\/media?parent=20571"}],"wp:term":[{"taxonomy":"product_brand","embeddable":true,"href":"https:\/\/defabrica.com.mx\/defabrica\/wp-json\/wp\/v2\/product_brand?post=20571"},{"taxonomy":"product_cat","embeddable":true,"href":"https:\/\/defabrica.com.mx\/defabrica\/wp-json\/wp\/v2\/product_cat?post=20571"},{"taxonomy":"product_tag","embeddable":true,"href":"https:\/\/defabrica.com.mx\/defabrica\/wp-json\/wp\/v2\/product_tag?post=20571"}],"curies":[{"name":"wp","href":"https:\/\/api.w.org\/{rel}","templated":true}]}}