{"id":20547,"date":"2020-12-16T14:54:13","date_gmt":"2020-12-16T20:54:13","guid":{"rendered":"https:\/\/defabrica.com.mx\/defabrica\/?post_type=product&#038;p=20547"},"modified":"2022-12-01T11:25:08","modified_gmt":"2022-12-01T17:25:08","slug":"kit-nikon-d3500-dslr-de-dos-lentes","status":"publish","type":"product","link":"https:\/\/defabrica.com.mx\/defabrica\/producto\/kit-nikon-d3500-dslr-de-dos-lentes\/","title":{"rendered":"Kit Nikon D3500 DSLR de dos lentes"},"content":{"rendered":"<div>\n<div>\n<div>Tome fotos incre\u00edbles con este kit de c\u00e1mara Nikon de dos lentes.\u00a0La c\u00e1mara incluida tiene un sensor de 24,2 megap\u00edxeles para producir im\u00e1genes de alta resoluci\u00f3n, y el modo de r\u00e1faga de 5 fps le permite obtener la toma exacta que busca.\u00a0Este kit de c\u00e1mara Nikon de dos lentes viene con un lente de 18-55 mm de ancho y un teleobjetivo de 70-300 mm para opciones de disparo flexibles.<\/div>\n<\/div>\n<\/div>\n<p>&nbsp;<\/p>\n<h3><strong>Caracter\u00edsticas<\/strong><\/h3>\n<ul>\n<li><strong>Objetivo AF-P DX NIKKOR 18-55 mm f \/ 3,5-5,6G VR<\/strong><br \/>\nPara un zoom y una precisi\u00f3n precisos.<\/li>\n<li><strong>El sensor CMOS de 24,8 megap\u00edxeles ofrece detalles incre\u00edbles y magn\u00edficas ampliaciones<\/strong><br \/>\nEl sensor APS-C produce una gran claridad de borde a borde con detalles y nitidez incre\u00edbles.<\/li>\n<li><strong>ISO 100 &#8211; 25,600 para fotos n\u00edtidas y claras incluso con luz ultrabaja<\/strong><br \/>\nMejora el disparo en situaciones de iluminaci\u00f3n variadas y que cambian r\u00e1pidamente, incluida la luz extremadamente baja.<\/li>\n<li><strong>Capture tomas de acci\u00f3n r\u00e1pida a hasta 5 fps (cuadros por segundo)<\/strong><br \/>\nDesde expresiones faciales alegres hasta acci\u00f3n deportiva vertiginosa, el modo R\u00e1faga te garantiza la toma incluso si solo dura una fracci\u00f3n de segundo.<\/li>\n<li><strong>El enfoque autom\u00e1tico de 11 puntos rastrea y fija r\u00e1pidamente al sujeto<\/strong><br \/>\nLe permite capturar con confianza todo, desde deportes de acci\u00f3n r\u00e1pida hasta vida salvaje en r\u00e1pido movimiento. Cuatro modos de \u00e1rea de enfoque autom\u00e1tico le permiten seleccionar la configuraci\u00f3n que mejor se adapte a su situaci\u00f3n.<\/li>\n<li><strong>Grabar videos hermosos con la D3500 es tan f\u00e1cil como tomar fotos<\/strong><br \/>\nCapturar\u00e1 las vistas y los sonidos en un incre\u00edble video Full HD de 1080 \/ 60p con sonido est\u00e9reo.<\/li>\n<li><strong>Bluetooth incorporado para compartir instant\u00e1neamente sus im\u00e1genes<\/strong><br \/>\nInstale la aplicaci\u00f3n SnapBridge de Nikon en un tel\u00e9fono o tableta compatible y con\u00e9ctese a la D3500 para compartir fotos instant\u00e1neamente, realizar copias de seguridad autom\u00e1ticas e incluso activar la c\u00e1mara a distancia.<\/li>\n<li><strong>El motor de procesamiento de im\u00e1genes EXPEED ofrece una velocidad y un rendimiento incre\u00edbles<\/strong><br \/>\nDesde la captura de im\u00e1genes y videos hasta la reproducci\u00f3n y transferencia de datos, este procesador maneja incluso las tareas m\u00e1s exigentes con facilidad.<\/li>\n<li><strong>Visor r\u00e9flex de objetivo \u00fanico con pentaespejo al nivel de los ojos<\/strong><br \/>\nProporciona una cobertura del 95% y un aumento de aproximadamente 0,85x.<\/li>\n<li><strong>Sistema de medici\u00f3n de exposici\u00f3n TTL (a trav\u00e9s del objetivo)<\/strong><br \/>\nUtiliza un sensor RGB de 420 p\u00edxeles para obtener la exposici\u00f3n correcta.<\/li>\n<li><strong>Flash emergente incorporado para una iluminaci\u00f3n adecuada<\/strong><br \/>\nGarantiza fotograf\u00edas con la iluminaci\u00f3n adecuada y cuenta con una zapata integrada para agregar un flash externo (se vende por separado).<\/li>\n<li><strong>La salida HDMI tipo C facilita la conexi\u00f3n a HDTV<\/strong><br \/>\nConecte f\u00e1cilmente su c\u00e1mara a un HDTV para la reproducci\u00f3n inmediata de pel\u00edculas. (Se requiere un cable HDMI y se vende por separado).<\/li>\n<li><strong>Ranura de memoria multiformato para almacenar o transferir datos<\/strong><br \/>\nAcepta SD, SDHC y SDXC (las tarjetas de memoria no est\u00e1n incluidas).<\/li>\n<li><strong>Requiere servicio de Internet de alta velocidad.<\/strong><\/li>\n<\/ul>\n<p>&nbsp;<\/p>\n<h3>Qu\u00e9 est\u00e1 incluido<\/h3>\n<div class=\"list-container list-lv\">\n<ul class=\" bold\">\n<li class=\"bold v-fw-medium body-copy\">Objetivo AF-P DX NIKKOR 18-55 mm f \/ 3,5-5,6G VR<\/li>\n<li class=\"bold v-fw-medium body-copy\">Correa AN-DC3<\/li>\n<li class=\"bold v-fw-medium body-copy\">Tapa del cuerpo BF-1B<\/li>\n<li class=\"bold v-fw-medium body-copy\">Ocular de goma DK-25<\/li>\n<li class=\"bold v-fw-medium body-copy\">Bater\u00eda recargable de iones de litio EN-EL 14a<\/li>\n<li class=\"bold v-fw-medium body-copy\">Tapas de lente frontales a presi\u00f3n LC-55A de 55 mm y LC-58 de 58 mm<\/li>\n<li class=\"bold v-fw-medium body-copy\">Tapas de lente traseras LF-4<\/li>\n<li class=\"bold v-fw-medium body-copy\">Cargador de bater\u00eda MH-24<\/li>\n<li class=\"bold v-fw-medium body-copy\">C\u00e1mara de video Nikon D3500 DSLR<\/li>\n<li class=\"bold v-fw-medium body-copy\">El manual del propietario<\/li>\n<\/ul>\n<\/div>\n","protected":false},"excerpt":{"rendered":"<p>Tome fotos incre\u00edbles con este kit de c\u00e1mara Nikon de dos lentes.\u00a0La c\u00e1mara incluida tiene un sensor de 24,2 megap\u00edxeles para producir im\u00e1genes de alta resoluci\u00f3n, y el modo de<\/p>\n","protected":false},"featured_media":73240,"comment_status":"open","ping_status":"closed","template":"","meta":{"_acf_changed":false,"_joinchat":[]},"product_brand":[],"product_cat":[442,284,285,444],"product_tag":[],"class_list":{"0":"post-20547","1":"product","2":"type-product","3":"status-publish","4":"has-post-thumbnail","6":"product_cat-camaras","7":"product_cat-camaras-y-lentes","8":"product_cat-camaras-dslr","9":"product_cat-todas-las-camaras-y-lentes","11":"first","12":"instock","13":"sale","14":"shipping-taxable","15":"purchasable","16":"product-type-simple"},"acf":[],"_links":{"self":[{"href":"https:\/\/defabrica.com.mx\/defabrica\/wp-json\/wp\/v2\/product\/20547","targetHints":{"allow":["GET"]}}],"collection":[{"href":"https:\/\/defabrica.com.mx\/defabrica\/wp-json\/wp\/v2\/product"}],"about":[{"href":"https:\/\/defabrica.com.mx\/defabrica\/wp-json\/wp\/v2\/types\/product"}],"replies":[{"embeddable":true,"href":"https:\/\/defabrica.com.mx\/defabrica\/wp-json\/wp\/v2\/comments?post=20547"}],"wp:featuredmedia":[{"embeddable":true,"href":"https:\/\/defabrica.com.mx\/defabrica\/wp-json\/wp\/v2\/media\/73240"}],"wp:attachment":[{"href":"https:\/\/defabrica.com.mx\/defabrica\/wp-json\/wp\/v2\/media?parent=20547"}],"wp:term":[{"taxonomy":"product_brand","embeddable":true,"href":"https:\/\/defabrica.com.mx\/defabrica\/wp-json\/wp\/v2\/product_brand?post=20547"},{"taxonomy":"product_cat","embeddable":true,"href":"https:\/\/defabrica.com.mx\/defabrica\/wp-json\/wp\/v2\/product_cat?post=20547"},{"taxonomy":"product_tag","embeddable":true,"href":"https:\/\/defabrica.com.mx\/defabrica\/wp-json\/wp\/v2\/product_tag?post=20547"}],"curies":[{"name":"wp","href":"https:\/\/api.w.org\/{rel}","templated":true}]}}