{"id":20537,"date":"2020-12-16T01:31:32","date_gmt":"2020-12-16T07:31:32","guid":{"rendered":"https:\/\/defabrica.com.mx\/defabrica\/?post_type=product&#038;p=20537"},"modified":"2022-12-01T16:07:03","modified_gmt":"2022-12-01T22:07:03","slug":"sandisk-tarjeta-de-memoria-extreme-128-gb","status":"publish","type":"product","link":"https:\/\/defabrica.com.mx\/defabrica\/producto\/sandisk-tarjeta-de-memoria-extreme-128-gb\/","title":{"rendered":"SanDisk &#8211; Tarjeta de memoria Extreme 128 GB"},"content":{"rendered":"<div>\n<div>Obt\u00e9n velocidades extremas para transferencias r\u00e1pidas, rendimiento de aplicaciones y 4K UHD con la tarjeta de memoria SanDisk Extreme PLUS microSDXC UHS-I.\u00a0Ideal para su tel\u00e9fono inteligente Android, c\u00e1maras de acci\u00f3n o drones, esta microSD de alto rendimiento hace grabaci\u00f3n de video 4K UHD, video Full HD y fotos de alta resoluci\u00f3n.\u00a0La tarjeta de memoria SanDisk Extreme PLUS microSDXC lee hasta 170 MB \/ sy escribe hasta 90 MB \/ s.\u00a0Tambi\u00e9n tiene clasificaci\u00f3n A2 para un rendimiento r\u00e1pido de la aplicaci\u00f3n.<\/div>\n<\/div>\n<div><\/div>\n<div><\/div>\n<div><\/div>\n<div>\n<h3><\/h3>\n<h3><\/h3>\n<h3 class=\"heading-5 v-fw-regular feature-heading\"><strong>Caracter\u00edsticas<\/strong><\/h3>\n<div class=\"feature-body-container\">\n<div class=\"features-list-container\">\n<div class=\"features-list all-features\">\n<div class=\"list-row\">\n<ul>\n<li><strong>Compatible con la mayor\u00eda de dispositivos que admiten tarjetas microSDXC<\/strong><br \/>\nPara una amplia variedad de usos.<\/li>\n<li><strong>Incluye adaptador microSDXC a SD<\/strong><br \/>\nLe permite utilizar esta tarjeta con ranuras para adaptadores SD.<\/li>\n<li><strong>Construcci\u00f3n robusta<\/strong><br \/>\nResiste los da\u00f1os causados \u200b\u200bpor golpes, agua, rayos X y temperatura.<\/li>\n<li><strong>Capacidad de almacenamiento de 128GB<\/strong><br \/>\nBrinda mucho espacio para sus fotos, videos, documentos y otros datos.<\/li>\n<li><strong>Velocidad de lectura de hasta 170 MB \/ s<\/strong><br \/>\nJunto con una velocidad de escritura de hasta 90 MB \/ s, ahorra tiempo al transferir archivos.<\/li>\n<\/ul>\n<\/div>\n<\/div>\n<\/div>\n<\/div>\n<\/div>\n<p>&nbsp;<\/p>\n<h3>Qu\u00e9 est\u00e1 incluido<\/h3>\n<div class=\"list-container list-lv\">\n<div class=\"embedded-component-container lv\">\n<div>\n<div id=\"shop-whats-included-82143048-6c97-48bb-babf-a8ca9061ecfe\" class=\"None\" data-version=\"2.1.2\">\n<div class=\"shop-whats-included\">\n<div class=\"whats-included accordion-container \" data-reactroot=\"\">\n<div class=\"list-container list-lv\">\n<ul class=\" bold\">\n<li class=\"bold v-fw-medium body-copy\">Tarjeta de memoria flash<\/li>\n<li class=\"bold v-fw-medium body-copy\">Adaptador microSDXC a SD<\/li>\n<\/ul>\n<\/div>\n<\/div>\n<\/div>\n<\/div>\n<\/div>\n<\/div>\n<div class=\"embedded-component-container lv\">\n<div>\n<div id=\"shop-product-energy-ratings-ccd5f8ba-906e-4c70-8394-8dba3ff3b4dd\" class=\"None\" data-version=\"1.3.3\">\n<div class=\"shop-product-energy-ratings\">\n<div data-reactroot=\"\"><\/div>\n<\/div>\n<\/div>\n<\/div>\n<\/div>\n<div class=\"embedded-component-container lv\"><\/div>\n<\/div>\n","protected":false},"excerpt":{"rendered":"<p>Obt\u00e9n velocidades extremas para transferencias r\u00e1pidas, rendimiento de aplicaciones y 4K UHD con la tarjeta de memoria SanDisk Extreme PLUS microSDXC UHS-I.\u00a0Ideal para su tel\u00e9fono inteligente Android, c\u00e1maras de acci\u00f3n<\/p>\n","protected":false},"featured_media":20541,"comment_status":"open","ping_status":"closed","template":"","meta":{"_acf_changed":false,"_joinchat":[]},"product_brand":[],"product_cat":[240,395,396],"product_tag":[],"class_list":{"0":"post-20537","1":"product","2":"type-product","3":"status-publish","4":"has-post-thumbnail","6":"product_cat-computadoras","7":"product_cat-componentes","8":"product_cat-almacenamiento","10":"first","11":"instock","12":"sale","13":"shipping-taxable","14":"purchasable","15":"product-type-simple"},"acf":[],"_links":{"self":[{"href":"https:\/\/defabrica.com.mx\/defabrica\/wp-json\/wp\/v2\/product\/20537","targetHints":{"allow":["GET"]}}],"collection":[{"href":"https:\/\/defabrica.com.mx\/defabrica\/wp-json\/wp\/v2\/product"}],"about":[{"href":"https:\/\/defabrica.com.mx\/defabrica\/wp-json\/wp\/v2\/types\/product"}],"replies":[{"embeddable":true,"href":"https:\/\/defabrica.com.mx\/defabrica\/wp-json\/wp\/v2\/comments?post=20537"}],"wp:featuredmedia":[{"embeddable":true,"href":"https:\/\/defabrica.com.mx\/defabrica\/wp-json\/wp\/v2\/media\/20541"}],"wp:attachment":[{"href":"https:\/\/defabrica.com.mx\/defabrica\/wp-json\/wp\/v2\/media?parent=20537"}],"wp:term":[{"taxonomy":"product_brand","embeddable":true,"href":"https:\/\/defabrica.com.mx\/defabrica\/wp-json\/wp\/v2\/product_brand?post=20537"},{"taxonomy":"product_cat","embeddable":true,"href":"https:\/\/defabrica.com.mx\/defabrica\/wp-json\/wp\/v2\/product_cat?post=20537"},{"taxonomy":"product_tag","embeddable":true,"href":"https:\/\/defabrica.com.mx\/defabrica\/wp-json\/wp\/v2\/product_tag?post=20537"}],"curies":[{"name":"wp","href":"https:\/\/api.w.org\/{rel}","templated":true}]}}