{"id":20491,"date":"2020-12-15T23:18:31","date_gmt":"2020-12-16T05:18:31","guid":{"rendered":"https:\/\/defabrica.com.mx\/defabrica\/?post_type=product&#038;p=20491"},"modified":"2023-01-13T14:44:45","modified_gmt":"2023-01-13T20:44:45","slug":"camara-de-video-4k-sin-espejo-alpha-6100","status":"publish","type":"product","link":"https:\/\/defabrica.com.mx\/defabrica\/producto\/camara-de-video-4k-sin-espejo-alpha-6100\/","title":{"rendered":"Sony &#8211; C\u00e1mara de video 4K sin espejo Alpha 6100"},"content":{"rendered":"<div>Tome fotos llamativas con esta c\u00e1mara digital sin espejo Sony Alpha 6100 con lente de 16-50 mm.\u00a0El procesador de imagen BIONZ X junto con el sensor CMOS de 24.2MP asegura im\u00e1genes de la m\u00e1s alta calidad.\u00a0La lente de 16-50 mm ofrece un rango de distancia focal equivalente a 24-75 mm, lo que hace que esta c\u00e1mara digital sin espejo Sony Alpha 6100 sea ideal para retratos e incluso fotograf\u00edas nocturnas.<\/div>\n<h3><strong>Caracter\u00edsticas<\/strong><\/h3>\n<ul>\n<li><strong>La lente Sony E PZ 16-50 mm f \/ 3.5-5.6 OSS brinda versatilidad<\/strong><br \/>\nPerfecto para tomas diarias, que incluyen todo, desde hermosos paisajes hasta primeros planos excepcionales.<\/li>\n<li><strong>El sensor CMOS Exmor de 24.2MP ofrece detalles asombrosos y magn\u00edficas ampliaciones<\/strong><br \/>\nEl alto n\u00famero de p\u00edxeles le permite mantener una alta resoluci\u00f3n incluso despu\u00e9s de recortar, recortar e imprimir im\u00e1genes de gran tama\u00f1o.<\/li>\n<li><strong>ISO 100 &#8211; 32.000, ampliable a 51.200<\/strong><br \/>\nDisfrute de im\u00e1genes n\u00edtidas y limpias en un amplio espectro de condiciones de iluminaci\u00f3n, incluso capturando buenas tomas justo antes del amanecer y al anochecer, cuando la luz disponible suele ser hermosa pero escasa.<\/li>\n<li><strong>No te pierdas ning\u00fan disparo con velocidades de disparo de hasta 11 fps (fotogramas por segundo)<\/strong><br \/>\nSony le brinda la capacidad de capturar tomas de acci\u00f3n con una claridad impresionante.<\/li>\n<li><strong>El autofoco de 425 puntos rastrea y fija r\u00e1pidamente al sujeto<\/strong><br \/>\nEl AF h\u00edbrido r\u00e1pido ofrece un rendimiento de enfoque autom\u00e1tico impresionante con resultados precisos.<\/li>\n<li><strong>Capture pel\u00edculas espectaculares en 4K HD<\/strong><br \/>\nGraba momentos especiales debido a la buena calidad de imagen y la velocidad basada en la tecnolog\u00eda desarrollada para esta c\u00e1mara. Puede dejarle el trabajo duro.<\/li>\n<li><strong>Wi-Fi incorporado para compartir instant\u00e1neamente sus im\u00e1genes<\/strong><br \/>\nSube fotos, env\u00edalas por correo electr\u00f3nico o env\u00eda mensajes de texto desde tu c\u00e1mara a trav\u00e9s de tu tel\u00e9fono inteligente o tableta. * Tu dispositivo inteligente tambi\u00e9n puede actuar como un segundo monitor y como control remoto. Dispositivo inteligente no incluido.<\/li>\n<li><strong>La pantalla t\u00e1ctil LCD de 3 \u00abfacilita el encuadre de la toma<\/strong><br \/>\nEl monitor se inclina hacia arriba 180 \u00b0 y hacia abajo 74 \u00b0, lo que le permite encuadrar m\u00e1s f\u00e1cilmente al sujeto cuando dispara desde \u00e1ngulos altos o bajos.<\/li>\n<li><strong>El motor de procesamiento de im\u00e1genes BIONZ X \u2122 ofrece una velocidad y un rendimiento incre\u00edbles<\/strong><br \/>\nDesde la captura de im\u00e1genes y videos hasta la reproducci\u00f3n y transferencia de datos, este procesador maneja incluso las tareas m\u00e1s exigentes sin esfuerzo.<\/li>\n<li><strong>Obtenga una vista previa de su toma antes de tomarla con el visor electr\u00f3nico<\/strong><br \/>\nEl visor brillante de alto contraste le permite ver los resultados antes de disparar.<\/li>\n<li><strong>El flash autom\u00e1tico TTL (Through-The-Lens) de preflash garantiza una iluminaci\u00f3n adecuada<\/strong><br \/>\nPrecede al flash principal, lo que permite que la c\u00e1mara mida la luz disponible, ajustando la iluminaci\u00f3n para obtener la exposici\u00f3n correcta.<\/li>\n<li><strong>Los controles de balance de blancos presentan tonos precisos y naturales, independientemente de las condiciones de iluminaci\u00f3n<\/strong><br \/>\nSus configuraciones incluyen preajustes personalizados y autom\u00e1ticos, como incandescente, nublado, flash, luz del d\u00eda, sombra, fluorescente, bajo el agua, filtro de color y temperatura.<\/li>\n<li><strong>DRO (Optimizador de rango din\u00e1mico) arroja m\u00e1s luz sobre el sujeto<\/strong><br \/>\nMejora los resultados con sujetos a contraluz, recuperando detalles ocultos en las sombras, para tomas espectacularmente mejoradas.<\/li>\n<li><strong>Flash emergente para una iluminaci\u00f3n adecuada<\/strong><br \/>\nCuenta con flash de relleno, sincronizaci\u00f3n trasera, sincronizaci\u00f3n lenta, modos autom\u00e1ticos, flash apagado, reducci\u00f3n de ojos rojos, control inal\u00e1mbrico y sincronizaci\u00f3n de alta velocidad.<\/li>\n<li><strong>La salida HDMI tipo D facilita la conexi\u00f3n a HDTV<\/strong><br \/>\nSimplemente conecte su c\u00e1mara a un HDTV para la reproducci\u00f3n inmediata de pel\u00edculas. Requiere cable HDMI, se vende por separado.<\/li>\n<li><strong>Ranura de memoria multiformato para almacenar o transferir datos<\/strong><br \/>\nAcepta tarjetas SD, SDXC, SDHC, microSD, microSDHC, microSDXC, Memory Stick PRO Duo, Memory Stick PRO-HG Duo y Memory Stick Micro. Tarjetas de memoria no incluidas.<\/li>\n<\/ul>\n<p>&nbsp;<\/p>\n<div class=\"header-container header-lv\">\n<h3 class=\"heading-5 v-fw-regular\">Qu\u00e9 est\u00e1 incluido<\/h3>\n<\/div>\n<div class=\"list-container list-lv\">\n<ul class=\" bold\">\n<li class=\"bold v-fw-medium body-copy\">Cargador de bater\u00eda (AC-UUD12)<\/li>\n<li class=\"bold v-fw-medium body-copy\">Lente E PZ de 16-50 mm<\/li>\n<li class=\"bold v-fw-medium body-copy\">Cable micro USB<\/li>\n<li class=\"bold v-fw-medium body-copy\">El manual del propietario<\/li>\n<li class=\"bold v-fw-medium body-copy\">Bater\u00eda recargable (NP-FW50)<\/li>\n<li class=\"bold v-fw-medium body-copy\">Bandolera con cuerpo y tapa ocular<\/li>\n<li class=\"bold v-fw-medium body-copy\">C\u00e1mara de video 4K sin espejo Sony Alpha 6100<\/li>\n<\/ul>\n<\/div>\n<div id=\"gtx-trans\" style=\"position: absolute; left: 14px; top: 211.141px;\">\n<div class=\"gtx-trans-icon\"><\/div>\n<\/div>\n","protected":false},"excerpt":{"rendered":"<p>Tome fotos llamativas con esta c\u00e1mara digital sin espejo Sony Alpha 6100 con lente de 16-50 mm.\u00a0El procesador de imagen BIONZ X junto con el sensor CMOS de 24.2MP asegura<\/p>\n","protected":false},"featured_media":20498,"comment_status":"open","ping_status":"closed","template":"","meta":{"_acf_changed":false,"_joinchat":[]},"product_brand":[],"product_cat":[442,284,286,444,445,446],"product_tag":[],"class_list":{"0":"post-20491","1":"product","2":"type-product","3":"status-publish","4":"has-post-thumbnail","6":"product_cat-camaras","7":"product_cat-camaras-y-lentes","8":"product_cat-camaras-mirrorless","9":"product_cat-todas-las-camaras-y-lentes","10":"product_cat-creador-de-contenido","11":"product_cat-camaras-vlogging","13":"first","14":"instock","15":"sale","16":"shipping-taxable","17":"purchasable","18":"product-type-simple"},"acf":[],"_links":{"self":[{"href":"https:\/\/defabrica.com.mx\/defabrica\/wp-json\/wp\/v2\/product\/20491","targetHints":{"allow":["GET"]}}],"collection":[{"href":"https:\/\/defabrica.com.mx\/defabrica\/wp-json\/wp\/v2\/product"}],"about":[{"href":"https:\/\/defabrica.com.mx\/defabrica\/wp-json\/wp\/v2\/types\/product"}],"replies":[{"embeddable":true,"href":"https:\/\/defabrica.com.mx\/defabrica\/wp-json\/wp\/v2\/comments?post=20491"}],"wp:featuredmedia":[{"embeddable":true,"href":"https:\/\/defabrica.com.mx\/defabrica\/wp-json\/wp\/v2\/media\/20498"}],"wp:attachment":[{"href":"https:\/\/defabrica.com.mx\/defabrica\/wp-json\/wp\/v2\/media?parent=20491"}],"wp:term":[{"taxonomy":"product_brand","embeddable":true,"href":"https:\/\/defabrica.com.mx\/defabrica\/wp-json\/wp\/v2\/product_brand?post=20491"},{"taxonomy":"product_cat","embeddable":true,"href":"https:\/\/defabrica.com.mx\/defabrica\/wp-json\/wp\/v2\/product_cat?post=20491"},{"taxonomy":"product_tag","embeddable":true,"href":"https:\/\/defabrica.com.mx\/defabrica\/wp-json\/wp\/v2\/product_tag?post=20491"}],"curies":[{"name":"wp","href":"https:\/\/api.w.org\/{rel}","templated":true}]}}