{"id":20482,"date":"2020-12-15T22:58:05","date_gmt":"2020-12-16T04:58:05","guid":{"rendered":"https:\/\/defabrica.com.mx\/defabrica\/?post_type=product&#038;p=20482"},"modified":"2023-01-13T14:44:19","modified_gmt":"2023-01-13T20:44:19","slug":"camara-sin-espejo-de-fotograma-completo-alpha-7c-plata","status":"publish","type":"product","link":"https:\/\/defabrica.com.mx\/defabrica\/producto\/camara-sin-espejo-de-fotograma-completo-alpha-7c-plata\/","title":{"rendered":"Sony &#8211; C\u00e1mara sin espejo de fotograma completo Alpha 7C &#8211; Plata"},"content":{"rendered":"<div>\n<div class=\"embedded-component-container lv\">\n<div>\n<div id=\"shop-product-description-cc7ec4f5-bfca-4fbd-a85a-5213f624a6d2\" class=\"None\" data-version=\"1.3.2\">\n<div class=\"shop-product-description\">\n<section class=\"align-heading-left\" data-reactroot=\"\">\n<div class=\"long-description-container body-copy \">\n<div class=\"html-fragment\">\n<div>\n<div>Sony Alpha 7C: c\u00e1mara compacta de lentes intercambiables sin espejo de fotograma completo peque\u00f1a y liviana con sensor iluminado en la parte posterior de 24.2MP, video 4K, LCD lateral abatible y estabilizaci\u00f3n de imagen en el cuerpo de 5 ejes<\/div>\n<\/div>\n<\/div>\n<\/div>\n<\/section>\n<\/div>\n<\/div>\n<\/div>\n<\/div>\n<div class=\"embedded-component-container lv\"><\/div>\n<\/div>\n<h3><strong>Caracter\u00edsticas<\/strong><\/h3>\n<ul>\n<li><strong>Compacto y ligero<\/strong><br \/>\nC\u00e1mara de fotograma completo peque\u00f1a y ligera<\/li>\n<li><strong>Sensor avanzado de 24,2 MP<\/strong><br \/>\nEl poder del fotograma completo con un avanzado sensor de imagen de fotograma completo de 35 mm con retroiluminaci\u00f3n de 24,2 MP<\/li>\n<li><strong>ISO hasta 204.800<\/strong><br \/>\nDescubra detalles ocultos con poco ruido a trav\u00e9s de un impresionante rango ISO de ISO 50 &#8211; 2048006 y un enorme rango din\u00e1mico de 15 pasos<\/li>\n<li><strong>Disparo continuo de 10 fps<\/strong><br \/>\nCapture sujetos que se mueven r\u00e1pidamente con r\u00e1fagas de disparo de hasta 10 fotogramas en disparo mec\u00e1nico o silencioso<\/li>\n<li><strong>693 puntos de enfoque autom\u00e1tico<\/strong><br \/>\nObtenga una adquisici\u00f3n de sujetos incre\u00edblemente r\u00e1pida con 693 puntos de AF de detecci\u00f3n de fase y 425 de contraste que cubren el 93% del sensor de imagen<\/li>\n<li><strong>Video 4K de alta definici\u00f3n<\/strong><br \/>\nPel\u00edcula 4K con lectura completa de p\u00edxeles, sin agrupamiento ni recorte de p\u00edxeles y HDR<\/li>\n<li><strong>ILC de fotograma completo peque\u00f1o y ligero<\/strong><br \/>\nLa Alpha 7C es para creadores que exigen calidad y rendimiento de fotograma completo, pero tambi\u00e9n quieren una c\u00e1mara compacta y liviana que puedan llevar a cualquier parte y usar para todo tipo de creaci\u00f3n de im\u00e1genes fijas y videos.<\/li>\n<\/ul>\n<p>&nbsp;<\/p>\n<div class=\"list-container list-lv\">\n<div class=\"embedded-component-container lv\">\n<div>\n<div id=\"shop-product-energy-ratings-599742be-bcc5-4754-98e6-2d29a895ac23\" class=\"None\" data-version=\"1.3.3\">\n<div class=\"shop-product-energy-ratings\">\n<div data-reactroot=\"\">\n<div class=\"header-container header-lv\">\n<div class=\"header-container header-lv\">\n<h3 class=\"heading-5 v-fw-regular\">Qu\u00e9 est\u00e1 incluido<\/h3>\n<\/div>\n<div class=\"list-container list-lv\">\n<ul class=\" bold\">\n<li class=\"bold v-fw-medium body-copy\">C\u00e1mara<\/li>\n<li class=\"bold v-fw-medium body-copy\">cable USB<\/li>\n<li class=\"bold v-fw-medium body-copy\">adaptador de CA<\/li>\n<li class=\"bold v-fw-medium body-copy\">bater\u00eda<\/li>\n<li class=\"bold v-fw-medium body-copy\">tapa del cuerpo<\/li>\n<li class=\"bold v-fw-medium body-copy\">bandolera<\/li>\n<\/ul>\n<\/div>\n<\/div>\n<\/div>\n<\/div>\n<\/div>\n<\/div>\n<\/div>\n<\/div>\n","protected":false},"excerpt":{"rendered":"<p>Sony Alpha 7C: c\u00e1mara compacta de lentes intercambiables sin espejo de fotograma completo peque\u00f1a y liviana con sensor iluminado en la parte posterior de 24.2MP, video 4K, LCD lateral abatible<\/p>\n","protected":false},"featured_media":20489,"comment_status":"open","ping_status":"closed","template":"","meta":{"_acf_changed":false,"_joinchat":[]},"product_brand":[],"product_cat":[442,284,286,444,445,446],"product_tag":[],"class_list":{"0":"post-20482","1":"product","2":"type-product","3":"status-publish","4":"has-post-thumbnail","6":"product_cat-camaras","7":"product_cat-camaras-y-lentes","8":"product_cat-camaras-mirrorless","9":"product_cat-todas-las-camaras-y-lentes","10":"product_cat-creador-de-contenido","11":"product_cat-camaras-vlogging","13":"first","14":"instock","15":"sale","16":"shipping-taxable","17":"purchasable","18":"product-type-simple"},"acf":[],"_links":{"self":[{"href":"https:\/\/defabrica.com.mx\/defabrica\/wp-json\/wp\/v2\/product\/20482","targetHints":{"allow":["GET"]}}],"collection":[{"href":"https:\/\/defabrica.com.mx\/defabrica\/wp-json\/wp\/v2\/product"}],"about":[{"href":"https:\/\/defabrica.com.mx\/defabrica\/wp-json\/wp\/v2\/types\/product"}],"replies":[{"embeddable":true,"href":"https:\/\/defabrica.com.mx\/defabrica\/wp-json\/wp\/v2\/comments?post=20482"}],"wp:featuredmedia":[{"embeddable":true,"href":"https:\/\/defabrica.com.mx\/defabrica\/wp-json\/wp\/v2\/media\/20489"}],"wp:attachment":[{"href":"https:\/\/defabrica.com.mx\/defabrica\/wp-json\/wp\/v2\/media?parent=20482"}],"wp:term":[{"taxonomy":"product_brand","embeddable":true,"href":"https:\/\/defabrica.com.mx\/defabrica\/wp-json\/wp\/v2\/product_brand?post=20482"},{"taxonomy":"product_cat","embeddable":true,"href":"https:\/\/defabrica.com.mx\/defabrica\/wp-json\/wp\/v2\/product_cat?post=20482"},{"taxonomy":"product_tag","embeddable":true,"href":"https:\/\/defabrica.com.mx\/defabrica\/wp-json\/wp\/v2\/product_tag?post=20482"}],"curies":[{"name":"wp","href":"https:\/\/api.w.org\/{rel}","templated":true}]}}