{"id":20461,"date":"2020-12-15T19:35:09","date_gmt":"2020-12-16T01:35:09","guid":{"rendered":"https:\/\/defabrica.com.mx\/defabrica\/?post_type=product&#038;p=20461"},"modified":"2023-01-13T14:43:09","modified_gmt":"2023-01-13T20:43:09","slug":"camara-digital-zv-1-de-201-megapixeles","status":"publish","type":"product","link":"https:\/\/defabrica.com.mx\/defabrica\/producto\/camara-digital-zv-1-de-201-megapixeles\/","title":{"rendered":"Sony &#8211; C\u00e1mara digital ZV-1 de 20,1 megap\u00edxeles"},"content":{"rendered":"<div>\n<div class=\"embedded-component-container lv\">\n<div>\n<div id=\"shop-product-description-db964929-f464-4bfe-a105-3bb811e72766\" class=\"None\" data-version=\"1.3.2\">\n<div class=\"shop-product-description\">\n<section class=\"align-heading-left\" data-reactroot=\"\">\n<div class=\"long-description-container body-copy \">\n<div class=\"html-fragment\">\n<div>\n<div>Cree contenido excepcional para sus espectadores con esta c\u00e1mara digital 4K compacta de Sony.\u00a0El sensor de 20 megap\u00edxeles captura im\u00e1genes y videos detallados, mientras que la funcionalidad Wi-Fi permite compartir fotos f\u00e1cilmente en redes.\u00a0Esta c\u00e1mara digital 4K compacta de Sony cuenta con estabilizaci\u00f3n de imagen para tomas claras mientras camina, y la exposici\u00f3n autom\u00e1tica rastrea e ilumina los rostros para lograr consistencia en diversas condiciones de iluminaci\u00f3n.<\/div>\n<\/div>\n<\/div>\n<\/div>\n<\/section>\n<\/div>\n<\/div>\n<\/div>\n<\/div>\n<\/div>\n<p>&nbsp;<\/p>\n<h3><strong>Caracter\u00edsticas<\/strong><\/h3>\n<ul>\n<li><strong>Pantalla LCD t\u00e1ctil a color de 3 \u00ab<\/strong><br \/>\nPermite una visualizaci\u00f3n clara y una navegaci\u00f3n sencilla.<\/li>\n<li><strong>Sensor CMOS Exmor RS de tipo 1.0<\/strong><br \/>\nJunto con el motor de procesamiento de im\u00e1genes BIONZ X y el LSI frontal, proporciona 20.1MP a hasta 24 fps de disparo continuo, una pel\u00edcula 4K impresionante y una grabaci\u00f3n de clips de pel\u00edcula HFR en c\u00e1mara s\u00faper lenta de hasta 960 fps.<\/li>\n<li><strong>Zoom \u00f3ptico 2.7x \/ digital 44x<\/strong><br \/>\nOfrece la velocidad y precisi\u00f3n que necesita para tomas perfectas.<\/li>\n<li><strong>Grabaci\u00f3n 4K HDR (HLG) de alta resoluci\u00f3n<\/strong><br \/>\nEl ZV-1 graba pel\u00edculas 4K con lectura de p\u00edxeles completa y sin agrupamiento de p\u00edxeles con sobremuestreo para una alta calidad de imagen.<\/li>\n<li><strong>Motor de procesamiento de im\u00e1genes BIONZ X<\/strong><br \/>\nBrinda colores vibrantes, contraste sutil, im\u00e1genes de gran nitidez y detalles finos de la imagen al mismo tiempo que minimiza el ruido para obtener im\u00e1genes reales.<\/li>\n<li><strong>Estabilizaci\u00f3n de imagen avanzada<\/strong><br \/>\nGarantiza un video estable, incluso para los creadores de contenido activos que graban en la computadora de mano mientras caminan.<\/li>\n<li><strong>Gama completa de modos de escena<\/strong><br \/>\nIncluye retrato, acci\u00f3n deportiva, macro, paisaje, puesta de sol, escena nocturna, crep\u00fasculo manual, retrato nocturno, anti-desenfoque de movimiento, modo de mascota, gourmet, fuegos artificiales y modos de alta sensibilidad.<\/li>\n<li><strong>Disparo sin apagones<\/strong><br \/>\nLe permite seguir el movimiento de su sujeto sin interrupci\u00f3n en la pantalla LCD de la c\u00e1mara como si lo estuviera siguiendo a simple vista.<\/li>\n<li><strong>Controles de balance de blancos autom\u00e1ticos, personalizados y preestablecidos<\/strong><br \/>\nAyuda a lograr tonos naturales bajo diferentes condiciones de iluminaci\u00f3n.<\/li>\n<li><strong>Wi-fi incorporado<\/strong><br \/>\nFacilita compartir archivos almacenados entre dispositivos.<\/li>\n<li><strong>Hasta 24 fps con AF \/ AE continuo<\/strong><br \/>\nEl sensor de imagen Exmor RS ofrece un disparo continuo de hasta 24 fps, mientras que la c\u00e1mara sigue a los sujetos con AF \/ AE, incluso cuando se mueven de forma err\u00e1tica o a alta velocidad.<\/li>\n<li><strong>Modo de disparo de r\u00e1faga \u00fanica<\/strong><br \/>\nTome siete fotos en r\u00e1pida sucesi\u00f3n a velocidades seleccionables de 90, 60 o 30 fps.<\/li>\n<li><strong>Ranura de medios<\/strong><br \/>\nAdmite tarjetas de memoria SDXC \/ SDHC \/ SD, micro SDXC \/ SDHC \/ SD y Memory Stick Duo, Memory Stick PRO Duo, Memory Stick PRO-HG Duo, Memory Stick Micro.<\/li>\n<\/ul>\n<p>&nbsp;<\/p>\n<div class=\"header-container header-lv\">\n<h3 class=\"heading-5 v-fw-regular\">Qu\u00e9 est\u00e1 incluido<\/h3>\n<\/div>\n<div class=\"list-container list-lv\">\n<ul class=\" bold\">\n<li class=\"bold v-fw-medium body-copy\">Bater\u00eda ||\u00a0Cable micro USB<\/li>\n<li class=\"bold v-fw-medium body-copy\">Manual de instrucciones<\/li>\n<li class=\"bold v-fw-medium body-copy\">Pantalla antiviento de micr\u00f3fono con adaptador<\/li>\n<li class=\"bold v-fw-medium body-copy\">C\u00e1mara digital Sony ZV-1 de 20,1 megap\u00edxeles<\/li>\n<\/ul>\n<\/div>\n","protected":false},"excerpt":{"rendered":"<p>Cree contenido excepcional para sus espectadores con esta c\u00e1mara digital 4K compacta de Sony.\u00a0El sensor de 20 megap\u00edxeles captura im\u00e1genes y videos detallados, mientras que la funcionalidad Wi-Fi permite compartir<\/p>\n","protected":false},"featured_media":20468,"comment_status":"open","ping_status":"closed","template":"","meta":{"_acf_changed":false,"_joinchat":[]},"product_brand":[],"product_cat":[442,444,290,445,446],"product_tag":[],"class_list":{"0":"post-20461","1":"product","2":"type-product","3":"status-publish","4":"has-post-thumbnail","6":"product_cat-camaras","7":"product_cat-todas-las-camaras-y-lentes","8":"product_cat-videocamaras","9":"product_cat-creador-de-contenido","10":"product_cat-camaras-vlogging","12":"first","13":"instock","14":"sale","15":"shipping-taxable","16":"purchasable","17":"product-type-simple"},"acf":[],"_links":{"self":[{"href":"https:\/\/defabrica.com.mx\/defabrica\/wp-json\/wp\/v2\/product\/20461","targetHints":{"allow":["GET"]}}],"collection":[{"href":"https:\/\/defabrica.com.mx\/defabrica\/wp-json\/wp\/v2\/product"}],"about":[{"href":"https:\/\/defabrica.com.mx\/defabrica\/wp-json\/wp\/v2\/types\/product"}],"replies":[{"embeddable":true,"href":"https:\/\/defabrica.com.mx\/defabrica\/wp-json\/wp\/v2\/comments?post=20461"}],"wp:featuredmedia":[{"embeddable":true,"href":"https:\/\/defabrica.com.mx\/defabrica\/wp-json\/wp\/v2\/media\/20468"}],"wp:attachment":[{"href":"https:\/\/defabrica.com.mx\/defabrica\/wp-json\/wp\/v2\/media?parent=20461"}],"wp:term":[{"taxonomy":"product_brand","embeddable":true,"href":"https:\/\/defabrica.com.mx\/defabrica\/wp-json\/wp\/v2\/product_brand?post=20461"},{"taxonomy":"product_cat","embeddable":true,"href":"https:\/\/defabrica.com.mx\/defabrica\/wp-json\/wp\/v2\/product_cat?post=20461"},{"taxonomy":"product_tag","embeddable":true,"href":"https:\/\/defabrica.com.mx\/defabrica\/wp-json\/wp\/v2\/product_tag?post=20461"}],"curies":[{"name":"wp","href":"https:\/\/api.w.org\/{rel}","templated":true}]}}