{"id":20438,"date":"2020-12-15T18:33:27","date_gmt":"2020-12-16T00:33:27","guid":{"rendered":"https:\/\/defabrica.com.mx\/defabrica\/?post_type=product&#038;p=20438"},"modified":"2023-01-13T14:42:44","modified_gmt":"2023-01-13T20:42:44","slug":"camara-corporal-con-memoria-flash-p1-fhd-de-64-gb","status":"publish","type":"product","link":"https:\/\/defabrica.com.mx\/defabrica\/producto\/camara-corporal-con-memoria-flash-p1-fhd-de-64-gb\/","title":{"rendered":"Rexing &#8211; C\u00e1mara corporal con memoria flash P1 FHD 64 GB"},"content":{"rendered":"<div class=\"embedded-component-container lv\">\n<div>\n<div id=\"shop-product-description-d7f6aa2a-7408-4cee-affe-f6e12b5d62d3\" class=\"None\" data-version=\"1.3.2\">\n<div class=\"shop-product-description\">\n<section class=\"align-heading-left\" data-reactroot=\"\">\n<div class=\"long-description-container body-copy \">\n<div class=\"html-fragment\">\n<div>\n<div>Grabaci\u00f3n 1080P FHD, Rexing P1 C\u00e1mara corporal equipada con 6 luces infrarrojas, captura im\u00e1genes claras hasta 50 pies de distancia en la oscuridad m\u00e1s absoluta.\u00a0Con el almacenamiento integrado de 64 GB, habr\u00e1 mucho espacio para almacenar todos los videos capturados durante sus pr\u00f3ximos d\u00edas h\u00e1biles.<\/div>\n<\/div>\n<\/div>\n<\/div>\n<\/section>\n<\/div>\n<\/div>\n<\/div>\n<\/div>\n<div class=\"embedded-component-container lv\"><\/div>\n<div><\/div>\n<div><\/div>\n<div>\n<h3><\/h3>\n<h3><\/h3>\n<h3><strong>Caracter\u00edsticas<\/strong><\/h3>\n<ul>\n<li><strong>Pantalla LCD en color de 2 \u00ab<\/strong><br \/>\nLe brinda una visi\u00f3n clara de la acci\u00f3n que est\u00e1 grabando o revisando.<\/li>\n<li><strong>Lente gran angular<\/strong><br \/>\nCon autofoco instant\u00e1neo para eliminar im\u00e1genes borrosas.<\/li>\n<li><strong>Bater\u00eda recargable de iones de litio<\/strong><br \/>\nDura hasta 20 horas en modo de espera.<\/li>\n<li><strong>Interfaz USB<\/strong><br \/>\nPara una f\u00e1cil transferencia de im\u00e1genes. La capacidad de transmisi\u00f3n USB permite que la videoc\u00e1mara funcione como una c\u00e1mara web.<\/li>\n<li><strong>Memoria interna de 64 GB<\/strong><br \/>\nEl espacioso almacenamiento incorporado le permite almacenar sus grabaciones de video, im\u00e1genes y audio sin problemas.<\/li>\n<li><strong>Grabaci\u00f3n FHD de 1080p y visi\u00f3n nocturna por infrarrojos<\/strong><br \/>\nCaptura videos en resoluci\u00f3n Full HD con LED infrarrojos de alta intensidad.<\/li>\n<li><strong>Grabaci\u00f3n en bucle<\/strong><br \/>\nLas grabaciones m\u00e1s antiguas se eliminar\u00e1n cuando se alcance el l\u00edmite de almacenamiento.<\/li>\n<li><strong>Lente ultra gran angular de 170 \u00b0<\/strong><br \/>\nCaptura y graba una vista amplia con informaci\u00f3n detallada del entorno.<\/li>\n<li><strong>Modo de p\u00e1nico policial<\/strong><br \/>\nCambie a este modo presionando un bot\u00f3n y el P1 reproducir\u00e1 un sonido de sirena audible fuerte y destellar\u00e1 luces rojas y azules.<\/li>\n<li><strong>Protecci\u00f3n de contrase\u00f1a<\/strong><br \/>\nSe pueden configurar contrase\u00f1as personales para evitar el robo o la eliminaci\u00f3n de grabaciones.<\/li>\n<li><strong>Impermeable y a prueba de golpes<\/strong><br \/>\nUna c\u00e1mara corporal ideal en las condiciones clim\u00e1ticas y laborales m\u00e1s adversas.<\/li>\n<li><strong>Bater\u00eda de larga duraci\u00f3n<\/strong><br \/>\nLa bater\u00eda recargable incorporada de 3000 mAh permite que el P1 tenga una duraci\u00f3n en espera de 20 horas y m\u00e1s de 11 horas de grabaci\u00f3n de audio con una carga completa.<\/li>\n<\/ul>\n<p>&nbsp;<\/p>\n<\/div>\n<div class=\"header-container header-lv\">\n<h3 class=\"heading-5 v-fw-regular\">Qu\u00e9 est\u00e1 incluido<\/h3>\n<\/div>\n<div class=\"list-container list-lv\">\n<ul class=\" bold\">\n<li class=\"bold v-fw-medium body-copy\">Cargador<\/li>\n<li class=\"bold v-fw-medium body-copy\">Clip para charretera<\/li>\n<li class=\"bold v-fw-medium body-copy\">C\u00e1mara corporal Rexing P1<\/li>\n<li class=\"bold v-fw-medium body-copy\">Cable USB<\/li>\n<li class=\"bold v-fw-medium body-copy\">Clip de metal universal<\/li>\n<li class=\"bold v-fw-medium body-copy\">Manual de usuario<\/li>\n<\/ul>\n<\/div>\n","protected":false},"excerpt":{"rendered":"<p>Grabaci\u00f3n 1080P FHD, Rexing P1 C\u00e1mara corporal equipada con 6 luces infrarrojas, captura im\u00e1genes claras hasta 50 pies de distancia en la oscuridad m\u00e1s absoluta.\u00a0Con el almacenamiento integrado de 64<\/p>\n","protected":false},"featured_media":20444,"comment_status":"open","ping_status":"closed","template":"","meta":{"_acf_changed":false,"_joinchat":[]},"product_brand":[],"product_cat":[442,290,291],"product_tag":[],"class_list":{"0":"post-20438","1":"product","2":"type-product","3":"status-publish","4":"has-post-thumbnail","6":"product_cat-camaras","7":"product_cat-videocamaras","8":"product_cat-deportivas-y-accion","10":"first","11":"instock","12":"sale","13":"shipping-taxable","14":"purchasable","15":"product-type-simple"},"acf":[],"_links":{"self":[{"href":"https:\/\/defabrica.com.mx\/defabrica\/wp-json\/wp\/v2\/product\/20438","targetHints":{"allow":["GET"]}}],"collection":[{"href":"https:\/\/defabrica.com.mx\/defabrica\/wp-json\/wp\/v2\/product"}],"about":[{"href":"https:\/\/defabrica.com.mx\/defabrica\/wp-json\/wp\/v2\/types\/product"}],"replies":[{"embeddable":true,"href":"https:\/\/defabrica.com.mx\/defabrica\/wp-json\/wp\/v2\/comments?post=20438"}],"wp:featuredmedia":[{"embeddable":true,"href":"https:\/\/defabrica.com.mx\/defabrica\/wp-json\/wp\/v2\/media\/20444"}],"wp:attachment":[{"href":"https:\/\/defabrica.com.mx\/defabrica\/wp-json\/wp\/v2\/media?parent=20438"}],"wp:term":[{"taxonomy":"product_brand","embeddable":true,"href":"https:\/\/defabrica.com.mx\/defabrica\/wp-json\/wp\/v2\/product_brand?post=20438"},{"taxonomy":"product_cat","embeddable":true,"href":"https:\/\/defabrica.com.mx\/defabrica\/wp-json\/wp\/v2\/product_cat?post=20438"},{"taxonomy":"product_tag","embeddable":true,"href":"https:\/\/defabrica.com.mx\/defabrica\/wp-json\/wp\/v2\/product_tag?post=20438"}],"curies":[{"name":"wp","href":"https:\/\/api.w.org\/{rel}","templated":true}]}}