{"id":20430,"date":"2020-12-15T18:09:29","date_gmt":"2020-12-16T00:09:29","guid":{"rendered":"https:\/\/defabrica.com.mx\/defabrica\/?post_type=product&#038;p=20430"},"modified":"2023-01-13T14:42:20","modified_gmt":"2023-01-13T20:42:20","slug":"camara-de-accion-de-transmision-hero9-black-5k-y-20-mp","status":"publish","type":"product","link":"https:\/\/defabrica.com.mx\/defabrica\/producto\/camara-de-accion-de-transmision-hero9-black-5k-y-20-mp\/","title":{"rendered":"GoPro &#8211; C\u00e1mara de acci\u00f3n HERO9 Black 5K y 20 MP"},"content":{"rendered":"<p>Grabe vlogs cautivadores y tome fotos brillantes con esta c\u00e1mara GoPro HERO9 negra.\u00a0El sensor CMOS de alta calidad captura videos de 5K e im\u00e1genes de hasta 20.0MP para una claridad asombrosa, y la compatibilidad con una tarjeta microSD ofrece espacio de almacenamiento personalizable.\u00a0Esta c\u00e1mara GoPro HERO9 resistente al agua permite su uso en la playa o la piscina.<\/p>\n<h3><strong>Caracter\u00edsticas<\/strong><\/h3>\n<ul>\n<li><strong>V\u00eddeo 5K<\/strong><br \/>\nGraba videos asombrosos con una resoluci\u00f3n de hasta 5K, perfecta para mantener detalles serios incluso al hacer zoom. Con un nuevo sensor de 23.6MP que es una potencia absoluta, la HERO9 Black brinda una nitidez de imagen realista, movimiento fluido y nivelaci\u00f3n del horizonte en la c\u00e1mara que siempre impresiona.<\/li>\n<li><strong>Foto de 20 MP con SuperPhoto<\/strong><br \/>\nCapture fotograf\u00edas n\u00edtidas de calidad profesional con una claridad de 20 MP. Y con SuperPhoto, la HERO9 Black puede elegir autom\u00e1ticamente el mejor procesamiento de im\u00e1genes para ti, por lo que es muy f\u00e1cil realizar la toma.<\/li>\n<li><strong>Montaje integrado<\/strong><br \/>\nNo m\u00e1s llevar un marco separado. Simplemente levante los dedos plegables, conecte su c\u00e1mara a cualquier soporte y listo.<\/li>\n<li><strong>Pantalla frontal + pantalla t\u00e1ctil trasera<\/strong><br \/>\nUna nueva pantalla t\u00e1ctil trasera m\u00e1s grande con zoom t\u00e1ctil en la HERO9 Black deber\u00eda resultar familiar al instante y una nueva pantalla frontal deslumbrante facilita el encuadre y el control intuitivo de la c\u00e1mara.<\/li>\n<li><strong>Bater\u00eda potente<\/strong><br \/>\nUn 30% m\u00e1s de duraci\u00f3n de la bater\u00eda est\u00e1 aqu\u00ed gracias a una bater\u00eda m\u00e1s grande de 1720 mAh. Esto le permite disparar m\u00e1s sin tener que cambiar las bater\u00edas y tiene suficiente energ\u00eda para alimentar su c\u00e1mara en el fr\u00edo.<\/li>\n<li><strong>HyperSmooth 3.0<\/strong><br \/>\nExperimente la m\u00e1xima suavidad con nuestra estabilizaci\u00f3n de video m\u00e1s avanzada. HyperSmooth 3.0 permite nivelar y aumentar el horizonte en la c\u00e1mara en todos los entornos.<\/li>\n<li><strong>Nivelaci\u00f3n del horizonte<\/strong><br \/>\nLa nivelaci\u00f3n del horizonte en la c\u00e1mara (hasta un 45% de inclinaci\u00f3n) ahora es posible con la nueva lente digital Linear + Horizon Leveling, que ayuda a que el metraje se mantenga estable y recto.<\/li>\n<li><strong>TimeWarp 3.0<\/strong><br \/>\nGrabe fascinantes escenas de lapso de tiempo mientras se mueve en la carretera, a pie o en cualquier otro lugar. TimeWarp 3.0 condensa el tiempo, capturando momentos como ning\u00fan otro. Speed \u200b\u200bRamp es una nueva capacidad que le permite seleccionar la velocidad real (ahora con audio) o la velocidad media durante la grabaci\u00f3n.<\/li>\n<li><strong>Pantalla t\u00e1ctil intuitiva<\/strong><br \/>\nSea un buen operador. Con una pantalla t\u00e1ctil, es f\u00e1cil controlar su c\u00e1mara. O encuadre su toma, reproduzca metraje y tome una selfie en modo H\u00c9ROE.<\/li>\n<li><strong>Transmisi\u00f3n en vivo en 1080p<\/strong><br \/>\nTransmita en vivo en 1080p en redes sociales, obtenga estabilizaci\u00f3n HyperSmooth mientras transmite a trav\u00e9s de la aplicaci\u00f3n GoPro y guarde las im\u00e1genes en su tarjeta SD para verlas m\u00e1s tarde.<\/li>\n<li><strong>Modo webcam<\/strong><br \/>\nConecta la HERO9 Black a tu computadora para transmitir en Full HD de 1080p. Utilice soportes GoPro para crear la configuraci\u00f3n de c\u00e1mara web ideal.<\/li>\n<li><strong>Robusto + resistente al agua<\/strong><br \/>\nDispara en las condiciones m\u00e1s dif\u00edciles imaginables. HERO9 Black puede soportarlo. Es duro como clavos y resistente al agua hasta 33 pies nada m\u00e1s sacarlo de la caja.<\/li>\n<li><strong>Herramientas el\u00e9ctricas<\/strong><br \/>\nLa HERO9 Black viene con Power Tools, un conjunto completo de configuraciones de captura inteligente que ampl\u00edan las opciones de captura m\u00e1s all\u00e1 de simplemente presionar el bot\u00f3n del obturador. Las herramientas el\u00e9ctricas incluyen HindSight, LiveBurst, Captura programada y Captura de duraci\u00f3n.<\/li>\n<li><strong>Video secuencial nocturno<\/strong><br \/>\nGrabe incre\u00edbles videos de lapso de tiempo por la noche en 4K, 2.7 4: 3, 1440p o 1080p, todo procesado en la c\u00e1mara.<\/li>\n<li><strong>Lentes digitales<\/strong><br \/>\nLas tomas \u00e9picas son tan f\u00e1ciles como tocar una lente digital. Ahora puede cambiar entre Narrow, Linear, Wide, SuperView y Linear + Horizon Leveling.<\/li>\n<li><strong>Control de voz<\/strong><br \/>\nUtiliza las manos libres con 14 comandos de voz como \u00abGoPro, toma una foto\u00bb. Incluso si la c\u00e1mara est\u00e1 apagada, puedes decir \u00abGoPro, enciende\u00bb. HERO9 Black comprende ingl\u00e9s (EE. UU., Reino Unido, AU e India), franc\u00e9s, espa\u00f1ol (UE y NA) y m\u00e1s.<\/li>\n<li><strong>Orientaci\u00f3n Vertical<\/strong><br \/>\nCapture fotos y videos en orientaci\u00f3n vertical, perfecta para sus historias de Snapchat e Instagram.<\/li>\n<li><strong>Foto RAW<\/strong><br \/>\nEl modo RAW ofrece la mayor flexibilidad, est\u00e1 disponible para fotograf\u00edas secuenciales y en r\u00e1faga, adem\u00e1s de que funciona en secuencias de una o varias tomas.<\/li>\n<li><strong>8x c\u00e1mara lenta<\/strong><br \/>\nTodo parece \u00e9pico en c\u00e1mara lenta. El video de 1080p con una velocidad de cuadro ultra alta, con estabilizaci\u00f3n HyperSmooth 3.0, permite una c\u00e1mara lenta de hasta 8x para este efecto siempre popular.<\/li>\n<li><strong>Descarga USB-C a dispositivos Android<\/strong><br \/>\nTransfiere fotos y videos r\u00e1pidamente mediante un cable USB-C. Perfecto para cuando quieres esa conexi\u00f3n de la vieja escuela. Compatible con dispositivos Android.<\/li>\n<li><strong>Formato de video HEVC<\/strong><br \/>\nNo acapares toda la tarjeta SD. Utilice codificaci\u00f3n de video de alta eficiencia (HEVC) para reducir el tama\u00f1o de los archivos sin perder calidad de imagen.<\/li>\n<li><strong>Superposiciones de datos + GPS<\/strong><br \/>\nMuestre su ubicaci\u00f3n, altitud y velocidad en la pantalla agregando superposiciones de datos a sus videos en la aplicaci\u00f3n GoPro. Las opciones incluyen veloc\u00edmetro, logotipo de GoPro, ruta de GPS, altitud, mapa, gr\u00e1fico de velocidad y G-Force.<\/li>\n<li><strong>Detecci\u00f3n de rostro, sonrisa, parpadeo + escena<\/strong><br \/>\nHERO9 Black reconoce sonrisas, parpadeos y m\u00e1s. La aplicaci\u00f3n GoPro usa esos detalles para elegir de manera inteligente tus mejores fotos y videos para crear historias de video incre\u00edbles.<\/li>\n<li><strong>Aplicaci\u00f3n GoPro<\/strong><br \/>\nLa aplicaci\u00f3n le permite controlar su c\u00e1mara de forma remota, iniciar y detener la grabaci\u00f3n y descargar medios. Adem\u00e1s, puede realizar ediciones de uno o varios clips y compartir todo desde su tel\u00e9fono.<\/li>\n<li><strong>Compatible con soportes y accesorios GoPro<\/strong><br \/>\nCaptura tu mundo con 45 soportes y accesorios compatibles, que incluyen modificaciones para crear tu central el\u00e9ctrica port\u00e1til HERO9 Black.<\/li>\n<\/ul>\n<p>&nbsp;<\/p>\n<div class=\"header-container header-lv\">\n<h3 class=\"heading-5 v-fw-regular\">Qu\u00e9 est\u00e1 incluido<\/h3>\n<\/div>\n<div class=\"list-container list-lv\">\n<ul class=\" bold\">\n<li class=\"bold v-fw-medium body-copy\">Estuche de transporte<\/li>\n<li class=\"bold v-fw-medium body-copy\">Soporte adhesivo curvo<\/li>\n<li class=\"bold v-fw-medium body-copy\">C\u00e1mara de acci\u00f3n impermeable GoPro HERO9 Black 5K<\/li>\n<li class=\"bold v-fw-medium body-copy\">Hebilla de montaje y tornillo de mariposa<\/li>\n<li class=\"bold v-fw-medium body-copy\">El manual del propietario<\/li>\n<li class=\"bold v-fw-medium body-copy\">Bater\u00eda recargable<\/li>\n<li class=\"bold v-fw-medium body-copy\">Cable USB-C<\/li>\n<\/ul>\n<\/div>\n","protected":false},"excerpt":{"rendered":"<p>Grabe vlogs cautivadores y tome fotos brillantes con esta c\u00e1mara GoPro HERO9 negra.\u00a0El sensor CMOS de alta calidad captura videos de 5K e im\u00e1genes de hasta 20.0MP para una claridad<\/p>\n","protected":false},"featured_media":20436,"comment_status":"open","ping_status":"closed","template":"","meta":{"_acf_changed":false,"_joinchat":[]},"product_brand":[],"product_cat":[442,290,291,445,446],"product_tag":[],"class_list":{"0":"post-20430","1":"product","2":"type-product","3":"status-publish","4":"has-post-thumbnail","6":"product_cat-camaras","7":"product_cat-videocamaras","8":"product_cat-deportivas-y-accion","9":"product_cat-creador-de-contenido","10":"product_cat-camaras-vlogging","12":"first","13":"instock","14":"sale","15":"shipping-taxable","16":"purchasable","17":"product-type-simple"},"acf":[],"_links":{"self":[{"href":"https:\/\/defabrica.com.mx\/defabrica\/wp-json\/wp\/v2\/product\/20430","targetHints":{"allow":["GET"]}}],"collection":[{"href":"https:\/\/defabrica.com.mx\/defabrica\/wp-json\/wp\/v2\/product"}],"about":[{"href":"https:\/\/defabrica.com.mx\/defabrica\/wp-json\/wp\/v2\/types\/product"}],"replies":[{"embeddable":true,"href":"https:\/\/defabrica.com.mx\/defabrica\/wp-json\/wp\/v2\/comments?post=20430"}],"wp:featuredmedia":[{"embeddable":true,"href":"https:\/\/defabrica.com.mx\/defabrica\/wp-json\/wp\/v2\/media\/20436"}],"wp:attachment":[{"href":"https:\/\/defabrica.com.mx\/defabrica\/wp-json\/wp\/v2\/media?parent=20430"}],"wp:term":[{"taxonomy":"product_brand","embeddable":true,"href":"https:\/\/defabrica.com.mx\/defabrica\/wp-json\/wp\/v2\/product_brand?post=20430"},{"taxonomy":"product_cat","embeddable":true,"href":"https:\/\/defabrica.com.mx\/defabrica\/wp-json\/wp\/v2\/product_cat?post=20430"},{"taxonomy":"product_tag","embeddable":true,"href":"https:\/\/defabrica.com.mx\/defabrica\/wp-json\/wp\/v2\/product_tag?post=20430"}],"curies":[{"name":"wp","href":"https:\/\/api.w.org\/{rel}","templated":true}]}}