{"id":20422,"date":"2020-12-15T17:09:51","date_gmt":"2020-12-15T23:09:51","guid":{"rendered":"https:\/\/defabrica.com.mx\/defabrica\/?post_type=product&#038;p=20422"},"modified":"2023-01-13T14:40:48","modified_gmt":"2023-01-13T20:40:48","slug":"lente-estandar-nikon-af-nikkor-50-mm-f-1-8d","status":"publish","type":"product","link":"https:\/\/defabrica.com.mx\/defabrica\/producto\/lente-estandar-nikon-af-nikkor-50-mm-f-1-8d\/","title":{"rendered":"Nikon &#8211; Lente est\u00e1ndar Nikon AF NIKKOR 50 mm f \/ 1.8D"},"content":{"rendered":"<p>Lente est\u00e1ndar Nikon AF NIKKOR 50 mm f \/ 1.8D: la apertura amplia de esta lente Nikon vers\u00e1til le permite capturar fotos en la mayor\u00eda de situaciones sin flash.\u00a0Independientemente de lo que est\u00e9 filmando, obtendr\u00e1 resultados consistentemente n\u00edtidos al anochecer, al amanecer o incluso con poca luz interior.\u00a0Con un peso de solo 5,5 oz., Es una lente de transporte conveniente para tomar fotograf\u00edas y videos.<\/p>\n<h3><strong>Caracter\u00edsticas<\/strong><\/h3>\n<ul>\n<li><strong>Compatible con una variedad de c\u00e1maras Nikon DSLR<\/strong><br \/>\nFunciona con cualquier c\u00e1mara DSLR de formato DX o FX de Nikon con montura de bayoneta F.<\/li>\n<li><strong>50 mm de distancia focal<\/strong><br \/>\nUna distancia focal vers\u00e1til para capturar tomas n\u00edtidas en una variedad de situaciones de disparo.<\/li>\n<li><strong>Apertura m\u00e1xima f \/ 1.8<\/strong><br \/>\nPara una capacidad de captaci\u00f3n de luz \u00f3ptima, lo que resulta en im\u00e1genes claras y muy detalladas.<\/li>\n<li><strong>Revestimiento de lente avanzado para \u00f3pticas mejoradas<\/strong><br \/>\nEl recubrimiento s\u00faper integrado aumenta la consistencia del color y reduce los destellos.<\/li>\n<li><strong>Distancia m\u00ednima de enfoque de 1,5 &#8216;<\/strong><\/li>\n<li><strong>Tiene capacidad para filtros de 52 mm<\/strong><\/li>\n<\/ul>\n<p>&nbsp;<\/p>\n<p>&nbsp;<\/p>\n","protected":false},"excerpt":{"rendered":"<p>Lente est\u00e1ndar Nikon AF NIKKOR 50 mm f \/ 1.8D: la apertura amplia de esta lente Nikon vers\u00e1til le permite capturar fotos en la mayor\u00eda de situaciones sin flash.\u00a0Independientemente de<\/p>\n","protected":false},"featured_media":20423,"comment_status":"open","ping_status":"closed","template":"","meta":{"_acf_changed":false,"_joinchat":[]},"product_brand":[],"product_cat":[442,284,443,444],"product_tag":[],"class_list":{"0":"post-20422","1":"product","2":"type-product","3":"status-publish","4":"has-post-thumbnail","6":"product_cat-camaras","7":"product_cat-camaras-y-lentes","8":"product_cat-lentes","9":"product_cat-todas-las-camaras-y-lentes","11":"first","12":"instock","13":"sale","14":"shipping-taxable","15":"purchasable","16":"product-type-simple"},"acf":[],"_links":{"self":[{"href":"https:\/\/defabrica.com.mx\/defabrica\/wp-json\/wp\/v2\/product\/20422","targetHints":{"allow":["GET"]}}],"collection":[{"href":"https:\/\/defabrica.com.mx\/defabrica\/wp-json\/wp\/v2\/product"}],"about":[{"href":"https:\/\/defabrica.com.mx\/defabrica\/wp-json\/wp\/v2\/types\/product"}],"replies":[{"embeddable":true,"href":"https:\/\/defabrica.com.mx\/defabrica\/wp-json\/wp\/v2\/comments?post=20422"}],"wp:featuredmedia":[{"embeddable":true,"href":"https:\/\/defabrica.com.mx\/defabrica\/wp-json\/wp\/v2\/media\/20423"}],"wp:attachment":[{"href":"https:\/\/defabrica.com.mx\/defabrica\/wp-json\/wp\/v2\/media?parent=20422"}],"wp:term":[{"taxonomy":"product_brand","embeddable":true,"href":"https:\/\/defabrica.com.mx\/defabrica\/wp-json\/wp\/v2\/product_brand?post=20422"},{"taxonomy":"product_cat","embeddable":true,"href":"https:\/\/defabrica.com.mx\/defabrica\/wp-json\/wp\/v2\/product_cat?post=20422"},{"taxonomy":"product_tag","embeddable":true,"href":"https:\/\/defabrica.com.mx\/defabrica\/wp-json\/wp\/v2\/product_tag?post=20422"}],"curies":[{"name":"wp","href":"https:\/\/api.w.org\/{rel}","templated":true}]}}