{"id":20414,"date":"2020-12-15T16:14:14","date_gmt":"2020-12-15T22:14:14","guid":{"rendered":"https:\/\/defabrica.com.mx\/defabrica\/?post_type=product&#038;p=20414"},"modified":"2023-01-13T14:40:19","modified_gmt":"2023-01-13T20:40:19","slug":"lente-estandar-ef-s-24-mm-f-2-8-stm","status":"publish","type":"product","link":"https:\/\/defabrica.com.mx\/defabrica\/producto\/lente-estandar-ef-s-24-mm-f-2-8-stm\/","title":{"rendered":"Canon &#8211; Lente est\u00e1ndar EF-S 24 mm f \/ 2.8 STM"},"content":{"rendered":"<div>Capture im\u00e1genes asombrosas de amplias perspectivas con este lente gran angular Canon 9522B002 EF-S que cuenta con un elemento de lente asf\u00e9rico para una alta calidad de imagen desde el centro hasta los bordes.\u00a0La apertura circular de 7 hojas ofrece fondos suaves.<\/div>\n<div><\/div>\n<div><\/div>\n<div><\/div>\n<div>\n<h3><\/h3>\n<h3><strong>Caracter\u00edsticas<\/strong><\/h3>\n<ul>\n<li><strong>Compatible con c\u00e1maras Canon APS-C<\/strong><br \/>\nPara usar con su c\u00e1mara existente.<\/li>\n<li><strong>Motor paso a paso<\/strong><br \/>\nAdmite la funci\u00f3n Canon EOS Movie Servo AF para proporcionar un enfoque autom\u00e1tico continuo y suave al grabar videos o fotograf\u00edas.<\/li>\n<li><strong>Enfoque manual a tiempo completo en el modo AF foto a foto<\/strong><br \/>\nPermite el ajuste manual de la lente para un control de enfoque fino.<\/li>\n<li><strong>Mecanismo de apertura de control de accionamiento de micropasos<\/strong><br \/>\nPara un funcionamiento silencioso.<\/li>\n<li><strong>Dise\u00f1o delgado y liviano<\/strong><br \/>\nHace que el objetivo sea f\u00e1cil de transportar al disparar.<\/li>\n<li><strong>Distancia focal de 38 mm (equivalente a fotograma completo)<\/strong><br \/>\nEl gran angular te ayuda a capturar perspectivas m\u00e1s grandes f\u00e1cilmente.<\/li>\n<li><strong>Elemento de lente asf\u00e9rico<\/strong><br \/>\nLo ayuda a lograr im\u00e1genes de alta calidad desde el centro hasta los bordes de sus fotograf\u00edas, mientras que la apertura circular de 7 hojas brinda fondos suaves.<\/li>\n<\/ul>\n<p>&nbsp;<\/p>\n<\/div>\n<div class=\"header-container header-lv\">\n<h3 class=\"heading-5 v-fw-regular\">Qu\u00e9 est\u00e1 incluido<\/h3>\n<\/div>\n<div class=\"list-container list-lv\">\n<ul class=\" bold\">\n<li class=\"bold v-fw-medium body-copy\">Lente est\u00e1ndar Canon EF-S 24 mm f \/ 2.8 STM para c\u00e1maras Canon APS-C<\/li>\n<li class=\"bold v-fw-medium body-copy\">Tapa del objetivo (E-52II)<\/li>\n<li class=\"bold v-fw-medium body-copy\">El manual del propietario<\/li>\n<\/ul>\n<\/div>\n","protected":false},"excerpt":{"rendered":"<p>Capture im\u00e1genes asombrosas de amplias perspectivas con este lente gran angular Canon 9522B002 EF-S que cuenta con un elemento de lente asf\u00e9rico para una alta calidad de imagen desde el<\/p>\n","protected":false},"featured_media":20415,"comment_status":"open","ping_status":"closed","template":"","meta":{"_acf_changed":false,"_joinchat":[]},"product_brand":[],"product_cat":[442,284,443,444],"product_tag":[],"class_list":{"0":"post-20414","1":"product","2":"type-product","3":"status-publish","4":"has-post-thumbnail","6":"product_cat-camaras","7":"product_cat-camaras-y-lentes","8":"product_cat-lentes","9":"product_cat-todas-las-camaras-y-lentes","11":"first","12":"instock","13":"sale","14":"shipping-taxable","15":"purchasable","16":"product-type-simple"},"acf":[],"_links":{"self":[{"href":"https:\/\/defabrica.com.mx\/defabrica\/wp-json\/wp\/v2\/product\/20414","targetHints":{"allow":["GET"]}}],"collection":[{"href":"https:\/\/defabrica.com.mx\/defabrica\/wp-json\/wp\/v2\/product"}],"about":[{"href":"https:\/\/defabrica.com.mx\/defabrica\/wp-json\/wp\/v2\/types\/product"}],"replies":[{"embeddable":true,"href":"https:\/\/defabrica.com.mx\/defabrica\/wp-json\/wp\/v2\/comments?post=20414"}],"wp:featuredmedia":[{"embeddable":true,"href":"https:\/\/defabrica.com.mx\/defabrica\/wp-json\/wp\/v2\/media\/20415"}],"wp:attachment":[{"href":"https:\/\/defabrica.com.mx\/defabrica\/wp-json\/wp\/v2\/media?parent=20414"}],"wp:term":[{"taxonomy":"product_brand","embeddable":true,"href":"https:\/\/defabrica.com.mx\/defabrica\/wp-json\/wp\/v2\/product_brand?post=20414"},{"taxonomy":"product_cat","embeddable":true,"href":"https:\/\/defabrica.com.mx\/defabrica\/wp-json\/wp\/v2\/product_cat?post=20414"},{"taxonomy":"product_tag","embeddable":true,"href":"https:\/\/defabrica.com.mx\/defabrica\/wp-json\/wp\/v2\/product_tag?post=20414"}],"curies":[{"name":"wp","href":"https:\/\/api.w.org\/{rel}","templated":true}]}}