{"id":20407,"date":"2020-12-15T15:54:27","date_gmt":"2020-12-15T21:54:27","guid":{"rendered":"https:\/\/defabrica.com.mx\/defabrica\/?post_type=product&#038;p=20407"},"modified":"2023-01-13T14:39:44","modified_gmt":"2023-01-13T20:39:44","slug":"lente-estandar-canon-ef-50-mm-f-1-8-stm","status":"publish","type":"product","link":"https:\/\/defabrica.com.mx\/defabrica\/producto\/lente-estandar-canon-ef-50-mm-f-1-8-stm\/","title":{"rendered":"Canon &#8211; Lente est\u00e1ndar EF 50 mm f \/ 1.8 STM"},"content":{"rendered":"<p>Lente est\u00e1ndar Canon EF 50 mm f \/ 1.8 STM: capture momentos importantes de su vida con esta lente est\u00e1ndar, que funciona con su c\u00e1mara Canon DSLR con montura EF.\u00a0Una apertura circular con 7 hojas le ayuda a agregar un desenfoque de fondo creativo.<\/p>\n<h3><strong>Caracter\u00edsticas<\/strong><\/h3>\n<ul>\n<li><strong>Compatible con la mayor\u00eda de las c\u00e1maras Canon DSLR<\/strong><br \/>\nFunciona con c\u00e1maras con monturas Canon EF.<\/li>\n<li><strong>50 mm de distancia focal<\/strong><br \/>\nUna distancia focal vers\u00e1til para capturar tomas n\u00edtidas en una variedad de situaciones de disparo. Distancia focal efectiva de 80 mm cuando se utiliza con una c\u00e1mara APS-C.<\/li>\n<li><strong>Apertura m\u00e1xima f \/ 1.8<\/strong><br \/>\nPara una capacidad de captaci\u00f3n de luz \u00f3ptima, lo que da como resultado im\u00e1genes claras y muy detalladas.<\/li>\n<li><strong>Enfoque autom\u00e1tico suave y silencioso<\/strong><br \/>\nUn STM (motor paso a paso) de tipo engranaje admite la funci\u00f3n Movie Servo AF.<\/li>\n<li><strong>Crea fondos hermosos y suaves<\/strong><br \/>\nCuenta con una apertura circular con 7 hojas.<\/li>\n<li><strong>Distancia m\u00ednima de enfoque de 14 \u00ab<\/strong><\/li>\n<li><strong>Tiene capacidad para filtros de 49 mm<\/strong><\/li>\n<li><strong>Accesorios incluidos<\/strong><br \/>\nViene con una tapa para lente y una tapa antipolvo para lente.<\/li>\n<\/ul>\n<p>&nbsp;<\/p>\n<div class=\"header-container header-lv\">\n<h3 class=\"heading-5 v-fw-regular\">Qu\u00e9 est\u00e1 incluido<\/h3>\n<\/div>\n<div class=\"list-container list-lv\">\n<ul class=\" bold\">\n<li class=\"bold v-fw-medium body-copy\">Objetivo est\u00e1ndar EF 50 mm f \/ 1,8 STM<\/li>\n<li class=\"bold v-fw-medium body-copy\">Tapa del objetivo (E-49), tapa antipolvo del objetivo (E)<\/li>\n<li class=\"bold v-fw-medium body-copy\">El manual del propietario<\/li>\n<\/ul>\n<\/div>\n","protected":false},"excerpt":{"rendered":"<p>Lente est\u00e1ndar Canon EF 50 mm f \/ 1.8 STM: capture momentos importantes de su vida con esta lente est\u00e1ndar, que funciona con su c\u00e1mara Canon DSLR con montura EF.\u00a0Una<\/p>\n","protected":false},"featured_media":20412,"comment_status":"open","ping_status":"closed","template":"","meta":{"_acf_changed":false,"_joinchat":[]},"product_brand":[],"product_cat":[442,284,443,444],"product_tag":[],"class_list":{"0":"post-20407","1":"product","2":"type-product","3":"status-publish","4":"has-post-thumbnail","6":"product_cat-camaras","7":"product_cat-camaras-y-lentes","8":"product_cat-lentes","9":"product_cat-todas-las-camaras-y-lentes","11":"first","12":"instock","13":"sale","14":"shipping-taxable","15":"purchasable","16":"product-type-simple"},"acf":[],"_links":{"self":[{"href":"https:\/\/defabrica.com.mx\/defabrica\/wp-json\/wp\/v2\/product\/20407","targetHints":{"allow":["GET"]}}],"collection":[{"href":"https:\/\/defabrica.com.mx\/defabrica\/wp-json\/wp\/v2\/product"}],"about":[{"href":"https:\/\/defabrica.com.mx\/defabrica\/wp-json\/wp\/v2\/types\/product"}],"replies":[{"embeddable":true,"href":"https:\/\/defabrica.com.mx\/defabrica\/wp-json\/wp\/v2\/comments?post=20407"}],"wp:featuredmedia":[{"embeddable":true,"href":"https:\/\/defabrica.com.mx\/defabrica\/wp-json\/wp\/v2\/media\/20412"}],"wp:attachment":[{"href":"https:\/\/defabrica.com.mx\/defabrica\/wp-json\/wp\/v2\/media?parent=20407"}],"wp:term":[{"taxonomy":"product_brand","embeddable":true,"href":"https:\/\/defabrica.com.mx\/defabrica\/wp-json\/wp\/v2\/product_brand?post=20407"},{"taxonomy":"product_cat","embeddable":true,"href":"https:\/\/defabrica.com.mx\/defabrica\/wp-json\/wp\/v2\/product_cat?post=20407"},{"taxonomy":"product_tag","embeddable":true,"href":"https:\/\/defabrica.com.mx\/defabrica\/wp-json\/wp\/v2\/product_tag?post=20407"}],"curies":[{"name":"wp","href":"https:\/\/api.w.org\/{rel}","templated":true}]}}