{"id":20390,"date":"2020-12-15T14:58:45","date_gmt":"2020-12-15T20:58:45","guid":{"rendered":"https:\/\/defabrica.com.mx\/defabrica\/?post_type=product&#038;p=20390"},"modified":"2023-01-13T14:39:14","modified_gmt":"2023-01-13T20:39:14","slug":"camara-digital-fotografica-4k-sin-espejo-lumix-g7","status":"publish","type":"product","link":"https:\/\/defabrica.com.mx\/defabrica\/producto\/camara-digital-fotografica-4k-sin-espejo-lumix-g7\/","title":{"rendered":"Panasonic &#8211; C\u00e1mara digital fotogr\u00e1fica 4K sin espejo LUMIX G7 con lente 14-42 mm f3.5-5.6 II"},"content":{"rendered":"<div>Cuerpo de c\u00e1mara digital fotogr\u00e1fica 4K sin espejo Panasonic LUMIX G7 con lente 14-42 mm f3.5-5.6 II: tomar fotograf\u00edas durante las vacaciones, crear retratos y capturar momentos especiales es f\u00e1cil gracias a un sensor Live MOS de 16.0 megap\u00edxeles y la lente 14-42 mm incluida con estabilizaci\u00f3n de imagen \u00f3ptica.<\/div>\n<h3><strong>Caracter\u00edsticas<\/strong><\/h3>\n<ul>\n<li><strong>Lente LUMIX G VARIO 14-42 mm f \/ 3.5-5.6 II ASPH.\/MEGA OIS<\/strong><br \/>\nCapture im\u00e1genes detalladas en una variedad de escenarios de disparo. La estabilizaci\u00f3n de imagen promueve metraje fluido y fotos claras.<\/li>\n<li><strong>El sensor Live MOS de 16,0 megap\u00edxeles ofrece fotograf\u00edas n\u00edtidas y detalladas<\/strong><br \/>\nCree im\u00e1genes de alta resoluci\u00f3n de hasta 4592 x 3448 p\u00edxeles. El filtro de color primario produce tonos realistas y un filtro de ondas supers\u00f3nicas ayuda a mantener el sensor libre de polvo.<\/li>\n<li><strong>ISO 200 &#8211; 25.600 (ampliable a 100)<\/strong><br \/>\nLa amplia gama permite la captura de im\u00e1genes n\u00edtidas en condiciones de poca luz.<\/li>\n<li><strong>No te pierdas ni un disparo con el disparo en r\u00e1faga de alta velocidad de 8 fps<\/strong><br \/>\nLa c\u00e1mara captura im\u00e1genes de forma continua para que pueda fotografiar eventos deportivos y otras acciones en r\u00e1pido movimiento.<\/li>\n<li><strong>El monitor t\u00e1ctil TFT-LCD de 3,0 \u00absimplifica la captura<\/strong><br \/>\nEl monitor trasero grande y claro ofrece un \u00e1ngulo de visi\u00f3n amplio, resoluci\u00f3n de 1040K puntos y una cobertura de aproximadamente el 100% para ayudarlo a encuadrar y revisar las tomas.<\/li>\n<li><strong>Capture pel\u00edculas brillantes en resoluci\u00f3n 4K Ultra HD<\/strong><br \/>\nEl modo de video de alta definici\u00f3n graba im\u00e1genes fascinantes con una resoluci\u00f3n de hasta 3840 x 2160. Tambi\u00e9n admite resoluciones de 1920 x 1080, 1280 x 720 y 640 x 480 para opciones de captura flexibles.<\/li>\n<li><strong>Obtenga una vista previa de una toma antes de tomarla con un visor OLED Live View<\/strong><br \/>\nAproximadamente 1,4 aumentos y un campo de visi\u00f3n del 100% para obtener detalles n\u00edtidos y un \u00e1rea de cobertura amplia.<\/li>\n<li><strong>Flash emergente incorporado TTL (a trav\u00e9s del objetivo)<\/strong><br \/>\nLos modos autom\u00e1tico, encendido y apagado forzado y sincronizaci\u00f3n lenta lo ayudan a crear condiciones de iluminaci\u00f3n \u00f3ptimas, y la reducci\u00f3n de ojos rojos reproduce ojos de aspecto natural en los retratos.<\/li>\n<li><strong>Los controles de balance de blancos producen tonos realistas en diversas condiciones de iluminaci\u00f3n<\/strong><br \/>\nLos ajustes incluyen autom\u00e1tico, luz del d\u00eda, nublado, sombra, incandescente, flash, ajuste de blancos (1 &#8211; 4) y temperatura de color para mayor versatilidad.<\/li>\n<li><strong>Wi-Fi facilita la transferencia inal\u00e1mbrica de im\u00e1genes<\/strong><br \/>\nComparta sus fotos y videos con otros dispositivos conectados.<\/li>\n<li><strong>Interfaz USB 2.0 para una conectividad sencilla<\/strong><br \/>\nAdmite la conexi\u00f3n a una variedad de dispositivos habilitados.<\/li>\n<li><strong>Empiece a disparar de inmediato<\/strong><br \/>\nLa c\u00e1mara incluye todo lo que necesita para comenzar, incluida una bater\u00eda de iones de litio, cargador de bater\u00eda, cubierta de zapata, tapa del cuerpo, parasol, tapas de lente, cables USB y CA y una correa para el hombro.<\/li>\n<li><strong>Ranura de memoria multiformato para almacenar o transferir datos<\/strong><br \/>\nAcepta tarjetas SD, SDHC y SDXC. Tarjetas de memoria no incluidas.<\/li>\n<\/ul>\n<p>&nbsp;<\/p>\n<div class=\"list-container list-lv\">\n<div class=\"embedded-component-container lv\">\n<div id=\"shop-product-energy-ratings-599742be-bcc5-4754-98e6-2d29a895ac23\" class=\"None\" data-version=\"1.3.3\">\n<div class=\"shop-product-energy-ratings\">\n<div data-reactroot=\"\">\n<div class=\"header-container header-lv\">\n<div class=\"header-container header-lv\">\n<h3 class=\"heading-5 v-fw-regular\">Qu\u00e9 est\u00e1 incluido<\/h3>\n<\/div>\n<div class=\"list-container list-lv\">\n<ul class=\" bold\">\n<li class=\"bold v-fw-medium body-copy\">C\u00e1mara sin espejo G7<\/li>\n<li class=\"bold v-fw-medium body-copy\">Lente LUMIX G VARIO 14-42 mm<\/li>\n<li class=\"bold v-fw-medium body-copy\">Bater\u00eda de iones de litio (1200 mAh)<\/li>\n<li class=\"bold v-fw-medium body-copy\">Cargador de bater\u00eda<\/li>\n<li class=\"bold v-fw-medium body-copy\">Cable USB, cable de CA<\/li>\n<li class=\"bold v-fw-medium body-copy\">Cubierta de zapata, tapa del cuerpo, parasol de lente, tapa de lente<\/li>\n<li class=\"bold v-fw-medium body-copy\">Tapa de lente trasera, correa para el hombro, DVD-ROM<\/li>\n<li class=\"bold v-fw-medium body-copy\">El manual del propietario<\/li>\n<\/ul>\n<\/div>\n<\/div>\n<\/div>\n<\/div>\n<\/div>\n<\/div>\n<div class=\"embedded-component-container lv\"><\/div>\n<\/div>\n","protected":false},"excerpt":{"rendered":"<p>Cuerpo de c\u00e1mara digital fotogr\u00e1fica 4K sin espejo Panasonic LUMIX G7 con lente 14-42 mm f3.5-5.6 II: tomar fotograf\u00edas durante las vacaciones, crear retratos y capturar momentos especiales es f\u00e1cil<\/p>\n","protected":false},"featured_media":20396,"comment_status":"open","ping_status":"closed","template":"","meta":{"_acf_changed":false,"_joinchat":[]},"product_brand":[],"product_cat":[442,284,286,444],"product_tag":[],"class_list":{"0":"post-20390","1":"product","2":"type-product","3":"status-publish","4":"has-post-thumbnail","6":"product_cat-camaras","7":"product_cat-camaras-y-lentes","8":"product_cat-camaras-mirrorless","9":"product_cat-todas-las-camaras-y-lentes","11":"first","12":"instock","13":"sale","14":"shipping-taxable","15":"purchasable","16":"product-type-simple"},"acf":[],"_links":{"self":[{"href":"https:\/\/defabrica.com.mx\/defabrica\/wp-json\/wp\/v2\/product\/20390","targetHints":{"allow":["GET"]}}],"collection":[{"href":"https:\/\/defabrica.com.mx\/defabrica\/wp-json\/wp\/v2\/product"}],"about":[{"href":"https:\/\/defabrica.com.mx\/defabrica\/wp-json\/wp\/v2\/types\/product"}],"replies":[{"embeddable":true,"href":"https:\/\/defabrica.com.mx\/defabrica\/wp-json\/wp\/v2\/comments?post=20390"}],"wp:featuredmedia":[{"embeddable":true,"href":"https:\/\/defabrica.com.mx\/defabrica\/wp-json\/wp\/v2\/media\/20396"}],"wp:attachment":[{"href":"https:\/\/defabrica.com.mx\/defabrica\/wp-json\/wp\/v2\/media?parent=20390"}],"wp:term":[{"taxonomy":"product_brand","embeddable":true,"href":"https:\/\/defabrica.com.mx\/defabrica\/wp-json\/wp\/v2\/product_brand?post=20390"},{"taxonomy":"product_cat","embeddable":true,"href":"https:\/\/defabrica.com.mx\/defabrica\/wp-json\/wp\/v2\/product_cat?post=20390"},{"taxonomy":"product_tag","embeddable":true,"href":"https:\/\/defabrica.com.mx\/defabrica\/wp-json\/wp\/v2\/product_tag?post=20390"}],"curies":[{"name":"wp","href":"https:\/\/api.w.org\/{rel}","templated":true}]}}