{"id":20307,"date":"2020-12-14T17:14:11","date_gmt":"2020-12-14T23:14:11","guid":{"rendered":"https:\/\/defabrica.com.mx\/defabrica\/?post_type=product&#038;p=20307"},"modified":"2023-01-13T14:37:46","modified_gmt":"2023-01-13T20:37:46","slug":"kit-de-dos-lentes-para-video-dslr-eos-rebel-t7","status":"publish","type":"product","link":"https:\/\/defabrica.com.mx\/defabrica\/producto\/kit-de-dos-lentes-para-video-dslr-eos-rebel-t7\/","title":{"rendered":"Canon &#8211; Kit de dos lentes para video DSLR EOS Rebel T7"},"content":{"rendered":"<div>\n<div>\n<div>Toma fotograf\u00edas asombrosas con colores vibrantes con esta c\u00e1mara EOS Rebel T7.\u00a0El Wi-Fi integrado hace que imprimir y compartir im\u00e1genes sea r\u00e1pido y f\u00e1cil, y el sistema de enfoque autom\u00e1tico crea im\u00e1genes n\u00edtidas en cualquier momento.\u00a0Esta c\u00e1mara EOS Rebel T7 toma video Full HD, lo que permite capturar experiencias con calidad.<\/div>\n<\/div>\n<\/div>\n<p>&nbsp;<\/p>\n<h3><strong>Caracter\u00edsticas<\/strong><\/h3>\n<ul>\n<li><strong>El zoom est\u00e1ndar EF-S 18-55 mm f \/ 3,5-5,6 proporciona versatilidad<\/strong><br \/>\nDise\u00f1ado con la tecnolog\u00eda de estabilizador de imagen \u00f3ptico de Canon. Ampl\u00eda las posibilidades de tomar fotograf\u00edas cada vez que se necesitan velocidades de obturaci\u00f3n lentas.<\/li>\n<li><strong>EF 75-300 mm f \/ 4-5.6 Lente con zoom telefoto 4x para ingresar a la fotograf\u00eda con telefoto<\/strong><br \/>\nMuy adecuado para deportes y otras aplicaciones que requieren AF r\u00e1pido. Se utiliza un motor de CC para alimentar el AF.<\/li>\n<li><strong>El sensor CMOS (APS-C) de 24,1 megap\u00edxeles ofrece detalles incre\u00edbles y magn\u00edficas ampliaciones<\/strong><br \/>\nEl sensor grande ayuda a que la c\u00e1mara funcione de manera excelente incluso con poca luz, lo que le brinda la oportunidad de capturar resultados sorprendentes en una variedad de condiciones.<\/li>\n<li><strong>ISO 100 &#8211; 6.400 (ampliable a 12.800)<\/strong><br \/>\nDisfrute de im\u00e1genes n\u00edtidas y limpias en un amplio espectro de condiciones de iluminaci\u00f3n, incluso capturando excelentes fotograf\u00edas justo antes del amanecer y al anochecer, cuando la luz disponible suele ser hermosa pero escasa.<\/li>\n<li><strong>El enfoque autom\u00e1tico de nueve puntos rastrea y fija r\u00e1pidamente al sujeto<\/strong><br \/>\nAI Servo AF proporciona un rendimiento de enfoque autom\u00e1tico impresionante con resultados precisos.<\/li>\n<li><strong>Capture pel\u00edculas espectaculares en Full HD de 1080p<\/strong><br \/>\nLa elecci\u00f3n de velocidades de cuadro incluye 30p est\u00e1ndar o 24p cinematogr\u00e1fico.<\/li>\n<li><strong>Compatibilidad con Wi-Fi, NFC y PictBridge integrados<\/strong><br \/>\nPermite la transferencia r\u00e1pida de soportes o la impresi\u00f3n de fotograf\u00edas sin una PC.<\/li>\n<li><strong>LCD de 3 \u00abpara facilitar la operaci\u00f3n<\/strong><br \/>\nEl sensor de brillo ambiental, el control de brillo de siete niveles y el indicador de horizonte virtual facilitan el encuadre y la revisi\u00f3n de las tomas.<\/li>\n<li><strong>El procesador de imagen DIGIC 4+ ofrece funciones y capacidades avanzadas<\/strong><br \/>\nSu velocidad de procesamiento acelerada crea un rendimiento r\u00e1pido y sensible para una experiencia de disparo que puede ser fluida y natural.<\/li>\n<li><strong>El visor \u00f3ptico le ayuda a encuadrar la toma<\/strong><br \/>\nProporciona una cobertura del 95% y un aumento de aproximadamente 0,8x.<\/li>\n<li><strong>El flash autom\u00e1tico E-TTL II (evaluativo a trav\u00e9s del lente) ofrece una iluminaci\u00f3n adecuada<\/strong><br \/>\nUn flash previo precede al flash principal, lo que permite a la c\u00e1mara medir la luz disponible y ajustar la iluminaci\u00f3n para obtener la exposici\u00f3n correcta.<\/li>\n<li><strong>El enfoque autom\u00e1tico TTL (a trav\u00e9s del lente) mide los puntos focales para garantizar la nitidez de la imagen<\/strong><br \/>\nCuenta con opciones de enfoque autom\u00e1tico de nueve puntos para obtener la imagen m\u00e1s clara posible.<\/li>\n<li><strong>Flash emergente incorporado para una iluminaci\u00f3n adecuada<\/strong><br \/>\nAyuda a tomar fotos con iluminaci\u00f3n adecuada y cuenta con zapata integrada para agregar un flash externo (se vende por separado).<\/li>\n<li><strong>La salida HDMI tipo C simplifica la conexi\u00f3n de HDTV<\/strong><br \/>\nConecte f\u00e1cilmente su c\u00e1mara a un HDTV para la reproducci\u00f3n inmediata de pel\u00edculas. (Se requiere un cable HDMI que se vende por separado).<\/li>\n<li><strong>Ranura para tarjeta de memoria multiformato para almacenar o transferir datos<\/strong><br \/>\nAdmite formatos SD, SDHC y SDXC.<\/li>\n<\/ul>\n<p>&nbsp;<\/p>\n<div class=\"list-container list-lv\">\n<div class=\"embedded-component-container lv\">\n<div>\n<div id=\"shop-product-energy-ratings-599742be-bcc5-4754-98e6-2d29a895ac23\" class=\"None\" data-version=\"1.3.3\">\n<div class=\"shop-product-energy-ratings\">\n<div data-reactroot=\"\">\n<div class=\"header-container header-lv\">\n<h3 class=\"heading-5 v-fw-regular\">Qu\u00e9 est\u00e1 incluido<\/h3>\n<\/div>\n<div class=\"list-container list-lv\">\n<ul class=\" bold\">\n<li class=\"bold v-fw-medium body-copy\">Cargador de bater\u00eda LC-E10<\/li>\n<li class=\"bold v-fw-medium body-copy\">Paquete de bater\u00edas LP-E10<\/li>\n<li class=\"bold v-fw-medium body-copy\">Cubierta de la c\u00e1mara RF-3, correa para el cuello EW-400D, cubierta de la bater\u00eda, bolso de hombro EOS 200ES<\/li>\n<li class=\"bold v-fw-medium body-copy\">Canon EOS Rebel T7 DSLR Video Kit de dos lentes con lentes EF-S 18-55 mm y EF 75-300 mm<\/li>\n<li class=\"bold v-fw-medium body-copy\">EF-S 18-55 mm 1: 3,5-5,6 IS II, EF 75-300 mm 1: 4-5,6 III<\/li>\n<li class=\"bold v-fw-medium body-copy\">Ocular Ef, tapa del objetivo E-58 II, tapa antipolvo del objetivo E<\/li>\n<li class=\"bold v-fw-medium body-copy\">El manual del propietario<\/li>\n<\/ul>\n<\/div>\n<\/div>\n<\/div>\n<\/div>\n<\/div>\n<\/div>\n<div class=\"embedded-component-container lv\"><\/div>\n<\/div>\n","protected":false},"excerpt":{"rendered":"<p>Toma fotograf\u00edas asombrosas con colores vibrantes con esta c\u00e1mara EOS Rebel T7.\u00a0El Wi-Fi integrado hace que imprimir y compartir im\u00e1genes sea r\u00e1pido y f\u00e1cil, y el sistema de enfoque autom\u00e1tico<\/p>\n","protected":false},"featured_media":20308,"comment_status":"open","ping_status":"closed","template":"","meta":{"_acf_changed":false,"_joinchat":[]},"product_brand":[],"product_cat":[442,284,285,444],"product_tag":[],"class_list":{"0":"post-20307","1":"product","2":"type-product","3":"status-publish","4":"has-post-thumbnail","6":"product_cat-camaras","7":"product_cat-camaras-y-lentes","8":"product_cat-camaras-dslr","9":"product_cat-todas-las-camaras-y-lentes","11":"first","12":"instock","13":"sale","14":"shipping-taxable","15":"purchasable","16":"product-type-simple"},"acf":[],"_links":{"self":[{"href":"https:\/\/defabrica.com.mx\/defabrica\/wp-json\/wp\/v2\/product\/20307","targetHints":{"allow":["GET"]}}],"collection":[{"href":"https:\/\/defabrica.com.mx\/defabrica\/wp-json\/wp\/v2\/product"}],"about":[{"href":"https:\/\/defabrica.com.mx\/defabrica\/wp-json\/wp\/v2\/types\/product"}],"replies":[{"embeddable":true,"href":"https:\/\/defabrica.com.mx\/defabrica\/wp-json\/wp\/v2\/comments?post=20307"}],"wp:featuredmedia":[{"embeddable":true,"href":"https:\/\/defabrica.com.mx\/defabrica\/wp-json\/wp\/v2\/media\/20308"}],"wp:attachment":[{"href":"https:\/\/defabrica.com.mx\/defabrica\/wp-json\/wp\/v2\/media?parent=20307"}],"wp:term":[{"taxonomy":"product_brand","embeddable":true,"href":"https:\/\/defabrica.com.mx\/defabrica\/wp-json\/wp\/v2\/product_brand?post=20307"},{"taxonomy":"product_cat","embeddable":true,"href":"https:\/\/defabrica.com.mx\/defabrica\/wp-json\/wp\/v2\/product_cat?post=20307"},{"taxonomy":"product_tag","embeddable":true,"href":"https:\/\/defabrica.com.mx\/defabrica\/wp-json\/wp\/v2\/product_tag?post=20307"}],"curies":[{"name":"wp","href":"https:\/\/api.w.org\/{rel}","templated":true}]}}