{"id":20078,"date":"2020-12-13T12:40:13","date_gmt":"2020-12-13T18:40:13","guid":{"rendered":"https:\/\/defabrica.com.mx\/defabrica\/?post_type=product&#038;p=20078"},"modified":"2022-12-01T11:33:31","modified_gmt":"2022-12-01T17:33:31","slug":"camara-de-accion-de-pantalla-dual","status":"publish","type":"product","link":"https:\/\/defabrica.com.mx\/defabrica\/producto\/camara-de-accion-de-pantalla-dual\/","title":{"rendered":"Vivitar &#8211; C\u00e1mara de acci\u00f3n de pantalla dual"},"content":{"rendered":"<p>La c\u00e1mara de acci\u00f3n de pantalla dual Vivitar DVR922 4K es una c\u00e1mara fija de 16.0 MP que tambi\u00e9n puede capturar im\u00e1genes de video 4K Ultra HD. Tiene 2 pantallas. Una es la pantalla de vista previa trasera de 2 pulgadas y la otra es la pantalla frontal para selfies. \u00a1Ambos permiten excelentes im\u00e1genes y videos! La conectividad Wi-Fi le permite cargar y compartir instant\u00e1neamente sus aventuras en cualquier canal de redes sociales. Adem\u00e1s, puede divertirse desde el primer momento con la c\u00e1mara de acci\u00f3n 4K porque se incluyen soportes para bicicletas y cascos, \u00a1no es necesario comprar accesorios adicionales!<\/p>\n<p><strong>Vivitar DVR922HD-BLK DVR922 4k C\u00e1mara de acci\u00f3n de doble pantalla<\/strong><\/p>\n<ul>\n<li>C\u00e1mara fija de 16.0 megap\u00edxeles que tambi\u00e9n captura im\u00e1genes de video 4K Ultra HD<\/li>\n<li>Pantallas dobles de 2 pulg. Pantalla de vista previa trasera y una pantalla de selfie frontal<\/li>\n<li>La conectividad Wi-Fi permite a los usuarios cargar y compartir instant\u00e1neamente sus aventuras en cualquier canal de redes sociales<\/li>\n<li>Bater\u00eda de iones de litio recargable incorporada<\/li>\n<li>Incluye estuche impermeable, soporte para bicicleta y casco, software Vivitar Experience y una gu\u00eda sencilla<\/li>\n<\/ul>\n","protected":false},"excerpt":{"rendered":"<p>La c\u00e1mara de acci\u00f3n de pantalla dual Vivitar DVR922 4K es una c\u00e1mara fija de 16.0 MP que tambi\u00e9n puede capturar im\u00e1genes de video 4K Ultra HD. Tiene 2 pantallas.<\/p>\n","protected":false},"featured_media":20083,"comment_status":"open","ping_status":"closed","template":"","meta":{"_acf_changed":false,"_joinchat":[]},"product_brand":[],"product_cat":[442,290,291],"product_tag":[],"class_list":{"0":"post-20078","1":"product","2":"type-product","3":"status-publish","4":"has-post-thumbnail","6":"product_cat-camaras","7":"product_cat-videocamaras","8":"product_cat-deportivas-y-accion","10":"first","11":"instock","12":"sale","13":"shipping-taxable","14":"purchasable","15":"product-type-simple"},"acf":[],"_links":{"self":[{"href":"https:\/\/defabrica.com.mx\/defabrica\/wp-json\/wp\/v2\/product\/20078","targetHints":{"allow":["GET"]}}],"collection":[{"href":"https:\/\/defabrica.com.mx\/defabrica\/wp-json\/wp\/v2\/product"}],"about":[{"href":"https:\/\/defabrica.com.mx\/defabrica\/wp-json\/wp\/v2\/types\/product"}],"replies":[{"embeddable":true,"href":"https:\/\/defabrica.com.mx\/defabrica\/wp-json\/wp\/v2\/comments?post=20078"}],"wp:featuredmedia":[{"embeddable":true,"href":"https:\/\/defabrica.com.mx\/defabrica\/wp-json\/wp\/v2\/media\/20083"}],"wp:attachment":[{"href":"https:\/\/defabrica.com.mx\/defabrica\/wp-json\/wp\/v2\/media?parent=20078"}],"wp:term":[{"taxonomy":"product_brand","embeddable":true,"href":"https:\/\/defabrica.com.mx\/defabrica\/wp-json\/wp\/v2\/product_brand?post=20078"},{"taxonomy":"product_cat","embeddable":true,"href":"https:\/\/defabrica.com.mx\/defabrica\/wp-json\/wp\/v2\/product_cat?post=20078"},{"taxonomy":"product_tag","embeddable":true,"href":"https:\/\/defabrica.com.mx\/defabrica\/wp-json\/wp\/v2\/product_tag?post=20078"}],"curies":[{"name":"wp","href":"https:\/\/api.w.org\/{rel}","templated":true}]}}