{"id":20037,"date":"2020-12-11T16:00:27","date_gmt":"2020-12-11T22:00:27","guid":{"rendered":"https:\/\/defabrica.com.mx\/defabrica\/?post_type=product&#038;p=20037"},"modified":"2023-01-28T10:41:25","modified_gmt":"2023-01-28T16:41:25","slug":"kit-de-camara-instantanea-sharper-image","status":"publish","type":"product","link":"https:\/\/defabrica.com.mx\/defabrica\/producto\/kit-de-camara-instantanea-sharper-image\/","title":{"rendered":"Kit de c\u00e1mara instant\u00e1nea Sharper Image"},"content":{"rendered":"<p>Capture y conserve momentos memorables con solo presionar un bot\u00f3n con la c\u00e1mara instant\u00e1nea Sharper Image. Se puede utilizar con Fujifilm Instax Mini Twin Film.<\/p>\n<h3><strong>Caracter\u00edsticas<\/strong><\/h3>\n<ul>\n<li>Encuadre las fotograf\u00edas con la ayuda del visor de im\u00e1genes reales y tome fotograf\u00edas r\u00e1pidamente con la velocidad de obturaci\u00f3n de 1\/60 segundos.<\/li>\n<li>Un rango focal infinito de 0.6M permite capturar detalles en la distancia y un flash autom\u00e1tico proporciona iluminaci\u00f3n en entornos con poca luz.<\/li>\n<li>La c\u00e1mara instant\u00e1nea tambi\u00e9n imprime las fotograf\u00edas inmediatamente despu\u00e9s de tomarlas, por lo que siempre tendr\u00e1 una copia impresa a mano cuando sea necesario.<\/li>\n<li>Se incluye una correa para la c\u00e1mara para un transporte conveniente y mayor seguridad.<\/li>\n<\/ul>\n","protected":false},"excerpt":{"rendered":"<p>Capture y conserve momentos memorables con solo presionar un bot\u00f3n con la c\u00e1mara instant\u00e1nea Sharper Image. Se puede utilizar con Fujifilm Instax Mini Twin Film. Caracter\u00edsticas Encuadre las fotograf\u00edas con<\/p>\n","protected":false},"featured_media":20038,"comment_status":"open","ping_status":"closed","template":"","meta":{"_acf_changed":false,"_joinchat":[]},"product_brand":[],"product_cat":[442,284,289,444],"product_tag":[],"class_list":{"0":"post-20037","1":"product","2":"type-product","3":"status-publish","4":"has-post-thumbnail","6":"product_cat-camaras","7":"product_cat-camaras-y-lentes","8":"product_cat-camaras-instantaneas","9":"product_cat-todas-las-camaras-y-lentes","11":"first","12":"instock","13":"sale","14":"shipping-taxable","15":"purchasable","16":"product-type-simple"},"acf":[],"_links":{"self":[{"href":"https:\/\/defabrica.com.mx\/defabrica\/wp-json\/wp\/v2\/product\/20037","targetHints":{"allow":["GET"]}}],"collection":[{"href":"https:\/\/defabrica.com.mx\/defabrica\/wp-json\/wp\/v2\/product"}],"about":[{"href":"https:\/\/defabrica.com.mx\/defabrica\/wp-json\/wp\/v2\/types\/product"}],"replies":[{"embeddable":true,"href":"https:\/\/defabrica.com.mx\/defabrica\/wp-json\/wp\/v2\/comments?post=20037"}],"wp:featuredmedia":[{"embeddable":true,"href":"https:\/\/defabrica.com.mx\/defabrica\/wp-json\/wp\/v2\/media\/20038"}],"wp:attachment":[{"href":"https:\/\/defabrica.com.mx\/defabrica\/wp-json\/wp\/v2\/media?parent=20037"}],"wp:term":[{"taxonomy":"product_brand","embeddable":true,"href":"https:\/\/defabrica.com.mx\/defabrica\/wp-json\/wp\/v2\/product_brand?post=20037"},{"taxonomy":"product_cat","embeddable":true,"href":"https:\/\/defabrica.com.mx\/defabrica\/wp-json\/wp\/v2\/product_cat?post=20037"},{"taxonomy":"product_tag","embeddable":true,"href":"https:\/\/defabrica.com.mx\/defabrica\/wp-json\/wp\/v2\/product_tag?post=20037"}],"curies":[{"name":"wp","href":"https:\/\/api.w.org\/{rel}","templated":true}]}}