{"id":20022,"date":"2020-12-11T15:15:58","date_gmt":"2020-12-11T21:15:58","guid":{"rendered":"https:\/\/defabrica.com.mx\/defabrica\/?post_type=product&#038;p=20022"},"modified":"2022-12-01T11:23:59","modified_gmt":"2022-12-01T17:23:59","slug":"rueda-de-carreras-force-feedback-ps4-ps3","status":"publish","type":"product","link":"https:\/\/defabrica.com.mx\/defabrica\/producto\/rueda-de-carreras-force-feedback-ps4-ps3\/","title":{"rendered":"Wheel -Thrustmaster Vg T300rs Con Licencia Oficial Ps4 \/ Ps3 Force &#8211; Feedback Racing"},"content":{"rendered":"<p>Siente el juego en tus manos con el primer volante de carreras Force Feedback con licencia oficial Thrustmaster T300RS compatible con PlayStation 4. La base de retroalimentaci\u00f3n de fuerza de 1080 grados cuenta con un motor sin escobillas de clase industrial para un efecto de retroalimentaci\u00f3n de fuerza s\u00faper suave y sin problemas. La tecnolog\u00eda HallEffect AccuRate cuenta con un sensor magn\u00e9tico sin contacto para que la precisi\u00f3n no disminuya con el tiempo. Este volante de carreras de Thrustmaster te pondr\u00e1 en el juego como nunca antes lo hab\u00edas sentido.<\/p>\n<p><strong>Thrustmaster 4169072 T300 RS Force Feedback Wheel para PS4:<\/strong><\/p>\n<ul>\n<li>Base de retroalimentaci\u00f3n de fuerza de 1080 grados con un motor sin escobillas de clase industrial y un mecanismo optimizado sin fricci\u00f3n de doble correa para efectos de retroalimentaci\u00f3n de fuerza suaves, realistas, receptivos, silenciosos y sin interrupciones<\/li>\n<li>El volante de carreras Thrustmaster tiene licencia oficial para PS4 \/ PS3 con botones oficiales de PlayStation 4 e interruptor deslizante de PS4 \/ PS3<\/li>\n<li>Compatible con PC<\/li>\n<li>Volante de carreras de PlayStation 4 de alta precisi\u00f3n con HEART (tecnolog\u00eda HallEffect AccuRate), un \u00e1ngulo de rotaci\u00f3n ajustable de 270 a 1080 grados, 13 botones de acci\u00f3n y un D-pad<\/li>\n<li>Memoria interna y firmware actualizable para actualizaciones permanentes<\/li>\n<li>El volante de carreras de PlayStation 4 tiene un volante GT de carreras desmontable de 11 \u00abcon textura de goma reforzada en la circunferencia y 2 palancas de cambio grandes y fijas 100% met\u00e1licas en el volante de carreras<\/li>\n<li>Pedales met\u00e1licos totalmente ajustables con 6 posiciones posibles para cada pedal y un pedal de freno con resistencia progresiva<\/li>\n<li>Esp\u00edritu del ecosistema gracias a la compatibilidad con todos los complementos y cajas de cambios disponibles actualmente<\/li>\n<\/ul>\n","protected":false},"excerpt":{"rendered":"<p>Siente el juego en tus manos con el primer volante de carreras Force Feedback con licencia oficial Thrustmaster T300RS compatible con PlayStation 4. La base de retroalimentaci\u00f3n de fuerza de<\/p>\n","protected":false},"featured_media":20023,"comment_status":"open","ping_status":"closed","template":"","meta":{"_acf_changed":false,"_joinchat":[]},"product_brand":[],"product_cat":[277,282,440,441],"product_tag":[],"class_list":{"0":"post-20022","1":"product","2":"type-product","3":"status-publish","4":"has-post-thumbnail","6":"product_cat-zona-gamer","7":"product_cat-accesorios-gamers","8":"product_cat-accesorios-playstation","9":"product_cat-todos-los-accesorios-gamer","11":"first","12":"instock","13":"sale","14":"shipping-taxable","15":"purchasable","16":"product-type-simple"},"acf":[],"_links":{"self":[{"href":"https:\/\/defabrica.com.mx\/defabrica\/wp-json\/wp\/v2\/product\/20022","targetHints":{"allow":["GET"]}}],"collection":[{"href":"https:\/\/defabrica.com.mx\/defabrica\/wp-json\/wp\/v2\/product"}],"about":[{"href":"https:\/\/defabrica.com.mx\/defabrica\/wp-json\/wp\/v2\/types\/product"}],"replies":[{"embeddable":true,"href":"https:\/\/defabrica.com.mx\/defabrica\/wp-json\/wp\/v2\/comments?post=20022"}],"wp:featuredmedia":[{"embeddable":true,"href":"https:\/\/defabrica.com.mx\/defabrica\/wp-json\/wp\/v2\/media\/20023"}],"wp:attachment":[{"href":"https:\/\/defabrica.com.mx\/defabrica\/wp-json\/wp\/v2\/media?parent=20022"}],"wp:term":[{"taxonomy":"product_brand","embeddable":true,"href":"https:\/\/defabrica.com.mx\/defabrica\/wp-json\/wp\/v2\/product_brand?post=20022"},{"taxonomy":"product_cat","embeddable":true,"href":"https:\/\/defabrica.com.mx\/defabrica\/wp-json\/wp\/v2\/product_cat?post=20022"},{"taxonomy":"product_tag","embeddable":true,"href":"https:\/\/defabrica.com.mx\/defabrica\/wp-json\/wp\/v2\/product_tag?post=20022"}],"curies":[{"name":"wp","href":"https:\/\/api.w.org\/{rel}","templated":true}]}}