{"id":19964,"date":"2020-12-11T10:42:35","date_gmt":"2020-12-11T16:42:35","guid":{"rendered":"https:\/\/defabrica.com.mx\/defabrica\/?post_type=product&#038;p=19964"},"modified":"2022-12-01T11:20:41","modified_gmt":"2022-12-01T17:20:41","slug":"estuche-de-viaje-deluxe-game-traveler-para-nintendo-switch","status":"publish","type":"product","link":"https:\/\/defabrica.com.mx\/defabrica\/producto\/estuche-de-viaje-deluxe-game-traveler-para-nintendo-switch\/","title":{"rendered":"RDS Industries &#8211; Estuche de viaje para Nintendo Switch"},"content":{"rendered":"<p>Protege tu Nintendo Switch con este estuche de viaje RDS. La carcasa r\u00edgida protege el sistema y los accesorios, y el interior acolchado protege la pantalla de ara\u00f1azos. Este estuche de viaje RDS cuenta con un soporte de visualizaci\u00f3n ajustable, amplios compartimentos de almacenamiento para tarjetas de juego y controladores, y un elegante exterior de Super Mario completo con un c\u00f3modo asa de transporte.<\/p>\n<h3 class=\"heading-5 v-fw-regular feature-heading\"><strong>Caracter\u00edsticas<\/strong><\/h3>\n<ul>\n<li><strong>Compatible con la consola de juegos Nintendo Switch<\/strong><br \/>\nPara usar con su dispositivo de juego actual.<\/li>\n<li><strong>Soporte ajustable<\/strong><br \/>\nPara una opci\u00f3n de visualizaci\u00f3n adicional.<\/li>\n<li><strong>Inserto inferior empotrado<\/strong><br \/>\nSe adapta a las empu\u00f1aduras de acci\u00f3n Joy-Con \u2122 de Nintendo Switch.<\/li>\n<li><strong>Asa de transporte c\u00f3moda<\/strong><br \/>\nPara un transporte sencillo.<\/li>\n<li><strong>Cremallera incorporada<\/strong><br \/>\nProporciona un acceso r\u00e1pido y sencillo a su consola.<\/li>\n<li><strong>Dos estuches para tarjetas de juego<\/strong><br \/>\nCada estuche contiene cuatro tarjetas de juego de Nintendo Switch y garantiza una protecci\u00f3n sin polvo.<\/li>\n<li><strong>Dos estuches para tarjetas microSD<\/strong><br \/>\nCada estuche contiene dos tarjetas microSD y cabe en cualquier secci\u00f3n del estuche de la tarjeta de juego.<\/li>\n<\/ul>\n<p>&nbsp;<\/p>\n<h3>Qu\u00e9 est\u00e1 incluido<\/h3>\n<ul>\n<li>Estuche de viaje Deluxe Game Traveler de RDS Industries para Nintendo Switch<\/li>\n<\/ul>\n","protected":false},"excerpt":{"rendered":"<p>Protege tu Nintendo Switch con este estuche de viaje RDS. La carcasa r\u00edgida protege el sistema y los accesorios, y el interior acolchado protege la pantalla de ara\u00f1azos. Este estuche<\/p>\n","protected":false},"featured_media":19967,"comment_status":"open","ping_status":"closed","template":"","meta":{"_acf_changed":false,"_joinchat":[]},"product_brand":[],"product_cat":[277,282,439,441],"product_tag":[],"class_list":{"0":"post-19964","1":"product","2":"type-product","3":"status-publish","4":"has-post-thumbnail","6":"product_cat-zona-gamer","7":"product_cat-accesorios-gamers","8":"product_cat-accesorios-nintendo-switch","9":"product_cat-todos-los-accesorios-gamer","11":"first","12":"instock","13":"sale","14":"shipping-taxable","15":"purchasable","16":"product-type-simple"},"acf":[],"_links":{"self":[{"href":"https:\/\/defabrica.com.mx\/defabrica\/wp-json\/wp\/v2\/product\/19964","targetHints":{"allow":["GET"]}}],"collection":[{"href":"https:\/\/defabrica.com.mx\/defabrica\/wp-json\/wp\/v2\/product"}],"about":[{"href":"https:\/\/defabrica.com.mx\/defabrica\/wp-json\/wp\/v2\/types\/product"}],"replies":[{"embeddable":true,"href":"https:\/\/defabrica.com.mx\/defabrica\/wp-json\/wp\/v2\/comments?post=19964"}],"wp:featuredmedia":[{"embeddable":true,"href":"https:\/\/defabrica.com.mx\/defabrica\/wp-json\/wp\/v2\/media\/19967"}],"wp:attachment":[{"href":"https:\/\/defabrica.com.mx\/defabrica\/wp-json\/wp\/v2\/media?parent=19964"}],"wp:term":[{"taxonomy":"product_brand","embeddable":true,"href":"https:\/\/defabrica.com.mx\/defabrica\/wp-json\/wp\/v2\/product_brand?post=19964"},{"taxonomy":"product_cat","embeddable":true,"href":"https:\/\/defabrica.com.mx\/defabrica\/wp-json\/wp\/v2\/product_cat?post=19964"},{"taxonomy":"product_tag","embeddable":true,"href":"https:\/\/defabrica.com.mx\/defabrica\/wp-json\/wp\/v2\/product_tag?post=19964"}],"curies":[{"name":"wp","href":"https:\/\/api.w.org\/{rel}","templated":true}]}}