{"id":19912,"date":"2020-12-10T20:07:29","date_gmt":"2020-12-11T02:07:29","guid":{"rendered":"https:\/\/defabrica.com.mx\/defabrica\/?post_type=product&#038;p=19912"},"modified":"2023-01-21T11:42:55","modified_gmt":"2023-01-21T17:42:55","slug":"super-hero-adventures-marvel-y-jetquarters","status":"publish","type":"product","link":"https:\/\/defabrica.com.mx\/defabrica\/producto\/super-hero-adventures-marvel-y-jetquarters\/","title":{"rendered":"Super Hero Adventures Marvel y Jetquarters"},"content":{"rendered":"<p>Este multipack de figuras de acci\u00f3n y veh\u00edculos incluye 3 figuras y 3 veh\u00edculos: El Cuartel General del Hombre Ara\u00f1a, el Capit\u00e1n Am\u00e9rica Victory Racer y el Iron Man Speedster. Tu amistoso vecino Spiderman se apresura a salvar el d\u00eda en su cuartel general! La figura de acci\u00f3n Spider-Man de 5 pulgadas incluida viene y cabe dentro de la cabina de un Jetquarters de juguete de gran tama\u00f1o, a\u00f1adiendo la gran diversi\u00f3n y emoci\u00f3n de imaginar rescates audaces y escapes atrevidos. El Cuartel General del Hombre Ara\u00f1a tambi\u00e9n puede albergar otros veh\u00edculos de Marvel Super H\u00e9roe Adventures, como el Captain America Victory Racer (incluido). Gracias a la fuerza sobrehumana del suero del S\u00faper Soldado, el Capit\u00e1n Am\u00e9rica lleva a los Vengadores a la aventura con el Capit\u00e1n Am\u00e9rica Victory Racer! Abre el acelerador para la aventura con esta motocicleta de Marvel Super Hero Adventures Captain America! Los ni\u00f1os pueden imaginar que se lanzan a la aventura junto con el Capit\u00e1n Am\u00e9rica y sus amigos Spider-Man y Iron Man!. \u00a1SOY IRON MAN! \u00a1Explosi\u00f3n en la acci\u00f3n y la aventura con el Iron Man Speedster de Marvel Super Hero Adventures! Coloca la figura de acci\u00f3n de Iron Man dentro del veh\u00edculo Speedster de gran tama\u00f1o e imagina que pisas el acelerador a fondo! A los ni\u00f1os les encantar\u00e1 simular que cambian a una marcha r\u00e1pida para entrar en acci\u00f3n con la figura y el veh\u00edculo de Iron Man Speedster. Las tres figuras son compatibles con los tres veh\u00edculos incluidos.<\/p>\n<ul>\n<li><strong>Personajes ic\u00f3nicos de Marvel:<\/strong> los ni\u00f1os y las ni\u00f1as pueden imaginar sus propias aventuras de vuelo alto y s\u00faper r\u00e1pidas con este divertido paquete m\u00faltiple de 3 figuras y veh\u00edculos tem\u00e1ticos de Marvel inspirado en el entretenimiento de Marvel.<\/li>\n<li><strong>Juego multiveh\u00edculo:<\/strong> el multipack de figuras de acci\u00f3n de 5 pulgadas viene con 3 figuras que encajan dentro de sus veh\u00edculos, a\u00f1adiendo a la r\u00e1pida diversi\u00f3n y emoci\u00f3n de imaginar rescates atrevidos y escapes atrevidos.<\/li>\n<li><strong>Multipack incluye h\u00e9roes ic\u00f3nicos y personajes favoritos:<\/strong> Spider-Man, Capit\u00e1n Am\u00e9rica y Iron Man.<\/li>\n<li><strong>Gran diversi\u00f3n de h\u00e9roes para los fans de Marvel:<\/strong> el tama\u00f1o adecuado para los h\u00e9roes m\u00e1s j\u00f3venes, hemos logrado empacar el poder del universo de Marvel en estos juguetes de 5 pulgadas de Marvel Super Hero Adventures para ni\u00f1os a partir de 3 a\u00f1os.<\/li>\n<li><strong>Juguetes coleccionables:<\/strong> busca otras figuras y veh\u00edculos Playskool Heroes Marvel Super Hero Adventures para coleccionar, intercambiar con amigos, o dar como regalos (cada uno se vende por separado). ( Sujeto a disponibilidad).<\/li>\n<li><strong>Embalaje sostenible:<\/strong> se env\u00eda en embalaje simple, reciclable que es f\u00e1cil de abrir y libre de frustraci\u00f3n.<\/li>\n<\/ul>\n<p>&nbsp;<\/p>\n","protected":false},"excerpt":{"rendered":"<p>Este multipack de figuras de acci\u00f3n y veh\u00edculos incluye 3 figuras y 3 veh\u00edculos: El Cuartel General del Hombre Ara\u00f1a, el Capit\u00e1n Am\u00e9rica Victory Racer y el Iron Man Speedster.<\/p>\n","protected":false},"featured_media":19919,"comment_status":"open","ping_status":"closed","template":"","meta":{"_acf_changed":false,"_joinchat":[]},"product_brand":[],"product_cat":[886,1098,1097,1202],"product_tag":[],"class_list":{"0":"post-19912","1":"product","2":"type-product","3":"status-publish","4":"has-post-thumbnail","6":"product_cat-juguetesycoleccionables","7":"product_cat-coleccionables","8":"product_cat-juguetes","9":"product_cat-figuras-de-accion-y-coleccionables","11":"first","12":"instock","13":"sale","14":"shipping-taxable","15":"purchasable","16":"product-type-simple"},"acf":[],"_links":{"self":[{"href":"https:\/\/defabrica.com.mx\/defabrica\/wp-json\/wp\/v2\/product\/19912","targetHints":{"allow":["GET"]}}],"collection":[{"href":"https:\/\/defabrica.com.mx\/defabrica\/wp-json\/wp\/v2\/product"}],"about":[{"href":"https:\/\/defabrica.com.mx\/defabrica\/wp-json\/wp\/v2\/types\/product"}],"replies":[{"embeddable":true,"href":"https:\/\/defabrica.com.mx\/defabrica\/wp-json\/wp\/v2\/comments?post=19912"}],"wp:featuredmedia":[{"embeddable":true,"href":"https:\/\/defabrica.com.mx\/defabrica\/wp-json\/wp\/v2\/media\/19919"}],"wp:attachment":[{"href":"https:\/\/defabrica.com.mx\/defabrica\/wp-json\/wp\/v2\/media?parent=19912"}],"wp:term":[{"taxonomy":"product_brand","embeddable":true,"href":"https:\/\/defabrica.com.mx\/defabrica\/wp-json\/wp\/v2\/product_brand?post=19912"},{"taxonomy":"product_cat","embeddable":true,"href":"https:\/\/defabrica.com.mx\/defabrica\/wp-json\/wp\/v2\/product_cat?post=19912"},{"taxonomy":"product_tag","embeddable":true,"href":"https:\/\/defabrica.com.mx\/defabrica\/wp-json\/wp\/v2\/product_tag?post=19912"}],"curies":[{"name":"wp","href":"https:\/\/api.w.org\/{rel}","templated":true}]}}