{"id":19899,"date":"2020-12-10T19:20:36","date_gmt":"2020-12-11T01:20:36","guid":{"rendered":"https:\/\/defabrica.com.mx\/defabrica\/?post_type=product&#038;p=19899"},"modified":"2023-01-26T14:28:48","modified_gmt":"2023-01-26T20:28:48","slug":"camion-de-comida-barbie","status":"publish","type":"product","link":"https:\/\/defabrica.com.mx\/defabrica\/producto\/camion-de-comida-barbie\/","title":{"rendered":"Cami\u00f3n de comida Barbie Fresh &#8216;n&#8217; Fun"},"content":{"rendered":"<p>\u00a1Bip, bip! \u00a1D\u00e9 paso a un mundo de diversi\u00f3n culinaria con el cami\u00f3n de comida Barbie Fresh &#8216;n&#8217; Fun! Si te encanta preparar comida deliciosa y servir a los clientes, \u00a1entonces puedes ejecutar un cami\u00f3n de comida! El veh\u00edculo mide 43,6 cm de largo e incluye coloridos gr\u00e1ficos de comida Barbie en el exterior y se abre a estas \u00e1reas de juego para preparar y servir comida: una estufa y plancha, estaci\u00f3n de batidos, barra de servicio y armarios de almacenamiento. El cami\u00f3n de comida tambi\u00e9n viene con m\u00e1s de 30 accesorios para contar historias que incluyen un tablero de men\u00fa independiente, ollas, utensilios, bandejas para servir, platos, una freidora para papas fritas, licuadora de batidos, alimentos, condimentos y asientos para un cliente hambriento. Adem\u00e1s, algunos de los art\u00edculos tienen una funci\u00f3n de clip que permite que la mu\u00f1eca Barbie (se vende por separado) los sostenga para un juego realista. Yum, \u00bfqu\u00e9 est\u00e1 cocinando Barbie? Una vez que un cliente ha realizado su selecci\u00f3n, \u00a1La mu\u00f1eca Barbie puede llamarlos en la caja registradora! Incluye Barbie Fresh &#8216;n&#8217; Fun Food Truck y m\u00e1s de 30 accesorios para contar historias para divertirse. Es un gran regalo para las edades de 3 a\u00f1os en adelante, especialmente aquellos que aman cocinar, servir a los clientes y perfeccionar sus habilidades culinarias. Los colores y las decoraciones pueden variar<\/p>\n<p><strong>Cami\u00f3n de comida Barbie con m\u00faltiples \u00e1reas de juego y m\u00e1s de 30 piezas de juego realistas:<\/strong><\/p>\n<ul>\n<li>Grado de edad: 3 a\u00f1os y m\u00e1s<\/li>\n<li>\u00a1Puedes manejar un cami\u00f3n de comida y preparar comida deliciosa para los clientes con el cami\u00f3n de comida Barbie Fresh &#8216;n&#8217; Fun!<\/li>\n<li>Incluye un veh\u00edculo de 43,6 cm de largo con coloridos gr\u00e1ficos de Barbie en el exterior y m\u00e1s de 30 accesorios para camiones de comida para jugar y expresarse creativamente.<\/li>\n<li>El cami\u00f3n de comida se abre a \u00e1reas de juego para preparar y servir comida e incluye una estufa y plancha, estaci\u00f3n de batidos, barra de servicio y alacenas de almacenamiento.<\/li>\n<li>El cami\u00f3n de comida tambi\u00e9n viene con m\u00e1s de 30 accesorios para contar historias que incluyen un tablero de men\u00fa independiente, ollas, utensilios, bandejas para servir, platos, una freidora para papas fritas, licuadora de batidos, alimentos, condimentos y asientos para un cliente hambriento.<\/li>\n<li>\u00a1La mu\u00f1eca Barbie (se vende por separado) puede preparar todo tipo de comida deliciosa para sus clientes, incluidas ensaladas, hamburguesas, tacos, papas fritas y m\u00e1s! Cuando el pedido de un cliente est\u00e1 listo, \u00a1la mu\u00f1eca Barbie puede llamarlo en la caja registradora!<\/li>\n<\/ul>\n","protected":false},"excerpt":{"rendered":"<p>\u00a1Bip, bip! \u00a1D\u00e9 paso a un mundo de diversi\u00f3n culinaria con el cami\u00f3n de comida Barbie Fresh &#8216;n&#8217; Fun! Si te encanta preparar comida deliciosa y servir a los clientes,<\/p>\n","protected":false},"featured_media":19903,"comment_status":"open","ping_status":"closed","template":"","meta":{"_acf_changed":false,"_joinchat":[]},"product_brand":[],"product_cat":[886,1097,1191],"product_tag":[],"class_list":{"0":"post-19899","1":"product","2":"type-product","3":"status-publish","4":"has-post-thumbnail","6":"product_cat-juguetesycoleccionables","7":"product_cat-juguetes","8":"product_cat-munecas-y-accesorios","10":"first","11":"instock","12":"sale","13":"shipping-taxable","14":"purchasable","15":"product-type-simple"},"acf":[],"_links":{"self":[{"href":"https:\/\/defabrica.com.mx\/defabrica\/wp-json\/wp\/v2\/product\/19899","targetHints":{"allow":["GET"]}}],"collection":[{"href":"https:\/\/defabrica.com.mx\/defabrica\/wp-json\/wp\/v2\/product"}],"about":[{"href":"https:\/\/defabrica.com.mx\/defabrica\/wp-json\/wp\/v2\/types\/product"}],"replies":[{"embeddable":true,"href":"https:\/\/defabrica.com.mx\/defabrica\/wp-json\/wp\/v2\/comments?post=19899"}],"wp:featuredmedia":[{"embeddable":true,"href":"https:\/\/defabrica.com.mx\/defabrica\/wp-json\/wp\/v2\/media\/19903"}],"wp:attachment":[{"href":"https:\/\/defabrica.com.mx\/defabrica\/wp-json\/wp\/v2\/media?parent=19899"}],"wp:term":[{"taxonomy":"product_brand","embeddable":true,"href":"https:\/\/defabrica.com.mx\/defabrica\/wp-json\/wp\/v2\/product_brand?post=19899"},{"taxonomy":"product_cat","embeddable":true,"href":"https:\/\/defabrica.com.mx\/defabrica\/wp-json\/wp\/v2\/product_cat?post=19899"},{"taxonomy":"product_tag","embeddable":true,"href":"https:\/\/defabrica.com.mx\/defabrica\/wp-json\/wp\/v2\/product_tag?post=19899"}],"curies":[{"name":"wp","href":"https:\/\/api.w.org\/{rel}","templated":true}]}}