{"id":19893,"date":"2020-12-10T19:02:42","date_gmt":"2020-12-11T01:02:42","guid":{"rendered":"https:\/\/defabrica.com.mx\/defabrica\/?post_type=product&#038;p=19893"},"modified":"2022-12-01T15:45:04","modified_gmt":"2022-12-01T21:45:04","slug":"lol-sorpresa-omg-remix-super-sorpresa","status":"publish","type":"product","link":"https:\/\/defabrica.com.mx\/defabrica\/producto\/lol-sorpresa-omg-remix-super-sorpresa\/","title":{"rendered":"LOL Sorpresa! OMG Remix Super Sorpresa"},"content":{"rendered":"<p>\u00a1DIOS MIO! \u00a1Estos rebeldes de la pasarela vinieron a slaaaaay! Super Sonix y sus hermanas del acto inaugural est\u00e1n a punto de destrozar el mejor espect\u00e1culo de rock. Pero detr\u00e1s del escenario, las cosas est\u00e1n fuera de control mientras ambas bandas intentan prepararse para subir al escenario. Estas reinas del rock necesitan tu ayuda para desempacar sus instrumentos y modas, \u00a1as\u00ed que est\u00e1n listas para rockear! \u00a1Desempaqueta 2 bandas de rock y m\u00e1s de 70 sorpresas con LOL Surprise! Remix Super Sorpresa. En la mejor experiencia de unboxing de conciertos de rock. encuentra 4 LOL Surprise! \u00a1OMG Fashion Dolls, 4 LOL Surprise! mu\u00f1ecas (sus hermanas) y 4 instrumentos de rock que realmente tocan m\u00fasica. \u00a1Cada LOL Sorpresa! La mu\u00f1eca de moda OMG tiene caracter\u00edsticas impresionantes, cabello hermoso y peinado y un estilo escandaloso de estrella de rock. Las mu\u00f1ecas de moda est\u00e1n en la banda de rock The Super Sonix, y cada una incluye su propio instrumento de rock que realmente toca m\u00fasica. Cada instrumento tiene 6 sonidos \u00fanicos que puede tocar presionando los botones. Toquen los instrumentos juntos para crear su propia canci\u00f3n de rock. \u00a1La sorpresa LOL! Las mu\u00f1ecas son The Opening Act, y todas vienen con sus propios accesorios de concierto de rock.<\/p>\n<ul>\n<li><strong>\u00a1UNBOX 2 ROCK BANDS con LOL Surprise! OMG Remix Super Surprise<\/strong> &#8211; El acto de apertura y el Super Sonix.<\/li>\n<li><strong>70+ SORPRESAS:<\/strong> \u00a1Unbox 70+ sorpresas en una experiencia de unboxing totalmente nueva! \u00a1Siga los n\u00fameros para desempacar el empaque del boom box en la mejor experiencia de desempaquetado!<\/li>\n<li><strong>4 MU\u00d1ECAS DE MODA:<\/strong> Incluye 4 LOL Surprise. Mu\u00f1ecas de moda OMG con caracter\u00edsticas impresionantes, cabello hermoso y peinado y un estilo escandaloso de estrella de rock. \u00a1Son las hermanas mayores del favorito de los fan\u00e1ticos LOL Surprise! caracteres.<\/li>\n<li><strong>4 MU\u00d1ECAS:<\/strong> Incluye 4 LOL Surprise. mu\u00f1ecas, personajes favoritos de los fan\u00e1ticos y las hermanas de las mu\u00f1ecas de moda, cada una con todos los nuevos accesorios de bandas de rock.<\/li>\n<li><strong>4 instrumentos de rock que tocan m\u00fasica:<\/strong> cada mu\u00f1eca de moda incluye su propio instrumento de rock, y cada instrumento toca 6 sonidos diferentes. \u00a1Toquen instrumentos juntos para crear su propio remix de rock!<\/li>\n<\/ul>\n","protected":false},"excerpt":{"rendered":"<p>\u00a1DIOS MIO! \u00a1Estos rebeldes de la pasarela vinieron a slaaaaay! Super Sonix y sus hermanas del acto inaugural est\u00e1n a punto de destrozar el mejor espect\u00e1culo de rock. Pero detr\u00e1s<\/p>\n","protected":false},"featured_media":19894,"comment_status":"open","ping_status":"closed","template":"","meta":{"_acf_changed":false,"_joinchat":[]},"product_brand":[],"product_cat":[886,1097,1191],"product_tag":[],"class_list":{"0":"post-19893","1":"product","2":"type-product","3":"status-publish","4":"has-post-thumbnail","6":"product_cat-juguetesycoleccionables","7":"product_cat-juguetes","8":"product_cat-munecas-y-accesorios","10":"first","11":"instock","12":"sale","13":"shipping-taxable","14":"purchasable","15":"product-type-simple"},"acf":[],"_links":{"self":[{"href":"https:\/\/defabrica.com.mx\/defabrica\/wp-json\/wp\/v2\/product\/19893","targetHints":{"allow":["GET"]}}],"collection":[{"href":"https:\/\/defabrica.com.mx\/defabrica\/wp-json\/wp\/v2\/product"}],"about":[{"href":"https:\/\/defabrica.com.mx\/defabrica\/wp-json\/wp\/v2\/types\/product"}],"replies":[{"embeddable":true,"href":"https:\/\/defabrica.com.mx\/defabrica\/wp-json\/wp\/v2\/comments?post=19893"}],"wp:featuredmedia":[{"embeddable":true,"href":"https:\/\/defabrica.com.mx\/defabrica\/wp-json\/wp\/v2\/media\/19894"}],"wp:attachment":[{"href":"https:\/\/defabrica.com.mx\/defabrica\/wp-json\/wp\/v2\/media?parent=19893"}],"wp:term":[{"taxonomy":"product_brand","embeddable":true,"href":"https:\/\/defabrica.com.mx\/defabrica\/wp-json\/wp\/v2\/product_brand?post=19893"},{"taxonomy":"product_cat","embeddable":true,"href":"https:\/\/defabrica.com.mx\/defabrica\/wp-json\/wp\/v2\/product_cat?post=19893"},{"taxonomy":"product_tag","embeddable":true,"href":"https:\/\/defabrica.com.mx\/defabrica\/wp-json\/wp\/v2\/product_tag?post=19893"}],"curies":[{"name":"wp","href":"https:\/\/api.w.org\/{rel}","templated":true}]}}