{"id":19886,"date":"2020-12-10T18:44:43","date_gmt":"2020-12-11T00:44:43","guid":{"rendered":"https:\/\/defabrica.com.mx\/defabrica\/?post_type=product&#038;p=19886"},"modified":"2023-01-28T11:04:02","modified_gmt":"2023-01-28T17:04:02","slug":"dino-patroller","status":"publish","type":"product","link":"https:\/\/defabrica.com.mx\/defabrica\/producto\/dino-patroller\/","title":{"rendered":"Dino Patroller"},"content":{"rendered":"<p>\u00a1Entra en acci\u00f3n con PAW Patrol! \u00a1Salvar el d\u00eda es m\u00e1s aventurero que nunca con el Dino Patroller, el primer veh\u00edculo motorizado del equipo PAW Patrol! Con espacio para los seis cachorros, ruedas de gran tama\u00f1o, un lanzador de proyectiles y una figura de acci\u00f3n exclusiva de dinosaurio Chase y T.rex, \u00a1el Dino Patroller est\u00e1 listo para rodar! Cuando los dinosaurios griten pidiendo ayuda, coloca a Chase y otro cachorro (se vende por separado) en la cabina y un veh\u00edculo Dino Rescue Deluxe (se vende por separado) en la bah\u00eda trasera. Carga los proyectiles en el lanzador y prep\u00e1rate para misiones de rescate \u00e9picas. Presione el bot\u00f3n de la insignia del veh\u00edculo hasta el final y observe c\u00f3mo se mueve. \u00a1Con sus ruedas de gran tama\u00f1o, el Dino Patroller puede conquistar cualquier terreno! Mientras juegas tus aventuras de rescate de dinosaurios, empuja la cola para abrir la boca del dinosaurio a gran escala y ayuda a la Patrulla Canina a detectar tu T. rex en problemas! \u00a1Despliega tu veh\u00edculo de lujo desde la bah\u00eda y lanza las redes de rescate para ayudar a salvar el d\u00eda! Crea tus propias misiones prehist\u00f3ricas como en el exitoso programa una y otra vez. \u00a1Realiza rescates de dinosaurios llenos de acci\u00f3n con PAW Patrol y Dino Rescue Dino Patroller!<\/p>\n<ul>\n<li><strong>VEH\u00cdCULO MOTORIZADO PAW PATROL:<\/strong> \u00a1El Dino Patroller es el primer veh\u00edculo motorizado del equipo! Con solo presionar un bot\u00f3n, \u00a1m\u00edralo! Cuando detectes a un dinosaurio en problemas, lanza las redes de rescate.<\/li>\n<li><strong>CONQUISTA CUALQUIER TERRENO:<\/strong> Equipado con ruedas todoterreno de gran tama\u00f1o, el Dino Patroller puede conquistar cualquier terreno para llegar a los dinosaurios en problemas.<\/li>\n<li><strong>FIGURAS EXCLUSIVAS<\/strong>: \u00a1Vestido con su uniforme de Dino Rescue, la figura coleccionable de Chase est\u00e1 en el estuche! Adem\u00e1s, la boca y la cola del juguete de dinosaurio T.rex a gran escala realmente se mueven para contar historias completas.<\/li>\n<li><strong>Incluye:<\/strong> 1 Dino Patroller, 1 figura de persecuci\u00f3n, 1 figura de dinosaurio, 2 proyectiles, 1 gu\u00eda de instrucciones<\/li>\n<\/ul>\n","protected":false},"excerpt":{"rendered":"<p>\u00a1Entra en acci\u00f3n con PAW Patrol! \u00a1Salvar el d\u00eda es m\u00e1s aventurero que nunca con el Dino Patroller, el primer veh\u00edculo motorizado del equipo PAW Patrol! Con espacio para los<\/p>\n","protected":false},"featured_media":73233,"comment_status":"open","ping_status":"closed","template":"","meta":{"_acf_changed":false,"_joinchat":[]},"product_brand":[],"product_cat":[886,1097,1199],"product_tag":[],"class_list":{"0":"post-19886","1":"product","2":"type-product","3":"status-publish","4":"has-post-thumbnail","6":"product_cat-juguetesycoleccionables","7":"product_cat-juguetes","8":"product_cat-munecos-y-peluches","10":"first","11":"instock","12":"sale","13":"shipping-taxable","14":"purchasable","15":"product-type-simple"},"acf":[],"_links":{"self":[{"href":"https:\/\/defabrica.com.mx\/defabrica\/wp-json\/wp\/v2\/product\/19886","targetHints":{"allow":["GET"]}}],"collection":[{"href":"https:\/\/defabrica.com.mx\/defabrica\/wp-json\/wp\/v2\/product"}],"about":[{"href":"https:\/\/defabrica.com.mx\/defabrica\/wp-json\/wp\/v2\/types\/product"}],"replies":[{"embeddable":true,"href":"https:\/\/defabrica.com.mx\/defabrica\/wp-json\/wp\/v2\/comments?post=19886"}],"wp:featuredmedia":[{"embeddable":true,"href":"https:\/\/defabrica.com.mx\/defabrica\/wp-json\/wp\/v2\/media\/73233"}],"wp:attachment":[{"href":"https:\/\/defabrica.com.mx\/defabrica\/wp-json\/wp\/v2\/media?parent=19886"}],"wp:term":[{"taxonomy":"product_brand","embeddable":true,"href":"https:\/\/defabrica.com.mx\/defabrica\/wp-json\/wp\/v2\/product_brand?post=19886"},{"taxonomy":"product_cat","embeddable":true,"href":"https:\/\/defabrica.com.mx\/defabrica\/wp-json\/wp\/v2\/product_cat?post=19886"},{"taxonomy":"product_tag","embeddable":true,"href":"https:\/\/defabrica.com.mx\/defabrica\/wp-json\/wp\/v2\/product_tag?post=19886"}],"curies":[{"name":"wp","href":"https:\/\/api.w.org\/{rel}","templated":true}]}}