{"id":19870,"date":"2020-12-10T17:46:11","date_gmt":"2020-12-10T23:46:11","guid":{"rendered":"https:\/\/defabrica.com.mx\/defabrica\/?post_type=product&#038;p=19870"},"modified":"2022-12-01T15:42:58","modified_gmt":"2022-12-01T21:42:58","slug":"casa-de-munecas-kidkraft-chelsea","status":"publish","type":"product","link":"https:\/\/defabrica.com.mx\/defabrica\/producto\/casa-de-munecas-kidkraft-chelsea\/","title":{"rendered":"Casa de mu\u00f1ecas KidKraft Chelsea"},"content":{"rendered":"<p>Nuestra adorable e interactiva casa de mu\u00f1ecas KidKraft Chelsea tiene m\u00e1s de dos pies de altura, con tres niveles y cinco salas de diversi\u00f3n esperando ser descubiertas. Esta casa de mu\u00f1ecas tiene persianas funcionales, dos escaleras moldeadas y obras de arte cuidadosamente detalladas en cada panel. Con el paquete de muebles de 16 piezas incluido, los ni\u00f1os pueden divertirse jugando y decorando, ya sea colocando literas en la habitaci\u00f3n de los ni\u00f1os o dise\u00f1ando el estudio perfecto con el peque\u00f1o piano de cola. Esta casa es ideal para mu\u00f1ecas de cinco pulgadas.<\/p>\n<ul>\n<li>3 niveles, 5 habitaciones y balc\u00f3n<\/li>\n<li>Ventanas abiertas y cerradas<\/li>\n<li>Obra finamente detallada<\/li>\n<li>Construcci\u00f3n de madera inteligente y resistente<\/li>\n<li>Empaquetado con instrucciones de montaje detalladas paso a paso<\/li>\n<\/ul>\n","protected":false},"excerpt":{"rendered":"<p>Nuestra adorable e interactiva casa de mu\u00f1ecas KidKraft Chelsea tiene m\u00e1s de dos pies de altura, con tres niveles y cinco salas de diversi\u00f3n esperando ser descubiertas. Esta casa de<\/p>\n","protected":false},"featured_media":73393,"comment_status":"open","ping_status":"closed","template":"","meta":{"_acf_changed":false,"_joinchat":[]},"product_brand":[],"product_cat":[886,1097,1191],"product_tag":[],"class_list":{"0":"post-19870","1":"product","2":"type-product","3":"status-publish","4":"has-post-thumbnail","6":"product_cat-juguetesycoleccionables","7":"product_cat-juguetes","8":"product_cat-munecas-y-accesorios","10":"first","11":"instock","12":"sale","13":"shipping-taxable","14":"purchasable","15":"product-type-simple"},"acf":[],"_links":{"self":[{"href":"https:\/\/defabrica.com.mx\/defabrica\/wp-json\/wp\/v2\/product\/19870","targetHints":{"allow":["GET"]}}],"collection":[{"href":"https:\/\/defabrica.com.mx\/defabrica\/wp-json\/wp\/v2\/product"}],"about":[{"href":"https:\/\/defabrica.com.mx\/defabrica\/wp-json\/wp\/v2\/types\/product"}],"replies":[{"embeddable":true,"href":"https:\/\/defabrica.com.mx\/defabrica\/wp-json\/wp\/v2\/comments?post=19870"}],"wp:featuredmedia":[{"embeddable":true,"href":"https:\/\/defabrica.com.mx\/defabrica\/wp-json\/wp\/v2\/media\/73393"}],"wp:attachment":[{"href":"https:\/\/defabrica.com.mx\/defabrica\/wp-json\/wp\/v2\/media?parent=19870"}],"wp:term":[{"taxonomy":"product_brand","embeddable":true,"href":"https:\/\/defabrica.com.mx\/defabrica\/wp-json\/wp\/v2\/product_brand?post=19870"},{"taxonomy":"product_cat","embeddable":true,"href":"https:\/\/defabrica.com.mx\/defabrica\/wp-json\/wp\/v2\/product_cat?post=19870"},{"taxonomy":"product_tag","embeddable":true,"href":"https:\/\/defabrica.com.mx\/defabrica\/wp-json\/wp\/v2\/product_tag?post=19870"}],"curies":[{"name":"wp","href":"https:\/\/api.w.org\/{rel}","templated":true}]}}