{"id":19833,"date":"2020-12-10T15:54:08","date_gmt":"2020-12-10T21:54:08","guid":{"rendered":"https:\/\/defabrica.com.mx\/defabrica\/?post_type=product&#038;p=19833"},"modified":"2022-12-01T15:41:38","modified_gmt":"2022-12-01T21:41:38","slug":"mansion-kidkraft-shimmer","status":"publish","type":"product","link":"https:\/\/defabrica.com.mx\/defabrica\/producto\/mansion-kidkraft-shimmer\/","title":{"rendered":"Mansi\u00f3n KidKraft Shimmer"},"content":{"rendered":"<p>KidKraft Shimmer Mansion es la casa de mu\u00f1ecas perfecta para que la imaginaci\u00f3n de los j\u00f3venes teje sus propias historias para mu\u00f1ecas de 30 cm. La luminosa casa de mu\u00f1ecas de cuatro niveles mide m\u00e1s de cinco pies de alto y est\u00e1 ricamente detallada con luces de trabajo y un inodoro con cisterna. Para darle un toque personalizado, los ni\u00f1os pueden montar un espejo enmarcado en la pared o insertar sus propias obras de arte para exhibirlas con orgullo en esta alta casa de mu\u00f1ecas. Cada una de las nueve habitaciones ofrece un tel\u00f3n de fondo \u00fanico para todo tipo de historias. Un elegante ascensor rosa se desliza suavemente tres pisos hasta el estudio, donde aguarda un spa con balc\u00f3n adjunto. Una moderna escalera conduce al alt\u00edsimo desv\u00e1n del dormitorio para una vista impresionante para todas las mu\u00f1ecas. El kit de accesorios de 30 piezas incluye muebles de madera pintados a mano y accesorios para una vida saludable. Una esterilla de yoga y una cinta de correr permiten divertidas clases de ejercicios en la sala de ejercicios mientras mira el moderno televisor de pantalla plana. Incluso hay un plato de ensalada fresca esperando en la mesa. A medida que los ni\u00f1os practiquen una vida saludable con sus mu\u00f1ecas de 30 cm, aprender\u00e1n lecciones sobre la importancia de un estilo de vida equilibrado.<\/p>\n<ul>\n<li>30 accesorios de estilo de vida<\/li>\n<li>4 niveles, 8 habitaciones y un \u00e1rea al aire libre<\/li>\n<li>Los accesorios cuentan con luz y sonido<\/li>\n<li>Inserte su propio arte en el marco de la imagen<\/li>\n<li>Para obtener instrucciones de montaje m\u00e1s r\u00e1pidas y sencillas, descargue la aplicaci\u00f3n BILT gratuita de Apple App Store o Google Play.<\/li>\n<li>Construcci\u00f3n robusta de madera<\/li>\n<li>Empaquetado con instrucciones paso a paso<\/li>\n<\/ul>\n","protected":false},"excerpt":{"rendered":"<p>KidKraft Shimmer Mansion es la casa de mu\u00f1ecas perfecta para que la imaginaci\u00f3n de los j\u00f3venes teje sus propias historias para mu\u00f1ecas de 30 cm. La luminosa casa de mu\u00f1ecas<\/p>\n","protected":false},"featured_media":19842,"comment_status":"open","ping_status":"closed","template":"","meta":{"_acf_changed":false,"_joinchat":[]},"product_brand":[],"product_cat":[886,1097,1191],"product_tag":[],"class_list":{"0":"post-19833","1":"product","2":"type-product","3":"status-publish","4":"has-post-thumbnail","6":"product_cat-juguetesycoleccionables","7":"product_cat-juguetes","8":"product_cat-munecas-y-accesorios","10":"first","11":"instock","12":"sale","13":"shipping-taxable","14":"purchasable","15":"product-type-simple"},"acf":[],"_links":{"self":[{"href":"https:\/\/defabrica.com.mx\/defabrica\/wp-json\/wp\/v2\/product\/19833","targetHints":{"allow":["GET"]}}],"collection":[{"href":"https:\/\/defabrica.com.mx\/defabrica\/wp-json\/wp\/v2\/product"}],"about":[{"href":"https:\/\/defabrica.com.mx\/defabrica\/wp-json\/wp\/v2\/types\/product"}],"replies":[{"embeddable":true,"href":"https:\/\/defabrica.com.mx\/defabrica\/wp-json\/wp\/v2\/comments?post=19833"}],"wp:featuredmedia":[{"embeddable":true,"href":"https:\/\/defabrica.com.mx\/defabrica\/wp-json\/wp\/v2\/media\/19842"}],"wp:attachment":[{"href":"https:\/\/defabrica.com.mx\/defabrica\/wp-json\/wp\/v2\/media?parent=19833"}],"wp:term":[{"taxonomy":"product_brand","embeddable":true,"href":"https:\/\/defabrica.com.mx\/defabrica\/wp-json\/wp\/v2\/product_brand?post=19833"},{"taxonomy":"product_cat","embeddable":true,"href":"https:\/\/defabrica.com.mx\/defabrica\/wp-json\/wp\/v2\/product_cat?post=19833"},{"taxonomy":"product_tag","embeddable":true,"href":"https:\/\/defabrica.com.mx\/defabrica\/wp-json\/wp\/v2\/product_tag?post=19833"}],"curies":[{"name":"wp","href":"https:\/\/api.w.org\/{rel}","templated":true}]}}