{"id":19822,"date":"2020-12-10T15:14:59","date_gmt":"2020-12-10T21:14:59","guid":{"rendered":"https:\/\/defabrica.com.mx\/defabrica\/?post_type=product&#038;p=19822"},"modified":"2023-01-21T10:56:53","modified_gmt":"2023-01-21T16:56:53","slug":"casa-de-munecas-barbie-dreamhouse","status":"publish","type":"product","link":"https:\/\/defabrica.com.mx\/defabrica\/producto\/casa-de-munecas-barbie-dreamhouse\/","title":{"rendered":"Casa de mu\u00f1ecas Barbie Dreamhouse"},"content":{"rendered":"<p>Cuando la imaginaci\u00f3n de los j\u00f3venes se muda a Barbie Dreamhouse, \u00a1convierten esta incre\u00edble casa de mu\u00f1ecas en la casa de sus sue\u00f1os! Con m\u00e1s de 3 pies de alto y 4 pies de ancho, Barbie Dreamhouse tiene tantas caracter\u00edsticas sorprendentes: tres pisos, ocho habitaciones que incluyen una cochera (autom\u00f3vil no incluido) y una oficina en casa, un ascensor que funciona para cuatro mu\u00f1ecas, una piscina que tiene un tobog\u00e1n que desciende de la historia anterior, cinco muebles transformadores, luces, sonidos y m\u00e1s de 60 accesorios adicionales, incluido un adorable cachorro, que se pueden usar para decorar, preparar el escenario y representar tantas historias. El dise\u00f1o plug and play ayuda a mantener las piezas en su lugar mientras las manos peque\u00f1as se mueven (\u00a1y facilita la limpieza para las manos de los adultos!). Las decoraciones y los muebles para ambientes interiores y exteriores inspiran el juego desde todos los \u00e1ngulos, y las transformaciones brindan diversi\u00f3n dos en uno mientras fomentan la acci\u00f3n flexible: el sof\u00e1 se convierte en literas, la mesa de caf\u00e9 se voltea para una cama del tama\u00f1o de una mu\u00f1eca Chelsea (se vende por separado), la chimenea se convierte en una oficina en casa, el refrigerador se convierte en un Puesto de comida al aire libre y el horno alberga una barbacoa en la parte trasera. Incluye Barbie Dreamhouse y 70 accesorios que incluyen muebles, art\u00edculos para el hogar y un cachorro; mu\u00f1ecas, modas y coche no incluidos. Los colores y las decoraciones pueden variar.<\/p>\n<p><strong>Casa de mu\u00f1ecas Barbie Dreamhouse con piscina, tobog\u00e1n y ascensor:<\/strong><\/p>\n<ul>\n<li><strong>Rango de edad:<\/strong> 3 a\u00f1os en adelante<\/li>\n<li><strong>Con una impresionante altura de:<\/strong> 3 pies y 4 pies de ancho y con 3 pisos, 8 habitaciones, juego en todos los \u00e1ngulos, un elevador que funciona y una piscina con tobog\u00e1n, Barbie Dreamhouse alienta la imaginaci\u00f3n de los j\u00f3venes a mudarse a esta casa de mu\u00f1ecas y crear la casa de sus sue\u00f1os.<\/li>\n<li><strong>Las caracter\u00edsticas de ensue\u00f1o incluyen:<\/strong> el elevador en funcionamiento con espacio para 4 mu\u00f1ecas, una nueva oficina en casa, un estacionamiento techado y una piscina en el segundo piso con un tobog\u00e1n que comienza en el tercer piso. \u00a1Ll\u00e9nala de agua para un verdadero chapuz\u00f3n!<\/li>\n<li><strong>Las luces y los sonidos a\u00f1aden toques realistas y fomentan el juego de roles:<\/strong> coloque la sart\u00e9n sobre la estufa y presione para obtener un sonido chisporroteante; haz lo mismo con la tetera para silbar; abra la puerta del horno para ver c\u00f3mo se enciende; gire el temporizador del horno para hacer tictac; y presione un bot\u00f3n en el inodoro para escuchar un sonido de descarga.<\/li>\n<li><strong>La diversi\u00f3n dos en uno ampl\u00eda las posibilidades de juego:<\/strong> el sof\u00e1 se abre para crear literas y la mesa de caf\u00e9 se voltea revelando una cama para la mu\u00f1eca Chelsea (se vende por separado) para crear un dormitorio de invitados; la chimenea da la vuelta para transformar un acogedor estudio en una oficina en casa; el fregadero de la cocina tiene una doble funci\u00f3n, en un lado con parrilla y estantes y en el otro con el horno y un contenedor de reciclaje; \u00a1y la parte trasera del refrigerador es un puesto de comida al aire libre!<\/li>\n<li><strong>Accesorios adicionales<\/strong> -la casa de mu\u00f1ecas Barbie viene con 70 piezas en total- fomentan la expresi\u00f3n personal e inspiran una narraci\u00f3n interminable. Los mangos de algunos de los elementos permiten el juego de roles, mientras que el dise\u00f1o plug and play permite el juego activo.<\/li>\n<li>Agrega variedad a la narraci\u00f3n y al tiempo de juego expandiendo el mundo de la mu\u00f1eca Barbie y el tuyo propio porque puedes ser cualquier cosa con Barbie (cada una se vende por separado, sujeto a disponibilidad).<\/li>\n<\/ul>\n","protected":false},"excerpt":{"rendered":"<p>Cuando la imaginaci\u00f3n de los j\u00f3venes se muda a Barbie Dreamhouse, \u00a1convierten esta incre\u00edble casa de mu\u00f1ecas en la casa de sus sue\u00f1os! Con m\u00e1s de 3 pies de alto<\/p>\n","protected":false},"featured_media":19827,"comment_status":"open","ping_status":"closed","template":"","meta":{"_acf_changed":false,"_joinchat":[]},"product_brand":[],"product_cat":[1490,886,1097,1191],"product_tag":[],"class_list":{"0":"post-19822","1":"product","2":"type-product","3":"status-publish","4":"has-post-thumbnail","6":"product_cat-barbie","7":"product_cat-juguetesycoleccionables","8":"product_cat-juguetes","9":"product_cat-munecas-y-accesorios","11":"first","12":"instock","13":"sale","14":"shipping-taxable","15":"purchasable","16":"product-type-simple"},"acf":[],"_links":{"self":[{"href":"https:\/\/defabrica.com.mx\/defabrica\/wp-json\/wp\/v2\/product\/19822","targetHints":{"allow":["GET"]}}],"collection":[{"href":"https:\/\/defabrica.com.mx\/defabrica\/wp-json\/wp\/v2\/product"}],"about":[{"href":"https:\/\/defabrica.com.mx\/defabrica\/wp-json\/wp\/v2\/types\/product"}],"replies":[{"embeddable":true,"href":"https:\/\/defabrica.com.mx\/defabrica\/wp-json\/wp\/v2\/comments?post=19822"}],"wp:featuredmedia":[{"embeddable":true,"href":"https:\/\/defabrica.com.mx\/defabrica\/wp-json\/wp\/v2\/media\/19827"}],"wp:attachment":[{"href":"https:\/\/defabrica.com.mx\/defabrica\/wp-json\/wp\/v2\/media?parent=19822"}],"wp:term":[{"taxonomy":"product_brand","embeddable":true,"href":"https:\/\/defabrica.com.mx\/defabrica\/wp-json\/wp\/v2\/product_brand?post=19822"},{"taxonomy":"product_cat","embeddable":true,"href":"https:\/\/defabrica.com.mx\/defabrica\/wp-json\/wp\/v2\/product_cat?post=19822"},{"taxonomy":"product_tag","embeddable":true,"href":"https:\/\/defabrica.com.mx\/defabrica\/wp-json\/wp\/v2\/product_tag?post=19822"}],"curies":[{"name":"wp","href":"https:\/\/api.w.org\/{rel}","templated":true}]}}