{"id":19817,"date":"2020-12-10T14:19:41","date_gmt":"2020-12-10T20:19:41","guid":{"rendered":"https:\/\/defabrica.com.mx\/defabrica\/?post_type=product&#038;p=19817"},"modified":"2023-01-26T14:27:54","modified_gmt":"2023-01-26T20:27:54","slug":"vehiculo-dreamcamper-3-en-1","status":"publish","type":"product","link":"https:\/\/defabrica.com.mx\/defabrica\/producto\/vehiculo-dreamcamper-3-en-1\/","title":{"rendered":"Barbie &#8211; Veh\u00edculo Dreamcamper 3 en 1"},"content":{"rendered":"<p>Cuando los ni\u00f1os salen a la carretera en el DreamCamper 3 en 1 de Barbie, \u00a1sus historias pueden ir a donde los lleve su imaginaci\u00f3n! M\u00faltiples transformaciones y sorpresas ocultas hacen que el tiempo de juego sea emocionante: dale un empuj\u00f3n a la caravana rosa brillante para que se divierta. Cuando sea el momento de explorar, abra la parte delantera de la caravana para revelar una camioneta con capacidad para cuatro. \u00a1Eche un vistazo debajo del asiento trasero del cami\u00f3n para encontrar un bote perfecto para un viaje de pesca! Cuando la imaginaci\u00f3n est\u00e9 lista para montar el campamento, abra los paneles laterales para transformar este RV de campamento en un juego de campamento con espacio para cuatro mu\u00f1ecas para comer, dormir y jugar. Barbie DreamCamper 3 en 1 porque con Barbie, \u00a1puedes ser cualquier cosa! Agrega a\u00fan m\u00e1s variedad al tiempo de juego expandiendo el mundo de Barbie con mu\u00f1ecas y accesorios (cada uno se vende por separado, sujeto a disponibilidad). Mu\u00f1ecas no incluidas. Los colores y las decoraciones pueden variar.<\/p>\n<p><strong>Barbie Estate 3 en 1 Dreamcamper\u00a0<\/strong><\/p>\n<ul>\n<li><strong>Rango de edad:<\/strong> 3 a\u00f1os en adelante<\/li>\n<li><strong>Con m\u00faltiples transformaciones<\/strong>, 3 veh\u00edculos, 5 espacios habitables, juegos de 360 \u200b\u200bgrados y 60 accesorios, Barbie DreamCamper 3 en 1 anima a las mentes j\u00f3venes a explorar aventuras al aire libre y hacer realidad sus sue\u00f1os de viaje.<\/li>\n<li><strong>Cuando la imaginaci\u00f3n explore<\/strong>, encontrar\u00e1n m\u00faltiples \u00e1reas de juego que incluyen una sala de estar para descansar, un patio con piscina, un ba\u00f1o con ducha emergente, un dormitorio en la azotea y una cocina con todo lo que necesitan para divertirse cocinando.<\/li>\n<li><strong>Las transformaciones a\u00f1aden emoci\u00f3n al juego de contar historias<\/strong>: abre la caravana para ver un bote y una camioneta con capacidad para 4 personas; voltea la mesa de caf\u00e9 para encontrar una fogata y levanta el techo de la caravana para revelar una cama alta<\/li>\n<li><strong>Empaca todo dentro y ci\u00e9rralo para volver a salir a la carretera.<\/strong> Un dise\u00f1o y detalles geniales, como rayas dulces, detalles del logotipo de Barbie, detalles plateados (en la parrilla y las ruedas giratorias), \u00a1hacen que los viajes por carretera sean muy divertidos!<\/li>\n<li><strong>Con 60 piezas de juego<\/strong>, nunca es la misma aventura dos veces. Los accesorios incluyen equipo de pesca, una mesa de picnic con capacidad para 4 personas, art\u00edculos de ba\u00f1o, un saco de dormir, mantas y todo lo que los ni\u00f1os necesitan para jugar historias de campamento, \u00a1como las costumbres!<\/li>\n<li>Los aventureros de 3 a 7 a\u00f1os pueden descubrir, explorar y representar tantas historias de viajes emocionantes con Barbie DreamCamper 3 en 1.<\/li>\n<\/ul>\n","protected":false},"excerpt":{"rendered":"<p>Cuando los ni\u00f1os salen a la carretera en el DreamCamper 3 en 1 de Barbie, \u00a1sus historias pueden ir a donde los lleve su imaginaci\u00f3n! M\u00faltiples transformaciones y sorpresas ocultas<\/p>\n","protected":false},"featured_media":19820,"comment_status":"open","ping_status":"closed","template":"","meta":{"_acf_changed":false,"_joinchat":[]},"product_brand":[],"product_cat":[886,1097,1191],"product_tag":[],"class_list":{"0":"post-19817","1":"product","2":"type-product","3":"status-publish","4":"has-post-thumbnail","6":"product_cat-juguetesycoleccionables","7":"product_cat-juguetes","8":"product_cat-munecas-y-accesorios","10":"first","11":"instock","12":"sale","13":"shipping-taxable","14":"purchasable","15":"product-type-simple"},"acf":[],"_links":{"self":[{"href":"https:\/\/defabrica.com.mx\/defabrica\/wp-json\/wp\/v2\/product\/19817","targetHints":{"allow":["GET"]}}],"collection":[{"href":"https:\/\/defabrica.com.mx\/defabrica\/wp-json\/wp\/v2\/product"}],"about":[{"href":"https:\/\/defabrica.com.mx\/defabrica\/wp-json\/wp\/v2\/types\/product"}],"replies":[{"embeddable":true,"href":"https:\/\/defabrica.com.mx\/defabrica\/wp-json\/wp\/v2\/comments?post=19817"}],"wp:featuredmedia":[{"embeddable":true,"href":"https:\/\/defabrica.com.mx\/defabrica\/wp-json\/wp\/v2\/media\/19820"}],"wp:attachment":[{"href":"https:\/\/defabrica.com.mx\/defabrica\/wp-json\/wp\/v2\/media?parent=19817"}],"wp:term":[{"taxonomy":"product_brand","embeddable":true,"href":"https:\/\/defabrica.com.mx\/defabrica\/wp-json\/wp\/v2\/product_brand?post=19817"},{"taxonomy":"product_cat","embeddable":true,"href":"https:\/\/defabrica.com.mx\/defabrica\/wp-json\/wp\/v2\/product_cat?post=19817"},{"taxonomy":"product_tag","embeddable":true,"href":"https:\/\/defabrica.com.mx\/defabrica\/wp-json\/wp\/v2\/product_tag?post=19817"}],"curies":[{"name":"wp","href":"https:\/\/api.w.org\/{rel}","templated":true}]}}