{"id":19786,"date":"2020-12-10T11:46:49","date_gmt":"2020-12-10T17:46:49","guid":{"rendered":"https:\/\/defabrica.com.mx\/defabrica\/?post_type=product&#038;p=19786"},"modified":"2022-12-01T15:37:25","modified_gmt":"2022-12-01T21:37:25","slug":"cry-babies-goodnight-coney","status":"publish","type":"product","link":"https:\/\/defabrica.com.mx\/defabrica\/producto\/cry-babies-goodnight-coney\/","title":{"rendered":"Cry Babies &#8211; Goodnight Coney"},"content":{"rendered":"<p>Cry Babies Goodnight Coney es el mejor amigo para la rutina de la hora de dormir! Suave al tacto y perfecta para los abrazos! Ella ayuda a los ni\u00f1os a dormirse m\u00e1gicamente. Cuando le quitas el chupete, llora l\u00e1grimas que se iluminan en la oscuridad y hace sonidos de beb\u00e9 realistas. Si le devuelves el chupete, su cara se iluminar\u00e1 como una luz nocturna y jugar\u00e1 10 minutos de canciones de cuna cuando le presiones la barriga. \u00a1Dulces sue\u00f1os!<\/p>\n<ul class=\"a-unordered-list a-vertical a-spacing-mini\">\n<li><span class=\"a-list-item\">La nueva mu\u00f1eca Cry Babies Goodnight Coney ayudar\u00e1 a los ni\u00f1os a conciliar el sue\u00f1o de la manera m\u00e1s m\u00e1gica.<\/span><\/li>\n<li><span class=\"a-list-item\">Ella tiene un cuerpo muy suave y lleva pijamas s\u00faper suaves.<\/span><\/li>\n<li><span class=\"a-list-item\">Good Night Coney llora las l\u00e1grimas LED cuando le quitas el chupete.<\/span><\/li>\n<li><span class=\"a-list-item\">Su cara se ilumina con un resplandor relajante cuando le devolvemos el chupete.<\/span><\/li>\n<li><span class=\"a-list-item\">Reproduce 5 canciones de cuna dulces hasta 10 minutos.<\/span><\/li>\n<li><span class=\"a-list-item\">Hace sonidos realistas del beb\u00e9.\u00a0<\/span><\/li>\n<\/ul>\n","protected":false},"excerpt":{"rendered":"<p>Cry Babies Goodnight Coney es el mejor amigo para la rutina de la hora de dormir! Suave al tacto y perfecta para los abrazos! Ella ayuda a los ni\u00f1os a<\/p>\n","protected":false},"featured_media":19787,"comment_status":"open","ping_status":"closed","template":"","meta":{"_acf_changed":false,"_joinchat":[]},"product_brand":[],"product_cat":[886,1097,1191],"product_tag":[],"class_list":{"0":"post-19786","1":"product","2":"type-product","3":"status-publish","4":"has-post-thumbnail","6":"product_cat-juguetesycoleccionables","7":"product_cat-juguetes","8":"product_cat-munecas-y-accesorios","10":"first","11":"instock","12":"sale","13":"shipping-taxable","14":"purchasable","15":"product-type-simple"},"acf":[],"_links":{"self":[{"href":"https:\/\/defabrica.com.mx\/defabrica\/wp-json\/wp\/v2\/product\/19786","targetHints":{"allow":["GET"]}}],"collection":[{"href":"https:\/\/defabrica.com.mx\/defabrica\/wp-json\/wp\/v2\/product"}],"about":[{"href":"https:\/\/defabrica.com.mx\/defabrica\/wp-json\/wp\/v2\/types\/product"}],"replies":[{"embeddable":true,"href":"https:\/\/defabrica.com.mx\/defabrica\/wp-json\/wp\/v2\/comments?post=19786"}],"wp:featuredmedia":[{"embeddable":true,"href":"https:\/\/defabrica.com.mx\/defabrica\/wp-json\/wp\/v2\/media\/19787"}],"wp:attachment":[{"href":"https:\/\/defabrica.com.mx\/defabrica\/wp-json\/wp\/v2\/media?parent=19786"}],"wp:term":[{"taxonomy":"product_brand","embeddable":true,"href":"https:\/\/defabrica.com.mx\/defabrica\/wp-json\/wp\/v2\/product_brand?post=19786"},{"taxonomy":"product_cat","embeddable":true,"href":"https:\/\/defabrica.com.mx\/defabrica\/wp-json\/wp\/v2\/product_cat?post=19786"},{"taxonomy":"product_tag","embeddable":true,"href":"https:\/\/defabrica.com.mx\/defabrica\/wp-json\/wp\/v2\/product_tag?post=19786"}],"curies":[{"name":"wp","href":"https:\/\/api.w.org\/{rel}","templated":true}]}}