{"id":19781,"date":"2020-12-10T11:25:52","date_gmt":"2020-12-10T17:25:52","guid":{"rendered":"https:\/\/defabrica.com.mx\/defabrica\/?post_type=product&#038;p=19781"},"modified":"2022-12-01T15:36:09","modified_gmt":"2022-12-01T21:36:09","slug":"cry-babies-muneca-dotty","status":"publish","type":"product","link":"https:\/\/defabrica.com.mx\/defabrica\/producto\/cry-babies-muneca-dotty\/","title":{"rendered":"Cry Babies &#8211; Mu\u00f1eca Dotty"},"content":{"rendered":"<p>\u00a1Conocer al beb\u00e9 llor\u00f3n Dotty! Le encanta jugar con todo tipo de animales! Le encanta cuidarlos y cuando crezca, quiere ser veterinaria. \u00a1Llora l\u00e1grimas de verdad y hace sonidos de beb\u00e9 realistas cuando le quitas el chupete! Dale dulces abrazos o acu\u00e9stala suavemente para que deje de llorar. Tambi\u00e9n viene con su propio pelele d\u00e1lmata cambiante. Los beb\u00e9s llorones son muy divertidos y promueven el juego imaginativo!<\/p>\n<ul class=\"a-unordered-list a-vertical a-spacing-mini\">\n<li><span class=\"a-list-item\">\u00a1Conoce a los beb\u00e9s lloros! Lloran l\u00e1grimas reales y hacen sonidos realistas de beb\u00e9 cuando se quitan su chupete. Tambi\u00e9n vienen con su propio mono con estampado animal. Los beb\u00e9s lloran son muy divertidos y tambi\u00e9n promueven el juego imaginativo.<\/span><\/li>\n<li><span class=\"a-list-item\">Saca su chupete y comenzar\u00e1n a llorar como un beb\u00e9 real.<\/span><\/li>\n<li><span class=\"a-list-item\">Ayuda a calmar a tu beb\u00e9 llorando poniendo el chupete en su boca o suavemente tumb\u00e1ndolos y dejar\u00e1n de llorar.<\/span><\/li>\n<li><span class=\"a-list-item\">Cada mu\u00f1eca viene con un chupete adjunto y un mono de impresi\u00f3n animal intercambiable.<\/span><\/li>\n<li><span class=\"a-list-item\">Cabeza totalmente articulada, brazos y piernas para mayor valor de juego.<\/span><\/li>\n<li><span class=\"a-list-item\">Tipo de material: pl\u00e1stico.<\/span><\/li>\n<\/ul>\n","protected":false},"excerpt":{"rendered":"<p>\u00a1Conocer al beb\u00e9 llor\u00f3n Dotty! Le encanta jugar con todo tipo de animales! Le encanta cuidarlos y cuando crezca, quiere ser veterinaria. \u00a1Llora l\u00e1grimas de verdad y hace sonidos de<\/p>\n","protected":false},"featured_media":19783,"comment_status":"open","ping_status":"closed","template":"","meta":{"_acf_changed":false,"_joinchat":[]},"product_brand":[],"product_cat":[886,1097,1191],"product_tag":[],"class_list":{"0":"post-19781","1":"product","2":"type-product","3":"status-publish","4":"has-post-thumbnail","6":"product_cat-juguetesycoleccionables","7":"product_cat-juguetes","8":"product_cat-munecas-y-accesorios","10":"first","11":"instock","12":"sale","13":"shipping-taxable","14":"purchasable","15":"product-type-simple"},"acf":[],"_links":{"self":[{"href":"https:\/\/defabrica.com.mx\/defabrica\/wp-json\/wp\/v2\/product\/19781","targetHints":{"allow":["GET"]}}],"collection":[{"href":"https:\/\/defabrica.com.mx\/defabrica\/wp-json\/wp\/v2\/product"}],"about":[{"href":"https:\/\/defabrica.com.mx\/defabrica\/wp-json\/wp\/v2\/types\/product"}],"replies":[{"embeddable":true,"href":"https:\/\/defabrica.com.mx\/defabrica\/wp-json\/wp\/v2\/comments?post=19781"}],"wp:featuredmedia":[{"embeddable":true,"href":"https:\/\/defabrica.com.mx\/defabrica\/wp-json\/wp\/v2\/media\/19783"}],"wp:attachment":[{"href":"https:\/\/defabrica.com.mx\/defabrica\/wp-json\/wp\/v2\/media?parent=19781"}],"wp:term":[{"taxonomy":"product_brand","embeddable":true,"href":"https:\/\/defabrica.com.mx\/defabrica\/wp-json\/wp\/v2\/product_brand?post=19781"},{"taxonomy":"product_cat","embeddable":true,"href":"https:\/\/defabrica.com.mx\/defabrica\/wp-json\/wp\/v2\/product_cat?post=19781"},{"taxonomy":"product_tag","embeddable":true,"href":"https:\/\/defabrica.com.mx\/defabrica\/wp-json\/wp\/v2\/product_tag?post=19781"}],"curies":[{"name":"wp","href":"https:\/\/api.w.org\/{rel}","templated":true}]}}