{"id":19775,"date":"2020-12-10T11:06:04","date_gmt":"2020-12-10T17:06:04","guid":{"rendered":"https:\/\/defabrica.com.mx\/defabrica\/?post_type=product&#038;p=19775"},"modified":"2022-12-01T15:35:28","modified_gmt":"2022-12-01T21:35:28","slug":"cry-babies-sasha-el-rinoceronte","status":"publish","type":"product","link":"https:\/\/defabrica.com.mx\/defabrica\/producto\/cry-babies-sasha-el-rinoceronte\/","title":{"rendered":"Cry Babies &#8211; Sasha El Rinoceronte"},"content":{"rendered":"<p>Conoce a Cry Baby Sasha! Le encantan las fiestas de cumplea\u00f1os y encontrar los regalos perfectos para sus amigos. Vestida con un pelele cambiante de tem\u00e1tica de rinoceronte, llora l\u00e1grimas de verdad y hace sonidos de beb\u00e9 realistas cuando le quitas el chupete. Dale muchos abrazos y recu\u00e9stala para que deje de llorar. Sasha anima a los ni\u00f1os a participar en divertidos juegos imaginativos!<\/p>\n<ul class=\"a-unordered-list a-vertical a-spacing-mini\">\n<li><span class=\"a-list-item\">\u00a1Conoce a Cry Baby Sasha! Ella llora l\u00e1grimas reales y hace sonidos realistas del beb\u00e9 cuando se quita su chupete Dale dulces abrazos o col\u00f3cala suavemente para evitar que llore. Tambi\u00e9n viene con su propio mono con tema de rinoceronte.<\/span><\/li>\n<li><span class=\"a-list-item\">Si te llevas su chupete llorar\u00e1 l\u00e1grimas reales y har\u00e1 sonidos llorosos. \u00a1Tendr\u00e1s que dejarla para que deje de llorar!<\/span><\/li>\n<li><span class=\"a-list-item\">Cada beb\u00e9 viene con un chupete y un pijama de impresi\u00f3n animal intercambiable.<\/span><\/li>\n<li><span class=\"a-list-item\">Cabeza, brazos y piernas totalmente articulados para mayor valor de juego.<\/span><\/li>\n<\/ul>\n","protected":false},"excerpt":{"rendered":"<p>Conoce a Cry Baby Sasha! Le encantan las fiestas de cumplea\u00f1os y encontrar los regalos perfectos para sus amigos. Vestida con un pelele cambiante de tem\u00e1tica de rinoceronte, llora l\u00e1grimas<\/p>\n","protected":false},"featured_media":19776,"comment_status":"open","ping_status":"closed","template":"","meta":{"_acf_changed":false,"_joinchat":[]},"product_brand":[],"product_cat":[886,1097,1191],"product_tag":[],"class_list":{"0":"post-19775","1":"product","2":"type-product","3":"status-publish","4":"has-post-thumbnail","6":"product_cat-juguetesycoleccionables","7":"product_cat-juguetes","8":"product_cat-munecas-y-accesorios","10":"first","11":"instock","12":"sale","13":"shipping-taxable","14":"purchasable","15":"product-type-simple"},"acf":[],"_links":{"self":[{"href":"https:\/\/defabrica.com.mx\/defabrica\/wp-json\/wp\/v2\/product\/19775","targetHints":{"allow":["GET"]}}],"collection":[{"href":"https:\/\/defabrica.com.mx\/defabrica\/wp-json\/wp\/v2\/product"}],"about":[{"href":"https:\/\/defabrica.com.mx\/defabrica\/wp-json\/wp\/v2\/types\/product"}],"replies":[{"embeddable":true,"href":"https:\/\/defabrica.com.mx\/defabrica\/wp-json\/wp\/v2\/comments?post=19775"}],"wp:featuredmedia":[{"embeddable":true,"href":"https:\/\/defabrica.com.mx\/defabrica\/wp-json\/wp\/v2\/media\/19776"}],"wp:attachment":[{"href":"https:\/\/defabrica.com.mx\/defabrica\/wp-json\/wp\/v2\/media?parent=19775"}],"wp:term":[{"taxonomy":"product_brand","embeddable":true,"href":"https:\/\/defabrica.com.mx\/defabrica\/wp-json\/wp\/v2\/product_brand?post=19775"},{"taxonomy":"product_cat","embeddable":true,"href":"https:\/\/defabrica.com.mx\/defabrica\/wp-json\/wp\/v2\/product_cat?post=19775"},{"taxonomy":"product_tag","embeddable":true,"href":"https:\/\/defabrica.com.mx\/defabrica\/wp-json\/wp\/v2\/product_tag?post=19775"}],"curies":[{"name":"wp","href":"https:\/\/api.w.org\/{rel}","templated":true}]}}