{"id":19767,"date":"2020-12-10T10:22:22","date_gmt":"2020-12-10T16:22:22","guid":{"rendered":"https:\/\/defabrica.com.mx\/defabrica\/?post_type=product&#038;p=19767"},"modified":"2022-12-01T15:34:59","modified_gmt":"2022-12-01T21:34:59","slug":"cry-babies-lady-la-muneca-mariquita","status":"publish","type":"product","link":"https:\/\/defabrica.com.mx\/defabrica\/producto\/cry-babies-lady-la-muneca-mariquita\/","title":{"rendered":"Cry Babies &#8211; La Mu\u00f1eca Ladybug"},"content":{"rendered":"<p>\u00a1Conozcan a los beb\u00e9s llorones! Lloran l\u00e1grimas reales y hacen sonidos de beb\u00e9 realistas cuando les quitas el chupete! Tambi\u00e9n vienen con su propio pelele con estampado de animales. Los beb\u00e9s llorones son muy divertidos y promueven el juego imaginativo tambi\u00e9n!<\/p>\n<ul class=\"a-unordered-list a-vertical a-spacing-mini\">\n<li><span class=\"a-list-item\">Conoce a la beb\u00e9 que llora. Ella llora l\u00e1grimas reales y hace sonidos realistas del beb\u00e9 cuando se quita su chupete. Dale dulces abrazos o col\u00f3cala suavemente para evitar que llore. Ella tambi\u00e9n viene con su propio mono cambiable con tem\u00e1tica de mariquita. Los beb\u00e9s lloran son muy divertidos y promueven el juego imaginativo.<\/span><\/li>\n<li><span class=\"a-list-item\">Solo tienes que a\u00f1adir agua y llorar\u00e1n por arte de magia l\u00e1grimas reales.<\/span><\/li>\n<li><span class=\"a-list-item\">Saca su chupete y comenzar\u00e1n a llorar como un beb\u00e9 real.<\/span><\/li>\n<li><span class=\"a-list-item\">Ayuda a calmar a tu beb\u00e9 llorando poniendo el chupete en su boca o suavemente tumb\u00e1ndolos y dejar\u00e1n de llorar.<\/span><\/li>\n<li><span class=\"a-list-item\">Cada mu\u00f1eca viene con un chupete adjunto y un mono de impresi\u00f3n animal intercambiable.<\/span><\/li>\n<li><span class=\"a-list-item\">Cabeza totalmente articulada, brazos y piernas para mayor valor de juego.<\/span><\/li>\n<\/ul>\n","protected":false},"excerpt":{"rendered":"<p>\u00a1Conozcan a los beb\u00e9s llorones! Lloran l\u00e1grimas reales y hacen sonidos de beb\u00e9 realistas cuando les quitas el chupete! Tambi\u00e9n vienen con su propio pelele con estampado de animales. Los<\/p>\n","protected":false},"featured_media":19771,"comment_status":"open","ping_status":"closed","template":"","meta":{"_acf_changed":false,"_joinchat":[]},"product_brand":[],"product_cat":[886,1097,1191],"product_tag":[],"class_list":{"0":"post-19767","1":"product","2":"type-product","3":"status-publish","4":"has-post-thumbnail","6":"product_cat-juguetesycoleccionables","7":"product_cat-juguetes","8":"product_cat-munecas-y-accesorios","10":"first","11":"instock","12":"sale","13":"shipping-taxable","14":"purchasable","15":"product-type-simple"},"acf":[],"_links":{"self":[{"href":"https:\/\/defabrica.com.mx\/defabrica\/wp-json\/wp\/v2\/product\/19767","targetHints":{"allow":["GET"]}}],"collection":[{"href":"https:\/\/defabrica.com.mx\/defabrica\/wp-json\/wp\/v2\/product"}],"about":[{"href":"https:\/\/defabrica.com.mx\/defabrica\/wp-json\/wp\/v2\/types\/product"}],"replies":[{"embeddable":true,"href":"https:\/\/defabrica.com.mx\/defabrica\/wp-json\/wp\/v2\/comments?post=19767"}],"wp:featuredmedia":[{"embeddable":true,"href":"https:\/\/defabrica.com.mx\/defabrica\/wp-json\/wp\/v2\/media\/19771"}],"wp:attachment":[{"href":"https:\/\/defabrica.com.mx\/defabrica\/wp-json\/wp\/v2\/media?parent=19767"}],"wp:term":[{"taxonomy":"product_brand","embeddable":true,"href":"https:\/\/defabrica.com.mx\/defabrica\/wp-json\/wp\/v2\/product_brand?post=19767"},{"taxonomy":"product_cat","embeddable":true,"href":"https:\/\/defabrica.com.mx\/defabrica\/wp-json\/wp\/v2\/product_cat?post=19767"},{"taxonomy":"product_tag","embeddable":true,"href":"https:\/\/defabrica.com.mx\/defabrica\/wp-json\/wp\/v2\/product_tag?post=19767"}],"curies":[{"name":"wp","href":"https:\/\/api.w.org\/{rel}","templated":true}]}}