{"id":19678,"date":"2020-12-08T13:57:36","date_gmt":"2020-12-08T19:57:36","guid":{"rendered":"https:\/\/defabrica.com.mx\/defabrica\/?post_type=product&#038;p=19678"},"modified":"2023-01-28T10:49:47","modified_gmt":"2023-01-28T16:49:47","slug":"juego-de-15-piezas-barbie","status":"publish","type":"product","link":"https:\/\/defabrica.com.mx\/defabrica\/producto\/juego-de-15-piezas-barbie\/","title":{"rendered":"Barbie Deluxe Pet Dreamhouse &#8211; Juego de mu\u00f1ecas"},"content":{"rendered":"<p>\u00a1Ahora puedes hacer tus cachorros de bolsillo en casa con Barbie Pet Dreamhouse Deluxe Playset!\u00a0El Pet Dreamhouse Playset est\u00e1 m\u00e1s all\u00e1 de lo que cualquier mascota podr\u00eda so\u00f1ar e incluye amplios accesorios.\u00a0La casa es perfecta para juegos de dos lados y cuenta con un tobog\u00e1n, un columpio y un elevador que funciona para llevar mascotas del primer al segundo piso.\u00a0El juego tambi\u00e9n incluye tres mascotas, m\u00e1s una mascota sorpresa, dos transportines para mascotas, un dispensador de comida con hueso, un carrusel, una mascota convertible, una piscina y una caseta para perros.\u00a0Adem\u00e1s, busque otros juegos de mascotas Barbie y con\u00e9ctelos para crear su propia ciudad peluda.\u00a0A partir de 3 a\u00f1os<\/p>\n<ul>\n<li>El juego incluye una mascota Dreamhouse, tres mascotas, m\u00e1s una mascota sorpresa, dos transportines para mascotas, un dispensador de comida con hueso, un carrusel, una mascota convertible, una piscina y una caseta para perros.<\/li>\n<li>Cada mascota mide 1 \u201dde alto.<\/li>\n<li>\u00a1Perfecto tanto para jugar como para exhibir!<\/li>\n<li>A partir de 3 a\u00f1os<\/li>\n<\/ul>\n","protected":false},"excerpt":{"rendered":"<p>\u00a1Ahora puedes hacer tus cachorros de bolsillo en casa con Barbie Pet Dreamhouse Deluxe Playset!\u00a0El Pet Dreamhouse Playset est\u00e1 m\u00e1s all\u00e1 de lo que cualquier mascota podr\u00eda so\u00f1ar e incluye<\/p>\n","protected":false},"featured_media":19682,"comment_status":"open","ping_status":"closed","template":"","meta":{"_acf_changed":false,"_joinchat":[]},"product_brand":[],"product_cat":[886,1097,1191],"product_tag":[],"class_list":{"0":"post-19678","1":"product","2":"type-product","3":"status-publish","4":"has-post-thumbnail","6":"product_cat-juguetesycoleccionables","7":"product_cat-juguetes","8":"product_cat-munecas-y-accesorios","10":"first","11":"instock","12":"sale","13":"shipping-taxable","14":"purchasable","15":"product-type-simple"},"acf":[],"_links":{"self":[{"href":"https:\/\/defabrica.com.mx\/defabrica\/wp-json\/wp\/v2\/product\/19678","targetHints":{"allow":["GET"]}}],"collection":[{"href":"https:\/\/defabrica.com.mx\/defabrica\/wp-json\/wp\/v2\/product"}],"about":[{"href":"https:\/\/defabrica.com.mx\/defabrica\/wp-json\/wp\/v2\/types\/product"}],"replies":[{"embeddable":true,"href":"https:\/\/defabrica.com.mx\/defabrica\/wp-json\/wp\/v2\/comments?post=19678"}],"wp:featuredmedia":[{"embeddable":true,"href":"https:\/\/defabrica.com.mx\/defabrica\/wp-json\/wp\/v2\/media\/19682"}],"wp:attachment":[{"href":"https:\/\/defabrica.com.mx\/defabrica\/wp-json\/wp\/v2\/media?parent=19678"}],"wp:term":[{"taxonomy":"product_brand","embeddable":true,"href":"https:\/\/defabrica.com.mx\/defabrica\/wp-json\/wp\/v2\/product_brand?post=19678"},{"taxonomy":"product_cat","embeddable":true,"href":"https:\/\/defabrica.com.mx\/defabrica\/wp-json\/wp\/v2\/product_cat?post=19678"},{"taxonomy":"product_tag","embeddable":true,"href":"https:\/\/defabrica.com.mx\/defabrica\/wp-json\/wp\/v2\/product_tag?post=19678"}],"curies":[{"name":"wp","href":"https:\/\/api.w.org\/{rel}","templated":true}]}}