{"id":19663,"date":"2020-12-08T13:39:07","date_gmt":"2020-12-08T19:39:07","guid":{"rendered":"https:\/\/defabrica.com.mx\/defabrica\/?post_type=product&#038;p=19663"},"modified":"2023-01-28T10:48:57","modified_gmt":"2023-01-28T16:48:57","slug":"tienda-de-campana-emergente-barbie","status":"publish","type":"product","link":"https:\/\/defabrica.com.mx\/defabrica\/producto\/tienda-de-campana-emergente-barbie\/","title":{"rendered":"Barbie &#8211; Tienda de campa\u00f1a Sunny Days Toys"},"content":{"rendered":"<p>Sunny Days Toys Barbie Popup Camper Tent Los sue\u00f1os de los ni\u00f1os pueden hacerse realidad con la Sunny Days Barbie Dream Camper Pop-Up Tent.\u00a0Con colores brillantes y atractivos y un dise\u00f1o realista, la imaginaci\u00f3n de los ni\u00f1os cobrar\u00e1 vida cuando salgan a la carretera con Barbie.\u00a0El interior m\u00e1s espacioso y espacioso lo convierte en el espacio perfecto para pasar el rato mientras brinda horas de diversi\u00f3n creativa e imaginativa.\u00a0Los ni\u00f1os pueden meterse en la tienda a trav\u00e9s de la puerta de entrada trasera oculta, una vez dentro, pueden mirar por las dos aberturas del techo.\u00a0Dise\u00f1ada pensando en la seguridad, la carpa tiene esquinas redondeadas, costuras duraderas y material seguro.\u00a0\u00a1A los clientes les encantar\u00e1 el sencillo dise\u00f1o emergente para un montaje sin problemas, un f\u00e1cil almacenamiento y diversi\u00f3n en movimiento!<\/p>\n<ul>\n<li><strong>Creatividad y juego imaginario:<\/strong> d\u00e9 a los ni\u00f1os su propio lugar para pasar el rato.\u00a0La carpa se puede utilizar como un lugar para jugar con juguetes, leer o montar un campamento con Barbie.\u00a0El arte ic\u00f3nico y de alta calidad de Barbie Dream Camper ayuda a promover el juego de roles realista y la creatividad.<\/li>\n<li><strong>Tienda de juegos espaciosa<\/strong>: las m\u00faltiples aberturas mantienen a los ni\u00f1os ocupados.\u00a0Los ni\u00f1os pueden meterse en la caravana a trav\u00e9s de la puerta de entrada trasera oculta, una vez dentro, pueden mirar por la abertura del techo.\u00a0\u00a1Utilice la entrada trasera para una mayor supervisi\u00f3n o un divertido juego de escondidas!<\/li>\n<li><strong>Diversi\u00f3n durante todo el a\u00f1o:<\/strong> los sue\u00f1os de los ni\u00f1os pueden hacerse realidad con la carpa de juegos emergente Sunny Days Barbie Dream Camper.\u00a0Esta carpa es el mejor espacio de juego para que cualquier amante de Barbie disfrute del juego durante todo el a\u00f1o.<\/li>\n<li><strong>F\u00e1cil montaje y almacenamiento r\u00e1pido:<\/strong> el dise\u00f1o emergente permite un montaje sin problemas.\u00a0Simplemente abra la carpa y estar\u00e1 listo para comenzar.\u00a0\u00a1Sin necesidad de herramientas!\u00a0Cuando termina el tiempo de juego, la carpa se pliega para facilitar el almacenamiento.<\/li>\n<li><strong>Seguro y duradero:<\/strong> dise\u00f1ado pensando en la seguridad, la carpa tiene esquinas redondeadas, costuras duraderas y material seguro.\u00a0El dise\u00f1o extra espacioso, sin piso, lo convierte en un lugar seguro y divertido para pasar el rato.<\/li>\n<\/ul>\n","protected":false},"excerpt":{"rendered":"<p>Sunny Days Toys Barbie Popup Camper Tent Los sue\u00f1os de los ni\u00f1os pueden hacerse realidad con la Sunny Days Barbie Dream Camper Pop-Up Tent.\u00a0Con colores brillantes y atractivos y un<\/p>\n","protected":false},"featured_media":19676,"comment_status":"open","ping_status":"closed","template":"","meta":{"_acf_changed":false,"_joinchat":[]},"product_brand":[],"product_cat":[886,1097,1191],"product_tag":[],"class_list":{"0":"post-19663","1":"product","2":"type-product","3":"status-publish","4":"has-post-thumbnail","6":"product_cat-juguetesycoleccionables","7":"product_cat-juguetes","8":"product_cat-munecas-y-accesorios","10":"first","11":"instock","12":"sale","13":"shipping-taxable","14":"purchasable","15":"product-type-simple"},"acf":[],"_links":{"self":[{"href":"https:\/\/defabrica.com.mx\/defabrica\/wp-json\/wp\/v2\/product\/19663","targetHints":{"allow":["GET"]}}],"collection":[{"href":"https:\/\/defabrica.com.mx\/defabrica\/wp-json\/wp\/v2\/product"}],"about":[{"href":"https:\/\/defabrica.com.mx\/defabrica\/wp-json\/wp\/v2\/types\/product"}],"replies":[{"embeddable":true,"href":"https:\/\/defabrica.com.mx\/defabrica\/wp-json\/wp\/v2\/comments?post=19663"}],"wp:featuredmedia":[{"embeddable":true,"href":"https:\/\/defabrica.com.mx\/defabrica\/wp-json\/wp\/v2\/media\/19676"}],"wp:attachment":[{"href":"https:\/\/defabrica.com.mx\/defabrica\/wp-json\/wp\/v2\/media?parent=19663"}],"wp:term":[{"taxonomy":"product_brand","embeddable":true,"href":"https:\/\/defabrica.com.mx\/defabrica\/wp-json\/wp\/v2\/product_brand?post=19663"},{"taxonomy":"product_cat","embeddable":true,"href":"https:\/\/defabrica.com.mx\/defabrica\/wp-json\/wp\/v2\/product_cat?post=19663"},{"taxonomy":"product_tag","embeddable":true,"href":"https:\/\/defabrica.com.mx\/defabrica\/wp-json\/wp\/v2\/product_tag?post=19663"}],"curies":[{"name":"wp","href":"https:\/\/api.w.org\/{rel}","templated":true}]}}